{"id":698967,"date":"2025-08-27T14:48:19","date_gmt":"2025-08-27T11:48:19","guid":{"rendered":"https:\/\/roveyayinevi.com.tr\/index.php\/urun\/yilgin-turkler\/"},"modified":"2026-04-16T02:08:22","modified_gmt":"2026-04-15T23:08:22","slug":"yilgin-turkler","status":"publish","type":"product","link":"https:\/\/roveyayinevi.com.tr\/index.php\/urun\/yilgin-turkler\/","title":{"rendered":"Y\u0131lg\u0131n T\u00fcrkler"},"content":{"rendered":"<p>\u00c7ok az kitap bu kadar okundu, bu kadar tart\u0131\u015f\u0131ld\u0131 ve yazar\u0131n\u0131 bu kadar tan\u0131n\u0131r k\u0131ld\u0131.B\u00fclent Aky\u00fcrek&#8217;i cesur romanlar\u0131 ve olay yaratan konu\u015fmalar\u0131ndan tan\u0131yoruz. Sert dili ve kalemiyle hep s\u00f6ylenemeyenleri s\u00f6yledi. Hi\u00e7 susmad\u0131, hi\u00e7 esnemedi&#8230; Yay\u0131nevimiz ilk yay\u0131nland\u0131\u011f\u0131nda Bestseller olan ve bu \u00f6zelli\u011fini y\u0131llard\u0131r yitirmeyen &#8220;Y\u0131lg\u0131n T\u00fcrkler&#8221;in geni\u015fletilmi\u015f ve g\u00f6zden ge\u00e7irilmi\u015f yeni bask\u0131s\u0131n\u0131 sunmaktan gurur duyar&#8230;Bu kitap, d\u00fcnya tarihinin en yorgun, en y\u0131lg\u0131n milletine agresif, h\u00fcz\u00fcnl\u00fc ve trajikomik bir son \u00e7a\u011fr\u0131d\u0131r. <\/p>\n","protected":false},"excerpt":{"rendered":"<p>\u00c7ok az kitap bu kadar okundu, bu kadar tart\u0131\u015f\u0131ld\u0131 ve yazar\u0131n\u0131 bu kadar tan\u0131n\u0131r k\u0131ld\u0131.B\u00fclent Aky\u00fcrek&#8217;i cesur romanlar\u0131 ve olay yaratan konu\u015fmalar\u0131ndan tan\u0131yoruz. Sert dili ve<span class=\"excerpt-hellip\"> [\u2026]<\/span><\/p>\n","protected":false},"featured_media":0,"template":"","meta":{"_monsterinsights_skip_tracking":false,"_monsterinsights_sitenote_active":false,"_monsterinsights_sitenote_note":"","_monsterinsights_sitenote_category":0},"product_brand":[],"product_cat":[12777,12291],"product_tag":[],"class_list":{"0":"post-698967","1":"product","2":"type-product","3":"status-publish","5":"product_cat-deneme","6":"product_cat-edebiyat","7":"pa_cilt-ciltsiz","8":"pa_tur-kitap","9":"pa_yayinevi-c4-kitap","10":"pa_yazar-bulent-akyurek","12":"first","13":"instock","14":"sale","15":"shipping-taxable","16":"purchasable","17":"product-type-simple"},"_links":{"self":[{"href":"https:\/\/roveyayinevi.com.tr\/index.php\/wp-json\/wp\/v2\/product\/698967","targetHints":{"allow":["GET"]}}],"collection":[{"href":"https:\/\/roveyayinevi.com.tr\/index.php\/wp-json\/wp\/v2\/product"}],"about":[{"href":"https:\/\/roveyayinevi.com.tr\/index.php\/wp-json\/wp\/v2\/types\/product"}],"wp:attachment":[{"href":"https:\/\/roveyayinevi.com.tr\/index.php\/wp-json\/wp\/v2\/media?parent=698967"}],"wp:term":[{"taxonomy":"product_brand","embeddable":true,"href":"https:\/\/roveyayinevi.com.tr\/index.php\/wp-json\/wp\/v2\/product_brand?post=698967"},{"taxonomy":"product_cat","embeddable":true,"href":"https:\/\/roveyayinevi.com.tr\/index.php\/wp-json\/wp\/v2\/product_cat?post=698967"},{"taxonomy":"product_tag","embeddable":true,"href":"https:\/\/roveyayinevi.com.tr\/index.php\/wp-json\/wp\/v2\/product_tag?post=698967"}],"curies":[{"name":"wp","href":"https:\/\/api.w.org\/{rel}","templated":true}]}}