{"id":698962,"date":"2025-08-27T14:48:18","date_gmt":"2025-08-27T11:48:18","guid":{"rendered":"https:\/\/roveyayinevi.com.tr\/index.php\/urun\/egitim-surecinde-odev\/"},"modified":"2026-04-16T02:08:22","modified_gmt":"2026-04-15T23:08:22","slug":"egitim-surecinde-odev","status":"publish","type":"product","link":"https:\/\/roveyayinevi.com.tr\/index.php\/urun\/egitim-surecinde-odev\/","title":{"rendered":"E\u011fitim S\u00fcrecinde \u00d6dev"},"content":{"rendered":"<p>Bu kitap, ilk\u00f6\u011fretim \u00f6\u011frencilerine \u00f6\u011fretmenleri taraf\u0131ndan ders d\u0131\u015f\u0131 zamanlarda haz\u0131rlamalar\u0131 i\u00e7in verilen ; bazen haz\u0131rl\u0131k, \u00e7o\u011fu kez de derste \u00f6\u011frenilenleri peki\u015ftirme, geni\u015fletme ve tamamlamay\u0131 ama\u00e7layan ve &#8216; \u00f6\u011fretmen, \u00f6\u011frenci, veli &#8216; \u00fc\u00e7geninde \u00f6nemli bir sorun olarak kar\u015f\u0131m\u0131za \u00e7\u0131kan \u00f6dev konusunda rehberlik etmek amac\u0131yla yaz\u0131lm\u0131\u015ft\u0131r. Kitapta \u00f6ncelikle \u00f6\u011frenme ve \u00f6\u011fretme s\u00fcreci, \u00e7oklu zek\u00e2 ve ders \u00e7al\u0131\u015fma becerileri \u00fczerinde durulmu\u015ftur. \u00d6dev ve \u00f6dev t\u00fcrleri a\u00e7\u0131kland\u0131ktan sonra \u00f6devlerin \u00f6zelliklerinden s\u00f6z edilmi\u015ftir. \u00d6\u011frenci, \u00f6\u011fretmen ve aileler a\u00e7\u0131s\u0131ndan \u00f6neriler getirilmi\u015ftir. \ufffcTan\u0131t\u0131m Metni<\/p>\n","protected":false},"excerpt":{"rendered":"<p>Bu kitap, ilk\u00f6\u011fretim \u00f6\u011frencilerine \u00f6\u011fretmenleri taraf\u0131ndan ders d\u0131\u015f\u0131 zamanlarda haz\u0131rlamalar\u0131 i\u00e7in verilen ; bazen haz\u0131rl\u0131k, \u00e7o\u011fu kez de derste \u00f6\u011frenilenleri peki\u015ftirme, geni\u015fletme ve tamamlamay\u0131 ama\u00e7layan ve<span class=\"excerpt-hellip\"> [\u2026]<\/span><\/p>\n","protected":false},"featured_media":0,"template":"","meta":{"_monsterinsights_skip_tracking":false,"_monsterinsights_sitenote_active":false,"_monsterinsights_sitenote_note":"","_monsterinsights_sitenote_category":0},"product_brand":[],"product_cat":[12312,12304],"product_tag":[],"class_list":{"0":"post-698962","1":"product","2":"type-product","3":"status-publish","5":"product_cat-diger","6":"product_cat-tarih","7":"pa_cilt-ciltsiz","8":"pa_tur-kitap","9":"pa_yayinevi-ani-yayincilik","10":"pa_yazar-adil-turkoglu","12":"first","13":"instock","14":"sale","15":"shipping-taxable","16":"purchasable","17":"product-type-simple"},"_links":{"self":[{"href":"https:\/\/roveyayinevi.com.tr\/index.php\/wp-json\/wp\/v2\/product\/698962","targetHints":{"allow":["GET"]}}],"collection":[{"href":"https:\/\/roveyayinevi.com.tr\/index.php\/wp-json\/wp\/v2\/product"}],"about":[{"href":"https:\/\/roveyayinevi.com.tr\/index.php\/wp-json\/wp\/v2\/types\/product"}],"wp:attachment":[{"href":"https:\/\/roveyayinevi.com.tr\/index.php\/wp-json\/wp\/v2\/media?parent=698962"}],"wp:term":[{"taxonomy":"product_brand","embeddable":true,"href":"https:\/\/roveyayinevi.com.tr\/index.php\/wp-json\/wp\/v2\/product_brand?post=698962"},{"taxonomy":"product_cat","embeddable":true,"href":"https:\/\/roveyayinevi.com.tr\/index.php\/wp-json\/wp\/v2\/product_cat?post=698962"},{"taxonomy":"product_tag","embeddable":true,"href":"https:\/\/roveyayinevi.com.tr\/index.php\/wp-json\/wp\/v2\/product_tag?post=698962"}],"curies":[{"name":"wp","href":"https:\/\/api.w.org\/{rel}","templated":true}]}}