{"id":698961,"date":"2025-08-27T14:48:18","date_gmt":"2025-08-27T11:48:18","guid":{"rendered":"https:\/\/roveyayinevi.com.tr\/index.php\/urun\/turkiyeyi-anlamak\/"},"modified":"2026-04-16T02:08:22","modified_gmt":"2026-04-15T23:08:22","slug":"turkiyeyi-anlamak","status":"publish","type":"product","link":"https:\/\/roveyayinevi.com.tr\/index.php\/urun\/turkiyeyi-anlamak\/","title":{"rendered":"T\u00fcrkiye\u2019yi Anlamak"},"content":{"rendered":"<p>De\u011fi\u015fimin zorunlulu\u011fu kar\u015f\u0131s\u0131ndaki uzun direni\u015f y\u0131llar\u0131n\u0131n tahlili, zihni adaptasyonun ba\u015far\u0131yla tamamland\u0131\u011f\u0131 d\u00fc\u015f\u00fcn\u00fcl\u00fcrken toplumun i\u00e7ten i\u00e7e savruldu\u011fu d\u00f6neme dair de\u011ferlendirmeler ve ayakta kalma \u00e7abas\u0131 i\u00e7indeki bir \u00fclkenin nerelerde ve ni\u00e7in t\u0131kand\u0131\u011f\u0131n\u0131 anlamam\u0131z\u0131 sa\u011flayan g\u00f6zlem, analiz ve yorumlamalar&#8230; <\/p>\n","protected":false},"excerpt":{"rendered":"<p>De\u011fi\u015fimin zorunlulu\u011fu kar\u015f\u0131s\u0131ndaki uzun direni\u015f y\u0131llar\u0131n\u0131n tahlili, zihni adaptasyonun ba\u015far\u0131yla tamamland\u0131\u011f\u0131 d\u00fc\u015f\u00fcn\u00fcl\u00fcrken toplumun i\u00e7ten i\u00e7e savruldu\u011fu d\u00f6neme dair de\u011ferlendirmeler ve ayakta kalma \u00e7abas\u0131 i\u00e7indeki bir \u00fclkenin<span class=\"excerpt-hellip\"> [\u2026]<\/span><\/p>\n","protected":false},"featured_media":0,"template":"","meta":{"_monsterinsights_skip_tracking":false,"_monsterinsights_sitenote_active":false,"_monsterinsights_sitenote_note":"","_monsterinsights_sitenote_category":0},"product_brand":[],"product_cat":[12351,12324],"product_tag":[],"class_list":{"0":"post-698961","1":"product","2":"type-product","3":"status-publish","5":"product_cat-siyaset-sosyolojisi","6":"product_cat-sosyoloji","7":"pa_tur-kitap","8":"pa_yayinevi-profil-kitap","9":"pa_yazar-etyen-mahcupyan","11":"first","12":"instock","13":"sale","14":"shipping-taxable","15":"purchasable","16":"product-type-simple"},"_links":{"self":[{"href":"https:\/\/roveyayinevi.com.tr\/index.php\/wp-json\/wp\/v2\/product\/698961","targetHints":{"allow":["GET"]}}],"collection":[{"href":"https:\/\/roveyayinevi.com.tr\/index.php\/wp-json\/wp\/v2\/product"}],"about":[{"href":"https:\/\/roveyayinevi.com.tr\/index.php\/wp-json\/wp\/v2\/types\/product"}],"wp:attachment":[{"href":"https:\/\/roveyayinevi.com.tr\/index.php\/wp-json\/wp\/v2\/media?parent=698961"}],"wp:term":[{"taxonomy":"product_brand","embeddable":true,"href":"https:\/\/roveyayinevi.com.tr\/index.php\/wp-json\/wp\/v2\/product_brand?post=698961"},{"taxonomy":"product_cat","embeddable":true,"href":"https:\/\/roveyayinevi.com.tr\/index.php\/wp-json\/wp\/v2\/product_cat?post=698961"},{"taxonomy":"product_tag","embeddable":true,"href":"https:\/\/roveyayinevi.com.tr\/index.php\/wp-json\/wp\/v2\/product_tag?post=698961"}],"curies":[{"name":"wp","href":"https:\/\/api.w.org\/{rel}","templated":true}]}}