{"id":698959,"date":"2025-08-27T14:48:17","date_gmt":"2025-08-27T11:48:17","guid":{"rendered":"https:\/\/roveyayinevi.com.tr\/index.php\/urun\/bes-parasizdim-ve-kadin-cok-guzeldi\/"},"modified":"2026-04-16T02:08:22","modified_gmt":"2026-04-15T23:08:22","slug":"bes-parasizdim-ve-kadin-cok-guzeldi","status":"publish","type":"product","link":"https:\/\/roveyayinevi.com.tr\/index.php\/urun\/bes-parasizdim-ve-kadin-cok-guzeldi\/","title":{"rendered":"Be\u015f Paras\u0131zd\u0131m ve Kad\u0131n \u00c7ok G\u00fczeldi"},"content":{"rendered":"<p>D\u00fcnya Gen\u00e7ler Satran\u00e7 \u015eampiyonu olarak girdi\u011fim \u0130stihbarat\u2019tan, iki y\u0131l \u00f6nce k\u0131\u00e7\u0131ma tekmeyi vurarak kovmu\u015flard\u0131 beni&#8230; \u0130stanbul\u2019a mis gibi kar ya\u011f\u0131yordu. Bir kad\u0131n, bir y\u0131ldan beri pinekledi\u011fim barda beni bulmu\u015f ve kay\u0131p babas\u0131n\u0131 aramam i\u00e7in iki y\u00fcz bin lira teklif etmi\u015fti&#8230; \u0130\u015fi kabul ettim, \u00e7\u00fcnk\u00fc be\u015f paras\u0131zd\u0131m ve kad\u0131n \u00e7ok g\u00fczeldi&#8230; \u00dcstelik her ge\u00e7en g\u00fcn daha da \u00e7\u00fcr\u00fcyen i\u00e7imdeki adam\u0131 da kurtarabilirdim belki&#8230; Yolumun, bir d\u00f6nemin en az\u0131l\u0131 katiliyle kesi\u015fece\u011fini nereden bilirdim ki?\u0130\u015fte \u015fu an ben kanlar i\u00e7inde yerde yatarken katil tepemde dikiliyordu. \u201cBu i\u015fler satran\u00e7 oynamaya benzemez\u201d dedi.\u00dc\u00e7 el silah sesi daha duydum.Kafama s\u0131km\u0131\u015f olmal\u0131yd\u0131. Zaman\u0131 gelmi\u015fti: Ruhum kanlar i\u00e7indeki bedenimden ayr\u0131lm\u0131\u015f g\u00f6ky\u00fcz\u00fcne do\u011fru havalan\u0131yordu. <\/p>\n","protected":false},"excerpt":{"rendered":"<p>D\u00fcnya Gen\u00e7ler Satran\u00e7 \u015eampiyonu olarak girdi\u011fim \u0130stihbarat\u2019tan, iki y\u0131l \u00f6nce k\u0131\u00e7\u0131ma tekmeyi vurarak kovmu\u015flard\u0131 beni&#8230; \u0130stanbul\u2019a mis gibi kar ya\u011f\u0131yordu. Bir kad\u0131n, bir y\u0131ldan beri pinekledi\u011fim<span class=\"excerpt-hellip\"> [\u2026]<\/span><\/p>\n","protected":false},"featured_media":0,"template":"","meta":{"_monsterinsights_skip_tracking":false,"_monsterinsights_sitenote_active":false,"_monsterinsights_sitenote_note":"","_monsterinsights_sitenote_category":0},"product_brand":[],"product_cat":[12291,12292],"product_tag":[],"class_list":{"0":"post-698959","1":"product","2":"type-product","3":"status-publish","5":"product_cat-edebiyat","6":"product_cat-turk-edebiyati","7":"pa_cilt-ciltsiz","8":"pa_tur-kitap","9":"pa_yayinevi-kirmizi-kedi-yayinevi","10":"pa_yazar-dervis-sentekin","12":"first","13":"instock","14":"sale","15":"shipping-taxable","16":"purchasable","17":"product-type-simple"},"_links":{"self":[{"href":"https:\/\/roveyayinevi.com.tr\/index.php\/wp-json\/wp\/v2\/product\/698959","targetHints":{"allow":["GET"]}}],"collection":[{"href":"https:\/\/roveyayinevi.com.tr\/index.php\/wp-json\/wp\/v2\/product"}],"about":[{"href":"https:\/\/roveyayinevi.com.tr\/index.php\/wp-json\/wp\/v2\/types\/product"}],"wp:attachment":[{"href":"https:\/\/roveyayinevi.com.tr\/index.php\/wp-json\/wp\/v2\/media?parent=698959"}],"wp:term":[{"taxonomy":"product_brand","embeddable":true,"href":"https:\/\/roveyayinevi.com.tr\/index.php\/wp-json\/wp\/v2\/product_brand?post=698959"},{"taxonomy":"product_cat","embeddable":true,"href":"https:\/\/roveyayinevi.com.tr\/index.php\/wp-json\/wp\/v2\/product_cat?post=698959"},{"taxonomy":"product_tag","embeddable":true,"href":"https:\/\/roveyayinevi.com.tr\/index.php\/wp-json\/wp\/v2\/product_tag?post=698959"}],"curies":[{"name":"wp","href":"https:\/\/api.w.org\/{rel}","templated":true}]}}