{"id":698957,"date":"2025-08-27T14:48:16","date_gmt":"2025-08-27T11:48:16","guid":{"rendered":"https:\/\/roveyayinevi.com.tr\/index.php\/urun\/cephe-arkadasi-canakkale-cephesinde-bir-istanbullu\/"},"modified":"2026-04-16T02:08:22","modified_gmt":"2026-04-15T23:08:22","slug":"cephe-arkadasi-canakkale-cephesinde-bir-istanbullu","status":"publish","type":"product","link":"https:\/\/roveyayinevi.com.tr\/index.php\/urun\/cephe-arkadasi-canakkale-cephesinde-bir-istanbullu\/","title":{"rendered":"Cephe Arkada\u015f\u0131 : \u00c7anakkale Cephesi&#8217;nde Bir \u0130stanbullu"},"content":{"rendered":"<p>\u201cVe bu [\u00c7anakkale M\u00fcdafaas\u0131] \u00f6yle mukaddes bir m\u00fcdafaa ki M\u00fcsl\u00fcmanlar\u0131 cidden z\u00ee\u015fan eylemektedir. T\u00fcrbe-i p\u00fcr-n\u00fbr-\u0131 Muhammed\u00ee\u2019de u\u00e7an meleklerin a\u011flayarak muavenete ko\u015ftuklar\u0131 T\u00fcrk\u2019\u00fcn harikalar nevinden icat etti\u011fi [yapt\u0131\u011f\u0131] bu m\u00fcdafaa aras\u0131nda bulunmak, bundan fedak\u00e2rane \u00f6lmeyi istememek bilmem k\u00e2bil olabilir mi?\u201d <\/p>\n","protected":false},"excerpt":{"rendered":"<p>\u201cVe bu [\u00c7anakkale M\u00fcdafaas\u0131] \u00f6yle mukaddes bir m\u00fcdafaa ki M\u00fcsl\u00fcmanlar\u0131 cidden z\u00ee\u015fan eylemektedir. T\u00fcrbe-i p\u00fcr-n\u00fbr-\u0131 Muhammed\u00ee\u2019de u\u00e7an meleklerin a\u011flayarak muavenete ko\u015ftuklar\u0131 T\u00fcrk\u2019\u00fcn harikalar nevinden icat etti\u011fi<span class=\"excerpt-hellip\"> [\u2026]<\/span><\/p>\n","protected":false},"featured_media":0,"template":"","meta":{"_monsterinsights_skip_tracking":false,"_monsterinsights_sitenote_active":false,"_monsterinsights_sitenote_note":"","_monsterinsights_sitenote_category":0},"product_brand":[],"product_cat":[13701,12291],"product_tag":[],"class_list":{"0":"post-698957","1":"product","2":"type-product","3":"status-publish","5":"product_cat-ani-mektup-gunluk","6":"product_cat-edebiyat","7":"pa_tur-kitap","8":"pa_yayinevi-timas-yayinlari","9":"pa_yazar-mehmet-halit-bayri","11":"first","12":"instock","13":"sale","14":"shipping-taxable","15":"purchasable","16":"product-type-simple"},"_links":{"self":[{"href":"https:\/\/roveyayinevi.com.tr\/index.php\/wp-json\/wp\/v2\/product\/698957","targetHints":{"allow":["GET"]}}],"collection":[{"href":"https:\/\/roveyayinevi.com.tr\/index.php\/wp-json\/wp\/v2\/product"}],"about":[{"href":"https:\/\/roveyayinevi.com.tr\/index.php\/wp-json\/wp\/v2\/types\/product"}],"wp:attachment":[{"href":"https:\/\/roveyayinevi.com.tr\/index.php\/wp-json\/wp\/v2\/media?parent=698957"}],"wp:term":[{"taxonomy":"product_brand","embeddable":true,"href":"https:\/\/roveyayinevi.com.tr\/index.php\/wp-json\/wp\/v2\/product_brand?post=698957"},{"taxonomy":"product_cat","embeddable":true,"href":"https:\/\/roveyayinevi.com.tr\/index.php\/wp-json\/wp\/v2\/product_cat?post=698957"},{"taxonomy":"product_tag","embeddable":true,"href":"https:\/\/roveyayinevi.com.tr\/index.php\/wp-json\/wp\/v2\/product_tag?post=698957"}],"curies":[{"name":"wp","href":"https:\/\/api.w.org\/{rel}","templated":true}]}}