{"id":698956,"date":"2025-08-27T14:48:16","date_gmt":"2025-08-27T11:48:16","guid":{"rendered":"https:\/\/roveyayinevi.com.tr\/index.php\/urun\/genc-bilimadamina-mektuplar\/"},"modified":"2026-04-16T02:08:22","modified_gmt":"2026-04-15T23:08:22","slug":"genc-bilimadamina-mektuplar","status":"publish","type":"product","link":"https:\/\/roveyayinevi.com.tr\/index.php\/urun\/genc-bilimadamina-mektuplar\/","title":{"rendered":"Gen\u00e7 Bilimadam\u0131na Mektuplar"},"content":{"rendered":"<p>\u0130ki kez Pulitzer \u00d6d\u00fcl\u00fc kazanan biyolog Edward O. Wilson bu kitab\u0131nda gen\u00e7 ara\u015ft\u0131rmac\u0131lara, \u00e7al\u0131\u015fma alan\u0131 bulma, bir yol g\u00f6sterici se\u00e7me ve bilimsel teoriyi ger\u00e7ek d\u00fcnyaya uygulama gibi konularda tavsiyelerde bulunuyor. Yazar, gen\u00e7 bilim insanlar\u0131na bilimsel bulu\u015f ve ke\u015fifleri nas\u0131l ger\u00e7ekle\u015ftirecekleri konusunda yol g\u00f6stermekle kalm\u0131yor, ayn\u0131 zamanda onlara bilimde neden ba\u015far\u0131l\u0131 olmalar\u0131 gerekti\u011fini de \u00e7ok a\u00e7\u0131k bir dille anlat\u0131yor. B\u00f6ylece gen\u00e7 bilimcilere birtak\u0131m pratik \u00f6\u011f\u00fctlerin yan\u0131 s\u0131ra felsefi bir bak\u0131\u015f a\u00e7\u0131s\u0131 da sunmu\u015f oluyor. <\/p>\n","protected":false},"excerpt":{"rendered":"<p>\u0130ki kez Pulitzer \u00d6d\u00fcl\u00fc kazanan biyolog Edward O. Wilson bu kitab\u0131nda gen\u00e7 ara\u015ft\u0131rmac\u0131lara, \u00e7al\u0131\u015fma alan\u0131 bulma, bir yol g\u00f6sterici se\u00e7me ve bilimsel teoriyi ger\u00e7ek d\u00fcnyaya uygulama<span class=\"excerpt-hellip\"> [\u2026]<\/span><\/p>\n","protected":false},"featured_media":0,"template":"","meta":{"_monsterinsights_skip_tracking":false,"_monsterinsights_sitenote_active":false,"_monsterinsights_sitenote_note":"","_monsterinsights_sitenote_category":0},"product_brand":[],"product_cat":[13043,19008],"product_tag":[],"class_list":{"0":"post-698956","1":"product","2":"type-product","3":"status-publish","5":"product_cat-ekonomi","6":"product_cat-yonetim","7":"pa_cilt-ciltsiz","8":"pa_tur-kitap","9":"pa_yayinevi-say-yayinlari","10":"pa_yazar-edward-o-wilson","12":"first","13":"instock","14":"sale","15":"shipping-taxable","16":"purchasable","17":"product-type-simple"},"_links":{"self":[{"href":"https:\/\/roveyayinevi.com.tr\/index.php\/wp-json\/wp\/v2\/product\/698956","targetHints":{"allow":["GET"]}}],"collection":[{"href":"https:\/\/roveyayinevi.com.tr\/index.php\/wp-json\/wp\/v2\/product"}],"about":[{"href":"https:\/\/roveyayinevi.com.tr\/index.php\/wp-json\/wp\/v2\/types\/product"}],"wp:attachment":[{"href":"https:\/\/roveyayinevi.com.tr\/index.php\/wp-json\/wp\/v2\/media?parent=698956"}],"wp:term":[{"taxonomy":"product_brand","embeddable":true,"href":"https:\/\/roveyayinevi.com.tr\/index.php\/wp-json\/wp\/v2\/product_brand?post=698956"},{"taxonomy":"product_cat","embeddable":true,"href":"https:\/\/roveyayinevi.com.tr\/index.php\/wp-json\/wp\/v2\/product_cat?post=698956"},{"taxonomy":"product_tag","embeddable":true,"href":"https:\/\/roveyayinevi.com.tr\/index.php\/wp-json\/wp\/v2\/product_tag?post=698956"}],"curies":[{"name":"wp","href":"https:\/\/api.w.org\/{rel}","templated":true}]}}