{"id":698955,"date":"2025-08-27T14:48:16","date_gmt":"2025-08-27T11:48:16","guid":{"rendered":"https:\/\/roveyayinevi.com.tr\/index.php\/urun\/100-yilinda-canakkale-ruhu-1915\/"},"modified":"2026-04-16T02:08:22","modified_gmt":"2026-04-15T23:08:22","slug":"100-yilinda-canakkale-ruhu-1915","status":"publish","type":"product","link":"https:\/\/roveyayinevi.com.tr\/index.php\/urun\/100-yilinda-canakkale-ruhu-1915\/","title":{"rendered":"100. Y\u0131l\u0131nda \u00c7anakkale Ruhu 1915"},"content":{"rendered":"<p>\u00c7anakkale, milli bilincin \u015fahland\u0131\u011f\u0131, emperyalist planlar\u0131n iflas etti\u011fi, T\u00fcrk askerinin Bat\u0131&#8217;ya insanl\u0131k dersi verdi\u011fi, inanc\u0131n ve fedakarl\u0131\u011f\u0131n maddiyata \u00fcst\u00fcn geldi\u011fi, Mustafa Kemal Pa\u015fa&#8217;n\u0131n   Ben size taarruzu de\u011fil, \u00f6lmeyi emrediyorum   dedi\u011fi yerdir. <\/p>\n","protected":false},"excerpt":{"rendered":"<p>\u00c7anakkale, milli bilincin \u015fahland\u0131\u011f\u0131, emperyalist planlar\u0131n iflas etti\u011fi, T\u00fcrk askerinin Bat\u0131&#8217;ya insanl\u0131k dersi verdi\u011fi, inanc\u0131n ve fedakarl\u0131\u011f\u0131n maddiyata \u00fcst\u00fcn geldi\u011fi, Mustafa Kemal Pa\u015fa&#8217;n\u0131n Ben size taarruzu<span class=\"excerpt-hellip\"> [\u2026]<\/span><\/p>\n","protected":false},"featured_media":0,"template":"","meta":{"_monsterinsights_skip_tracking":false,"_monsterinsights_sitenote_active":false,"_monsterinsights_sitenote_note":"","_monsterinsights_sitenote_category":0},"product_brand":[],"product_cat":[12370,12304],"product_tag":[],"class_list":{"0":"post-698955","1":"product","2":"type-product","3":"status-publish","5":"product_cat-arastirma-inceleme","6":"product_cat-tarih","7":"pa_tur-kitap","8":"pa_yayinevi-kaynak-yayinlari","9":"pa_yazar-mustafa-kemal-tutkun","11":"first","12":"instock","13":"sale","14":"shipping-taxable","15":"purchasable","16":"product-type-simple"},"_links":{"self":[{"href":"https:\/\/roveyayinevi.com.tr\/index.php\/wp-json\/wp\/v2\/product\/698955","targetHints":{"allow":["GET"]}}],"collection":[{"href":"https:\/\/roveyayinevi.com.tr\/index.php\/wp-json\/wp\/v2\/product"}],"about":[{"href":"https:\/\/roveyayinevi.com.tr\/index.php\/wp-json\/wp\/v2\/types\/product"}],"wp:attachment":[{"href":"https:\/\/roveyayinevi.com.tr\/index.php\/wp-json\/wp\/v2\/media?parent=698955"}],"wp:term":[{"taxonomy":"product_brand","embeddable":true,"href":"https:\/\/roveyayinevi.com.tr\/index.php\/wp-json\/wp\/v2\/product_brand?post=698955"},{"taxonomy":"product_cat","embeddable":true,"href":"https:\/\/roveyayinevi.com.tr\/index.php\/wp-json\/wp\/v2\/product_cat?post=698955"},{"taxonomy":"product_tag","embeddable":true,"href":"https:\/\/roveyayinevi.com.tr\/index.php\/wp-json\/wp\/v2\/product_tag?post=698955"}],"curies":[{"name":"wp","href":"https:\/\/api.w.org\/{rel}","templated":true}]}}