{"id":698952,"date":"2025-08-27T14:48:15","date_gmt":"2025-08-27T11:48:15","guid":{"rendered":"https:\/\/roveyayinevi.com.tr\/index.php\/urun\/mavi-marmara-risalesi\/"},"modified":"2026-04-16T02:08:21","modified_gmt":"2026-04-15T23:08:21","slug":"mavi-marmara-risalesi","status":"publish","type":"product","link":"https:\/\/roveyayinevi.com.tr\/index.php\/urun\/mavi-marmara-risalesi\/","title":{"rendered":"Mavi Marmara Risalesi"},"content":{"rendered":"<p>Mavi Marmara \u0130nsani Yard\u0131m Gemisi, \u0130srail ile sava\u015fmaya gitmedi&#8230;D\u00fcnyan\u0131n dikkatini \u0130srail ablukas\u0131ndaki Gazze\u2019ye \u00e7ekeceklerdi, kazanmak , kaybetmek de\u011fildi dertleri, b\u0131rak\u0131n \u00f6ld\u00fcrmeyi \u00f6lmek de yoktu planlar\u0131nda, zaten planlar\u0131 da yoktu.Sadece erkek gibi zalim sultana \u2018Zalimsin!\u2019\u2019 demeye gitmi\u015flerdi, hepsi bu!\u0130\u00e7inizdeki \u00d6k\u00fcze Oha Deyin , Y\u0131lg\u0131n T\u00fcrkler,\u00d6\u011flen Namaz\u0131na Nas\u0131l Kalk\u0131l\u0131r,Cinnetim Cennetimdir,\u0130tin Biri ve Zaman\u0131n Efendisi, gibi bir\u00e7ok kitab\u0131 ilgi g\u00f6rd\u00fc.Yay\u0131nevimiz , yazar\u0131n son kitab\u0131 olan \u2018Mavi Marmara Risalesi\u2019nin de ayn\u0131 ilgiyi g\u00f6rece\u011fini umuyor. <\/p>\n","protected":false},"excerpt":{"rendered":"<p>Mavi Marmara \u0130nsani Yard\u0131m Gemisi, \u0130srail ile sava\u015fmaya gitmedi&#8230;D\u00fcnyan\u0131n dikkatini \u0130srail ablukas\u0131ndaki Gazze\u2019ye \u00e7ekeceklerdi, kazanmak , kaybetmek de\u011fildi dertleri, b\u0131rak\u0131n \u00f6ld\u00fcrmeyi \u00f6lmek de yoktu planlar\u0131nda, zaten<span class=\"excerpt-hellip\"> [\u2026]<\/span><\/p>\n","protected":false},"featured_media":0,"template":"","meta":{"_monsterinsights_skip_tracking":false,"_monsterinsights_sitenote_active":false,"_monsterinsights_sitenote_note":"","_monsterinsights_sitenote_category":0},"product_brand":[],"product_cat":[12777,12291],"product_tag":[],"class_list":{"0":"post-698952","1":"product","2":"type-product","3":"status-publish","5":"product_cat-deneme","6":"product_cat-edebiyat","7":"pa_cilt-ciltsiz","8":"pa_tur-kitap","9":"pa_yayinevi-c4-kitap","10":"pa_yazar-bulent-akyurek","12":"first","13":"instock","14":"sale","15":"shipping-taxable","16":"purchasable","17":"product-type-simple"},"_links":{"self":[{"href":"https:\/\/roveyayinevi.com.tr\/index.php\/wp-json\/wp\/v2\/product\/698952","targetHints":{"allow":["GET"]}}],"collection":[{"href":"https:\/\/roveyayinevi.com.tr\/index.php\/wp-json\/wp\/v2\/product"}],"about":[{"href":"https:\/\/roveyayinevi.com.tr\/index.php\/wp-json\/wp\/v2\/types\/product"}],"wp:attachment":[{"href":"https:\/\/roveyayinevi.com.tr\/index.php\/wp-json\/wp\/v2\/media?parent=698952"}],"wp:term":[{"taxonomy":"product_brand","embeddable":true,"href":"https:\/\/roveyayinevi.com.tr\/index.php\/wp-json\/wp\/v2\/product_brand?post=698952"},{"taxonomy":"product_cat","embeddable":true,"href":"https:\/\/roveyayinevi.com.tr\/index.php\/wp-json\/wp\/v2\/product_cat?post=698952"},{"taxonomy":"product_tag","embeddable":true,"href":"https:\/\/roveyayinevi.com.tr\/index.php\/wp-json\/wp\/v2\/product_tag?post=698952"}],"curies":[{"name":"wp","href":"https:\/\/api.w.org\/{rel}","templated":true}]}}