{"id":698951,"date":"2025-08-27T14:48:14","date_gmt":"2025-08-27T11:48:14","guid":{"rendered":"https:\/\/roveyayinevi.com.tr\/index.php\/urun\/konus-ki-dinlesin-dinle-ki-konussun\/"},"modified":"2026-04-16T02:08:21","modified_gmt":"2026-04-15T23:08:21","slug":"konus-ki-dinlesin-dinle-ki-konussun","status":"publish","type":"product","link":"https:\/\/roveyayinevi.com.tr\/index.php\/urun\/konus-ki-dinlesin-dinle-ki-konussun\/","title":{"rendered":"Konu\u015f ki Dinlesin Dinle ki Konu\u015fsun"},"content":{"rendered":"<p>\u00c7ocu\u011funuzla do\u011fru ileti\u015fim kurman\u0131n yollar\u0131\u00c7ocu\u011funuzun ne hissetti\u011fini nas\u0131l anlars\u0131n\u0131z?Azarlamadan ya da cezaland\u0131rmadan ona nas\u0131l yol g\u00f6sterirsiniz?\u00c7ocu\u011funuz isteklerinde \u0131srar etti\u011finde ne yapmal\u0131s\u0131n\u0131z?Onunla do\u011fru ileti\u015fim kurabilmek i\u00e7in hangi yolu izlemelisiniz?\u00c7ocuklar mutluysa anne babalar da mutludur, ya da tam tersi. \u0130ki taraf\u0131n da mutlulu\u011funa giden yol, do\u011fru ileti\u015fimi kurmaktan ge\u00e7er. \u00c7ocuklar genellikle anne babalar\u0131n\u0131n kendilerini anlamad\u0131\u011f\u0131n\u0131 d\u00fc\u015f\u00fcn\u00fcr, anne babalar da \u00e7ocuklar\u0131na s\u00f6z dinletemediklerinden \u015fik\u00e2yet ederler. \u0130leti\u015fim sorununu \u00e7\u00f6zmek ise yeti\u015fkinlerin sorumlulu\u011fundad\u0131r. Bunun ilk ad\u0131m\u0131 da ya\u015f\u0131 ka\u00e7 olursa olsun \u00e7ocuklar\u0131n da birey olduklar\u0131n\u0131 unutmamakt\u0131r.Anne babalar ile \u00e7ocuklar aras\u0131ndaki ileti\u015fim sorunundan yola \u00e7\u0131kan Adele Faber ve Elaine Mazlish, bu kitapta anne babalar\u0131n \u201c\u00c7ocu\u011fumla nas\u0131l ileti\u015fim kurabilirim?\u201d sorusuna yan\u0131t ar\u0131yorlar. \u00c7ocuklar\u0131n duygular\u0131na ger\u00e7ekten sayg\u0131 g\u00f6stermenin ve ceza yerine yarat\u0131c\u0131 \u00e7\u00f6z\u00fcmler sunman\u0131n onlar\u0131n ki\u015filik geli\u015fimi i\u00e7in \u00f6nemini ortaya koyuyorlar. \u00d6rnek diyaloglar ve karikat\u00fcrlerle uygulamas\u0131 kolay y\u00f6ntemler sunuyorlar.Konu\u015f ki Dinlesin Dinle ki Konu\u015fsun sadece anne babalar i\u00e7in de\u011fil, ayn\u0131 zamanda e\u011fitimciler i\u00e7in de destekleyici, samimi ve etkili y\u00f6ntemlerin oldu\u011fu bir rehber niteli\u011finde.<\/p>\n","protected":false},"excerpt":{"rendered":"<p>\u00c7ocu\u011funuzla do\u011fru ileti\u015fim kurman\u0131n yollar\u0131\u00c7ocu\u011funuzun ne hissetti\u011fini nas\u0131l anlars\u0131n\u0131z?Azarlamadan ya da cezaland\u0131rmadan ona nas\u0131l yol g\u00f6sterirsiniz?\u00c7ocu\u011funuz isteklerinde \u0131srar etti\u011finde ne yapmal\u0131s\u0131n\u0131z?Onunla do\u011fru ileti\u015fim kurabilmek i\u00e7in hangi<span class=\"excerpt-hellip\"> [\u2026]<\/span><\/p>\n","protected":false},"featured_media":0,"template":"","meta":{"_monsterinsights_skip_tracking":false,"_monsterinsights_sitenote_active":false,"_monsterinsights_sitenote_note":"","_monsterinsights_sitenote_category":0},"product_brand":[],"product_cat":[12831,12324],"product_tag":[],"class_list":{"0":"post-698951","1":"product","2":"type-product","3":"status-publish","5":"product_cat-aile-ve-cocuk","6":"product_cat-sosyoloji","7":"pa_cilt-ciltsiz","8":"pa_tur-kitap","9":"pa_yayinevi-dogan-kitap","10":"pa_yazar-adele-faber","12":"first","13":"instock","14":"sale","15":"shipping-taxable","16":"purchasable","17":"product-type-simple"},"_links":{"self":[{"href":"https:\/\/roveyayinevi.com.tr\/index.php\/wp-json\/wp\/v2\/product\/698951","targetHints":{"allow":["GET"]}}],"collection":[{"href":"https:\/\/roveyayinevi.com.tr\/index.php\/wp-json\/wp\/v2\/product"}],"about":[{"href":"https:\/\/roveyayinevi.com.tr\/index.php\/wp-json\/wp\/v2\/types\/product"}],"wp:attachment":[{"href":"https:\/\/roveyayinevi.com.tr\/index.php\/wp-json\/wp\/v2\/media?parent=698951"}],"wp:term":[{"taxonomy":"product_brand","embeddable":true,"href":"https:\/\/roveyayinevi.com.tr\/index.php\/wp-json\/wp\/v2\/product_brand?post=698951"},{"taxonomy":"product_cat","embeddable":true,"href":"https:\/\/roveyayinevi.com.tr\/index.php\/wp-json\/wp\/v2\/product_cat?post=698951"},{"taxonomy":"product_tag","embeddable":true,"href":"https:\/\/roveyayinevi.com.tr\/index.php\/wp-json\/wp\/v2\/product_tag?post=698951"}],"curies":[{"name":"wp","href":"https:\/\/api.w.org\/{rel}","templated":true}]}}