{"id":698950,"date":"2025-08-27T14:48:14","date_gmt":"2025-08-27T11:48:14","guid":{"rendered":"https:\/\/roveyayinevi.com.tr\/index.php\/urun\/cesur-aktor-gercekler-ormaninda\/"},"modified":"2026-04-16T02:08:21","modified_gmt":"2026-04-15T23:08:21","slug":"cesur-aktor-gercekler-ormaninda","status":"publish","type":"product","link":"https:\/\/roveyayinevi.com.tr\/index.php\/urun\/cesur-aktor-gercekler-ormaninda\/","title":{"rendered":"Cesur Akt\u00f6r Ger\u00e7ekler Orman\u0131\u2019nda"},"content":{"rendered":"<p>Ger\u00e7ekler Orman\u0131&#8217;na Davetlisiniz Sizce Ger\u00e7ekler Orman\u0131 nas\u0131l bir yerdir? Hayalle ger\u00e7e\u011fin birbiriyle dans etti\u011fi, portakaldan g\u00fcne\u015fi, reng\u00e2renk puf puf g\u00fclleri, dallardan kopup d\u00fc\u015fen macerac\u0131 elmalar\u0131, \u015firin bayku\u015flar\u0131 ile par\u0131l par\u0131l parlayan bir yer oldu\u011funu s\u00f6ylesek&#8230; Kesinlikle ho\u015f bir tatil yeri gibi g\u00f6r\u00fcn\u00fcyor, de\u011fil mi? Kahraman\u0131m\u0131z Cesur i\u00e7inse durum biraz farkl\u0131; Ger\u00e7ekler Orman\u0131 onun i\u00e7in \u00e7e\u015fit \u00e7e\u015fit oyuncaklar, \u015fekerlemeler, pastalar demek. Hep en ba\u015far\u0131l\u0131 \u00f6\u011frenci, hep en g\u00f6zde arkada\u015f olmak demek. \u00d6zg\u00fcrce her istedi\u011fine sahip olmak isteyen kahraman\u0131m\u0131z Cesur&#8217;un yolu, Ger\u00e7ekler Orman\u0131&#8217;ndan ge\u00e7iyor ge\u00e7mesine ama yolunda gitmeyen bir \u015feyler var sanki. Sonu kendisine \u00e7\u0131kan bu yolda acaba Cesur&#8217;un ba\u015f\u0131na neler gelecek?  Peki, bu yolculukta ona kim e\u015flik ediyor dersiniz? Elbette ailesi ve dostlar\u0131, bir de esrarengiz yol arkada\u015flar\u0131 Peri F\u00fcru\u011f ve Kurt\u00e7uk. Davetimizi kabul ederseniz sizleri de bekliyoruz. <\/p>\n","protected":false},"excerpt":{"rendered":"<p>Ger\u00e7ekler Orman\u0131&#8217;na Davetlisiniz Sizce Ger\u00e7ekler Orman\u0131 nas\u0131l bir yerdir? Hayalle ger\u00e7e\u011fin birbiriyle dans etti\u011fi, portakaldan g\u00fcne\u015fi, reng\u00e2renk puf puf g\u00fclleri, dallardan kopup d\u00fc\u015fen macerac\u0131 elmalar\u0131, \u015firin<span class=\"excerpt-hellip\"> [\u2026]<\/span><\/p>\n","protected":false},"featured_media":0,"template":"","meta":{"_monsterinsights_skip_tracking":false,"_monsterinsights_sitenote_active":false,"_monsterinsights_sitenote_note":"","_monsterinsights_sitenote_category":0},"product_brand":[],"product_cat":[12275,12274],"product_tag":[],"class_list":{"0":"post-698950","1":"product","2":"type-product","3":"status-publish","5":"product_cat-6-12-yas-kitaplari","6":"product_cat-cocuk-ve-genclik-kitaplari","7":"pa_cilt-ciltsiz","8":"pa_tur-kitap","9":"pa_yayinevi-elma-cocuk","10":"pa_yazar-dilara-yalcin-okur","12":"first","13":"instock","14":"sale","15":"shipping-taxable","16":"purchasable","17":"product-type-simple"},"_links":{"self":[{"href":"https:\/\/roveyayinevi.com.tr\/index.php\/wp-json\/wp\/v2\/product\/698950","targetHints":{"allow":["GET"]}}],"collection":[{"href":"https:\/\/roveyayinevi.com.tr\/index.php\/wp-json\/wp\/v2\/product"}],"about":[{"href":"https:\/\/roveyayinevi.com.tr\/index.php\/wp-json\/wp\/v2\/types\/product"}],"wp:attachment":[{"href":"https:\/\/roveyayinevi.com.tr\/index.php\/wp-json\/wp\/v2\/media?parent=698950"}],"wp:term":[{"taxonomy":"product_brand","embeddable":true,"href":"https:\/\/roveyayinevi.com.tr\/index.php\/wp-json\/wp\/v2\/product_brand?post=698950"},{"taxonomy":"product_cat","embeddable":true,"href":"https:\/\/roveyayinevi.com.tr\/index.php\/wp-json\/wp\/v2\/product_cat?post=698950"},{"taxonomy":"product_tag","embeddable":true,"href":"https:\/\/roveyayinevi.com.tr\/index.php\/wp-json\/wp\/v2\/product_tag?post=698950"}],"curies":[{"name":"wp","href":"https:\/\/api.w.org\/{rel}","templated":true}]}}