{"id":698948,"date":"2025-08-27T14:48:14","date_gmt":"2025-08-27T11:48:14","guid":{"rendered":"https:\/\/roveyayinevi.com.tr\/index.php\/urun\/tasavvuftan-dilimize-gecen-deyimler-ve-atasozleri\/"},"modified":"2026-04-16T02:08:21","modified_gmt":"2026-04-15T23:08:21","slug":"tasavvuftan-dilimize-gecen-deyimler-ve-atasozleri","status":"publish","type":"product","link":"https:\/\/roveyayinevi.com.tr\/index.php\/urun\/tasavvuftan-dilimize-gecen-deyimler-ve-atasozleri\/","title":{"rendered":"Tasavvuftan Dilimize Ge\u00e7en Deyimler ve Atas\u00f6zleri"},"content":{"rendered":"<p>\u201cOkuyucular\u0131m\u0131za sundu\u011fumuz bu kitap, ad\u0131ndan da anla\u015f\u0131labilece\u011fi gibi, tasavvuftan dilimize ge\u00e7en deyimleri ve atas\u00f6zlerini tespit etmektedir. Bu deyimlerin, bu s\u00f6zlerin baz\u0131lar\u0131 tasavvufi inan\u00e7lara, o inan\u00e7lardan do\u011fan \u00e2detlere, geleneklere dayan\u0131yor; baz\u0131lar\u0131ysa tarihi olaylar\u0131 canland\u0131rmakta. F\u0131kralardan meydana gelenleri var yahut o f\u0131kralar bu s\u00f6zlerle \u00f6r\u00fclm\u00fc\u015f, bunlardan uydurulmu\u015f. Fakat g\u00fcn\u00fcm\u00fcze kadar gelenleri, g\u00fcn\u00fcm\u00fczde bile s\u00f6ylenenleri mevcut. \u0130\u00e7lerinde insanl\u0131\u011f\u0131, insani seciyyeyi belirtenleri, kula kul olmamay\u0131 \u00f6\u011f\u00fctleyenleri, h\u00fcr ya\u015fay\u0131\u015f\u0131 dile getirenleri var; ayetlerin, hadislerin meallerini verenleri var; a\u015f\u0131r\u0131 Bat\u0131ni inan\u00e7larla, as\u0131ls\u0131z hatta akla-dine ayk\u0131r\u0131 hayallerle yo\u011frulanlar\u0131 var. Bu son b\u00f6l\u00fcme girenleri de, \u2018Nakl-i k\u00fcfr, k\u00fcfr de\u011fildir,\u2019 diyerek ald\u0131k&#8230;    Dil de\u011fi\u015fiyor; \u00fcz\u00fclsek de, istemesek de bu oluyor ve olacak; fakat d\u00fcn\u00fcn yaz\u0131lar\u0131 da belki anla\u015f\u0131lmayacak, bunlar\u0131n tesbiti gerek. K\u00fclt\u00fcr\u00fcm\u00fcze bu kitapla bir hizmette bulundu\u011fumuza inan\u0131yoruz; umar\u0131z ki okuyucular\u0131m\u0131z da bu inanc\u0131m\u0131z\u0131 ger\u00e7eklerler.\u201d<\/p>\n","protected":false},"excerpt":{"rendered":"<p>\u201cOkuyucular\u0131m\u0131za sundu\u011fumuz bu kitap, ad\u0131ndan da anla\u015f\u0131labilece\u011fi gibi, tasavvuftan dilimize ge\u00e7en deyimleri ve atas\u00f6zlerini tespit etmektedir. Bu deyimlerin, bu s\u00f6zlerin baz\u0131lar\u0131 tasavvufi inan\u00e7lara, o inan\u00e7lardan do\u011fan<span class=\"excerpt-hellip\"> [\u2026]<\/span><\/p>\n","protected":false},"featured_media":0,"template":"","meta":{"_monsterinsights_skip_tracking":false,"_monsterinsights_sitenote_active":false,"_monsterinsights_sitenote_note":"","_monsterinsights_sitenote_category":0},"product_brand":[],"product_cat":[12718,12719,15238],"product_tag":[],"class_list":{"0":"post-698948","1":"product","2":"type-product","3":"status-publish","5":"product_cat-din","6":"product_cat-islam","7":"product_cat-tasavvuf","8":"pa_cilt-ciltsiz","9":"pa_tur-kitap","10":"pa_yayinevi-inkilap-kitabevi","11":"pa_yazar-abdulbaki-golpinarli","13":"first","14":"instock","15":"sale","16":"shipping-taxable","17":"purchasable","18":"product-type-simple"},"_links":{"self":[{"href":"https:\/\/roveyayinevi.com.tr\/index.php\/wp-json\/wp\/v2\/product\/698948","targetHints":{"allow":["GET"]}}],"collection":[{"href":"https:\/\/roveyayinevi.com.tr\/index.php\/wp-json\/wp\/v2\/product"}],"about":[{"href":"https:\/\/roveyayinevi.com.tr\/index.php\/wp-json\/wp\/v2\/types\/product"}],"wp:attachment":[{"href":"https:\/\/roveyayinevi.com.tr\/index.php\/wp-json\/wp\/v2\/media?parent=698948"}],"wp:term":[{"taxonomy":"product_brand","embeddable":true,"href":"https:\/\/roveyayinevi.com.tr\/index.php\/wp-json\/wp\/v2\/product_brand?post=698948"},{"taxonomy":"product_cat","embeddable":true,"href":"https:\/\/roveyayinevi.com.tr\/index.php\/wp-json\/wp\/v2\/product_cat?post=698948"},{"taxonomy":"product_tag","embeddable":true,"href":"https:\/\/roveyayinevi.com.tr\/index.php\/wp-json\/wp\/v2\/product_tag?post=698948"}],"curies":[{"name":"wp","href":"https:\/\/api.w.org\/{rel}","templated":true}]}}