{"id":698945,"date":"2025-08-27T14:48:13","date_gmt":"2025-08-27T11:48:13","guid":{"rendered":"https:\/\/roveyayinevi.com.tr\/index.php\/urun\/hadidi-tarihi-manzum-osmanli-tarihi-1285-1523\/"},"modified":"2026-04-16T02:08:21","modified_gmt":"2026-04-15T23:08:21","slug":"hadidi-tarihi-manzum-osmanli-tarihi-1285-1523","status":"publish","type":"product","link":"https:\/\/roveyayinevi.com.tr\/index.php\/urun\/hadidi-tarihi-manzum-osmanli-tarihi-1285-1523\/","title":{"rendered":"Hadidi Tarihi : Manzum Osmanl\u0131 Tarihi (1285 &#8211; 1523)"},"content":{"rendered":"<p>Had\u00eed\u00ee, 16. y\u00fczy\u0131l tarih\u00e7i ve \u015fairlerindendir. 6650 beyitten meydana gelen eseri manzum bir Osmanl\u0131 tarihidir. Eserde, Osmanl\u0131lar\u0131n tarih sahnesinde ilk g\u00f6r\u00fcnd\u00fckleri 684\/1285 y\u0131l\u0131ndan 908\/1523 y\u0131l\u0131na kadar gelen olaylar anlat\u0131l\u0131r. <\/p>\n","protected":false},"excerpt":{"rendered":"<p>Had\u00eed\u00ee, 16. y\u00fczy\u0131l tarih\u00e7i ve \u015fairlerindendir. 6650 beyitten meydana gelen eseri manzum bir Osmanl\u0131 tarihidir. Eserde, Osmanl\u0131lar\u0131n tarih sahnesinde ilk g\u00f6r\u00fcnd\u00fckleri 684\/1285 y\u0131l\u0131ndan 908\/1523 y\u0131l\u0131na kadar<span class=\"excerpt-hellip\"> [\u2026]<\/span><\/p>\n","protected":false},"featured_media":0,"template":"","meta":{"_monsterinsights_skip_tracking":false,"_monsterinsights_sitenote_active":false,"_monsterinsights_sitenote_note":"","_monsterinsights_sitenote_category":0},"product_brand":[],"product_cat":[12370,12304],"product_tag":[],"class_list":{"0":"post-698945","1":"product","2":"type-product","3":"status-publish","5":"product_cat-arastirma-inceleme","6":"product_cat-tarih","7":"pa_tur-kitap","8":"pa_yayinevi-bilge-kultur-sanat","9":"pa_yazar-hadidi","11":"first","12":"instock","13":"sale","14":"shipping-taxable","15":"purchasable","16":"product-type-simple"},"_links":{"self":[{"href":"https:\/\/roveyayinevi.com.tr\/index.php\/wp-json\/wp\/v2\/product\/698945","targetHints":{"allow":["GET"]}}],"collection":[{"href":"https:\/\/roveyayinevi.com.tr\/index.php\/wp-json\/wp\/v2\/product"}],"about":[{"href":"https:\/\/roveyayinevi.com.tr\/index.php\/wp-json\/wp\/v2\/types\/product"}],"wp:attachment":[{"href":"https:\/\/roveyayinevi.com.tr\/index.php\/wp-json\/wp\/v2\/media?parent=698945"}],"wp:term":[{"taxonomy":"product_brand","embeddable":true,"href":"https:\/\/roveyayinevi.com.tr\/index.php\/wp-json\/wp\/v2\/product_brand?post=698945"},{"taxonomy":"product_cat","embeddable":true,"href":"https:\/\/roveyayinevi.com.tr\/index.php\/wp-json\/wp\/v2\/product_cat?post=698945"},{"taxonomy":"product_tag","embeddable":true,"href":"https:\/\/roveyayinevi.com.tr\/index.php\/wp-json\/wp\/v2\/product_tag?post=698945"}],"curies":[{"name":"wp","href":"https:\/\/api.w.org\/{rel}","templated":true}]}}