{"id":698944,"date":"2025-08-27T14:48:12","date_gmt":"2025-08-27T11:48:12","guid":{"rendered":"https:\/\/roveyayinevi.com.tr\/index.php\/urun\/tartisma-ve-kazanma-sanati\/"},"modified":"2026-04-16T02:08:21","modified_gmt":"2026-04-15T23:08:21","slug":"tartisma-ve-kazanma-sanati","status":"publish","type":"product","link":"https:\/\/roveyayinevi.com.tr\/index.php\/urun\/tartisma-ve-kazanma-sanati\/","title":{"rendered":"Tart\u0131\u015fma ve Kazanma Sanat\u0131"},"content":{"rendered":"<p>Diyelim bir fikriniz, bir iddian\u0131z var&#8230; \u00dcstelik bu iddian\u0131z\u0131n do\u011frulu\u011funu peki\u015ftiren kan\u0131tlar\u0131n\u0131z\u0131n da oldu\u011funu d\u00fc\u015f\u00fcn\u00fcyorsunuz. Fakat gelin g\u00f6r\u00fcn ki kan\u0131tlar\u0131n\u0131z bir yana dursun, kar\u015f\u0131 fikre sahip \u201c\u00e7enesi kuvvetli\u201d birinin kar\u015f\u0131s\u0131nda fikrinizi bile ifade edememeye ba\u015flad\u0131n\u0131z. Kem k\u00fcm ederken treni ka\u00e7\u0131rd\u0131n\u0131z ve b\u00f6ylece tart\u0131\u015fma ma\u011flubiyetinizle bitmi\u015f oldu. Oysa f\u0131rsat olsa neler diyecektiniz neler&#8230; Peki \u015fimdi ne olacak? <\/p>\n","protected":false},"excerpt":{"rendered":"<p>Diyelim bir fikriniz, bir iddian\u0131z var&#8230; \u00dcstelik bu iddian\u0131z\u0131n do\u011frulu\u011funu peki\u015ftiren kan\u0131tlar\u0131n\u0131z\u0131n da oldu\u011funu d\u00fc\u015f\u00fcn\u00fcyorsunuz. Fakat gelin g\u00f6r\u00fcn ki kan\u0131tlar\u0131n\u0131z bir yana dursun, kar\u015f\u0131 fikre sahip<span class=\"excerpt-hellip\"> [\u2026]<\/span><\/p>\n","protected":false},"featured_media":0,"template":"","meta":{"_monsterinsights_skip_tracking":false,"_monsterinsights_sitenote_active":false,"_monsterinsights_sitenote_note":"","_monsterinsights_sitenote_category":0},"product_brand":[],"product_cat":[12364,12376],"product_tag":[],"class_list":{"0":"post-698944","1":"product","2":"type-product","3":"status-publish","5":"product_cat-genel-konular","6":"product_cat-kisisel-gelisim","7":"pa_cilt-ciltsiz","8":"pa_tur-kitap","9":"pa_yayinevi-omega","10":"pa_yazar-gerry-spence","12":"first","13":"instock","14":"sale","15":"shipping-taxable","16":"purchasable","17":"product-type-simple"},"_links":{"self":[{"href":"https:\/\/roveyayinevi.com.tr\/index.php\/wp-json\/wp\/v2\/product\/698944","targetHints":{"allow":["GET"]}}],"collection":[{"href":"https:\/\/roveyayinevi.com.tr\/index.php\/wp-json\/wp\/v2\/product"}],"about":[{"href":"https:\/\/roveyayinevi.com.tr\/index.php\/wp-json\/wp\/v2\/types\/product"}],"wp:attachment":[{"href":"https:\/\/roveyayinevi.com.tr\/index.php\/wp-json\/wp\/v2\/media?parent=698944"}],"wp:term":[{"taxonomy":"product_brand","embeddable":true,"href":"https:\/\/roveyayinevi.com.tr\/index.php\/wp-json\/wp\/v2\/product_brand?post=698944"},{"taxonomy":"product_cat","embeddable":true,"href":"https:\/\/roveyayinevi.com.tr\/index.php\/wp-json\/wp\/v2\/product_cat?post=698944"},{"taxonomy":"product_tag","embeddable":true,"href":"https:\/\/roveyayinevi.com.tr\/index.php\/wp-json\/wp\/v2\/product_tag?post=698944"}],"curies":[{"name":"wp","href":"https:\/\/api.w.org\/{rel}","templated":true}]}}