{"id":698942,"date":"2025-08-27T14:48:12","date_gmt":"2025-08-27T11:48:12","guid":{"rendered":"https:\/\/roveyayinevi.com.tr\/index.php\/urun\/biraz-nezaket-lutfen-sosyal-yasam-ve-is-dunyasinda\/"},"modified":"2026-04-16T02:08:21","modified_gmt":"2026-04-15T23:08:21","slug":"biraz-nezaket-lutfen-sosyal-yasam-ve-is-dunyasinda","status":"publish","type":"product","link":"https:\/\/roveyayinevi.com.tr\/index.php\/urun\/biraz-nezaket-lutfen-sosyal-yasam-ve-is-dunyasinda\/","title":{"rendered":"Biraz Nezaket L\u00fctfen &#8211; Sosyal Ya\u015fam ve \u0130\u015f D\u00fcnyas\u0131nda"},"content":{"rendered":"<p>G\u00f6rg\u00fc-Nez\u00e2ket-Zer\u00e2fet-Protokol Nezaket zaaf i\u015fareti de\u011fildir \u2018\u2018 J.F.Kennedy Nemesis Kitap\u2019tan yediden yetmi\u015fe herkesin faydalanaca\u011f\u0131 nezaket ve sosyal davran\u0131\u015f kurallar\u0131 \u00fczerine bir ba\u015fyap\u0131t&#8230; \u015eimdiye kadar sadece \u00e7atal-b\u0131\u00e7ak-ka\u015f\u0131k kullan\u0131m\u0131 ve yeme-i\u00e7me gibi \u00e7ok dar bir alana hapsedilmi\u015f olan bu konunun genellikle diplomatlar ve yurti\u00e7i-yurtd\u0131\u015f\u0131nda g\u00f6rev yapan y\u00fcksek dereceli sivil-asker ki\u015fileri kapsad\u0131\u011f\u0131 y\u00f6n\u00fcnde bir alg\u0131lama mevcuttur. Ancak bu yeterli de\u011fildir. Nezaket ve g\u00f6rg\u00fc kurallar\u0131 konusu toplumun b\u00fct\u00fcn kesimini \u00e7ok yak\u0131ndan ilgilendiren bir konudur. Do\u011fru ve yanl\u0131\u015f\u0131n, nezaket ve nezaketsizli\u011fin ayr\u0131m\u0131n\u0131n gittik\u00e7e zorla\u015ft\u0131\u011f\u0131 bu d\u00f6nemde, T\u00fcrk Hava Kuvvetleri\u2019nde 40 y\u0131ll\u0131k hizmeti bulunan Emekli Korgeneral Erdo\u011fan \u00d6znal, bize her f\u0131rsatta ba\u015fvurabilece\u011fimiz bir kaynak sunuyor&#8230; \ufffcTan\u0131t\u0131m Metni<\/p>\n","protected":false},"excerpt":{"rendered":"<p>G\u00f6rg\u00fc-Nez\u00e2ket-Zer\u00e2fet-Protokol Nezaket zaaf i\u015fareti de\u011fildir \u2018\u2018 J.F.Kennedy Nemesis Kitap\u2019tan yediden yetmi\u015fe herkesin faydalanaca\u011f\u0131 nezaket ve sosyal davran\u0131\u015f kurallar\u0131 \u00fczerine bir ba\u015fyap\u0131t&#8230; \u015eimdiye kadar sadece \u00e7atal-b\u0131\u00e7ak-ka\u015f\u0131k kullan\u0131m\u0131<span class=\"excerpt-hellip\"> [\u2026]<\/span><\/p>\n","protected":false},"featured_media":0,"template":"","meta":{"_monsterinsights_skip_tracking":false,"_monsterinsights_sitenote_active":false,"_monsterinsights_sitenote_note":"","_monsterinsights_sitenote_category":0},"product_brand":[],"product_cat":[13633,12324],"product_tag":[],"class_list":{"0":"post-698942","1":"product","2":"type-product","3":"status-publish","5":"product_cat-kultur-ve-bilim","6":"product_cat-sosyoloji","7":"pa_tur-kitap","8":"pa_yayinevi-nemesis-kitap","9":"pa_yazar-erdogan-oznal","11":"first","12":"instock","13":"sale","14":"shipping-taxable","15":"purchasable","16":"product-type-simple"},"_links":{"self":[{"href":"https:\/\/roveyayinevi.com.tr\/index.php\/wp-json\/wp\/v2\/product\/698942","targetHints":{"allow":["GET"]}}],"collection":[{"href":"https:\/\/roveyayinevi.com.tr\/index.php\/wp-json\/wp\/v2\/product"}],"about":[{"href":"https:\/\/roveyayinevi.com.tr\/index.php\/wp-json\/wp\/v2\/types\/product"}],"wp:attachment":[{"href":"https:\/\/roveyayinevi.com.tr\/index.php\/wp-json\/wp\/v2\/media?parent=698942"}],"wp:term":[{"taxonomy":"product_brand","embeddable":true,"href":"https:\/\/roveyayinevi.com.tr\/index.php\/wp-json\/wp\/v2\/product_brand?post=698942"},{"taxonomy":"product_cat","embeddable":true,"href":"https:\/\/roveyayinevi.com.tr\/index.php\/wp-json\/wp\/v2\/product_cat?post=698942"},{"taxonomy":"product_tag","embeddable":true,"href":"https:\/\/roveyayinevi.com.tr\/index.php\/wp-json\/wp\/v2\/product_tag?post=698942"}],"curies":[{"name":"wp","href":"https:\/\/api.w.org\/{rel}","templated":true}]}}