{"id":698941,"date":"2025-08-27T14:48:11","date_gmt":"2025-08-27T11:48:11","guid":{"rendered":"https:\/\/roveyayinevi.com.tr\/index.php\/urun\/kimya-yi-saadet\/"},"modified":"2026-04-07T02:14:07","modified_gmt":"2026-04-06T23:14:07","slug":"kimya-yi-saadet","status":"publish","type":"product","link":"https:\/\/roveyayinevi.com.tr\/index.php\/urun\/kimya-yi-saadet\/","title":{"rendered":"Kimya-y\u0131 Saadet"},"content":{"rendered":"<p>\u0130nsan\u0131n saadeti; Allah (c.c.)\u2019\u0131 bilmektir.   Peygamberlik ve Velilik, \u0130nsan\u0131n Yarad\u0131l\u0131\u015f\u0131, Kalbin Varl\u0131\u011f\u0131, Ruh ve Mahiyeti, \u00d6l\u00fcm ve Hakikati, \u0130lim \u00d6\u011frenmek, Kom\u015fu Haklar\u0131, B\u00fcy\u00fck ve K\u00fc\u00e7\u00fck G\u00fcnahlar, Tevbe, \u0130badetler, Muamelat, Temizlik, Abdest, Namaz, Oru\u00e7, Hac, Zek\u00e2t, Sadaka, Al\u0131\u015fveri\u015f, Nik\u00e2h, Evlilik, Hel\u00e2l ve Haramlar. <\/p>\n","protected":false},"excerpt":{"rendered":"<p>\u0130nsan\u0131n saadeti; Allah (c.c.)\u2019\u0131 bilmektir. Peygamberlik ve Velilik, \u0130nsan\u0131n Yarad\u0131l\u0131\u015f\u0131, Kalbin Varl\u0131\u011f\u0131, Ruh ve Mahiyeti, \u00d6l\u00fcm ve Hakikati, \u0130lim \u00d6\u011frenmek, Kom\u015fu Haklar\u0131, B\u00fcy\u00fck ve K\u00fc\u00e7\u00fck G\u00fcnahlar,<span class=\"excerpt-hellip\"> [\u2026]<\/span><\/p>\n","protected":false},"featured_media":0,"template":"","meta":{"_monsterinsights_skip_tracking":false,"_monsterinsights_sitenote_active":false,"_monsterinsights_sitenote_note":"","_monsterinsights_sitenote_category":0},"product_brand":[],"product_cat":[12718,12719,12720],"product_tag":[],"class_list":{"0":"post-698941","1":"product","2":"type-product","3":"status-publish","5":"product_cat-din","6":"product_cat-islam","7":"product_cat-tasavvuf-mezhepler-tarikatlar","8":"pa_cilt-ciltli","9":"pa_tur-kitap","10":"pa_yayinevi-atac-yayinlari","11":"pa_yazar-imam-i-gazali","13":"first","14":"instock","15":"sale","16":"shipping-taxable","17":"purchasable","18":"product-type-simple"},"_links":{"self":[{"href":"https:\/\/roveyayinevi.com.tr\/index.php\/wp-json\/wp\/v2\/product\/698941","targetHints":{"allow":["GET"]}}],"collection":[{"href":"https:\/\/roveyayinevi.com.tr\/index.php\/wp-json\/wp\/v2\/product"}],"about":[{"href":"https:\/\/roveyayinevi.com.tr\/index.php\/wp-json\/wp\/v2\/types\/product"}],"wp:attachment":[{"href":"https:\/\/roveyayinevi.com.tr\/index.php\/wp-json\/wp\/v2\/media?parent=698941"}],"wp:term":[{"taxonomy":"product_brand","embeddable":true,"href":"https:\/\/roveyayinevi.com.tr\/index.php\/wp-json\/wp\/v2\/product_brand?post=698941"},{"taxonomy":"product_cat","embeddable":true,"href":"https:\/\/roveyayinevi.com.tr\/index.php\/wp-json\/wp\/v2\/product_cat?post=698941"},{"taxonomy":"product_tag","embeddable":true,"href":"https:\/\/roveyayinevi.com.tr\/index.php\/wp-json\/wp\/v2\/product_tag?post=698941"}],"curies":[{"name":"wp","href":"https:\/\/api.w.org\/{rel}","templated":true}]}}