{"id":698939,"date":"2025-08-27T14:48:11","date_gmt":"2025-08-27T11:48:11","guid":{"rendered":"https:\/\/roveyayinevi.com.tr\/index.php\/urun\/allah-askina\/"},"modified":"2026-04-16T02:08:21","modified_gmt":"2026-04-15T23:08:21","slug":"allah-askina","status":"publish","type":"product","link":"https:\/\/roveyayinevi.com.tr\/index.php\/urun\/allah-askina\/","title":{"rendered":"Allah A\u015fk\u0131na"},"content":{"rendered":"<p>Ya\u011fmurlar\u0131n da \u0131sland\u0131\u011f\u0131 bir ya\u011fmur vard\u0131r&#8230; Ad\u0131 a\u015fk&#8230; Ate\u015flerin de yan\u0131p k\u00fcl oldu\u011fu bir ate\u015f vard\u0131r&#8230; Ad\u0131 a\u015fk&#8230; Kelebekleri intihara s\u00fcr\u00fckleyen, y\u0131ld\u0131zlar\u0131 da kayd\u0131ran asl\u0131nda&#8230; A\u015fk&#8230; G\u00f6lgelerin g\u00f6lgede kald\u0131\u011f\u0131 bir durumdur, s\u0131rlar\u0131n s\u0131r verdi\u011fi bir haldir&#8230; A\u015fk&#8230; Ve a\u015fk&#8217;\u0131n da a\u015f\u0131k oldu\u011fu bir a\u015fk vard\u0131r&#8230; \u0130lahi a\u015fk! H\u00fcz\u00fcnle titreyen kalbe ince bir ah dokunur&#8230; kalbi k\u0131r\u0131k olan\u0131n, kalbine Allah dokunur&#8230; Senin   Allah   diyebilmen Allah&#8217;\u0131n seni sevdi\u011finin i\u015faretidir&#8230; Her g\u00f6n\u00fcl bir tek sevgiliye d\u00f6n\u00fckt\u00fcr&#8230; Lakin k\u0131blesi yanl\u0131\u015ft\u0131r&#8230; Buldu\u011funu sand\u0131\u011f\u0131 \u015fey ger\u00e7ekte arad\u0131\u011f\u0131 de\u011fildir&#8230; Kimi bir g\u00fcl y\u00fczl\u00fc g\u00fczele meftun, kimi bir ceylan bak\u0131\u015fl\u0131ya mecnundur, baz\u0131s\u0131 d\u00fcnyaya kanm\u0131\u015f, baz\u0131s\u0131 mala m\u00fclke aldanm\u0131\u015ft\u0131r&#8230; Oysa&#8230; Her biri bir   Sevgili   taraf\u0131ndan s\u0131nanm\u0131\u015ft\u0131r&#8230; <\/p>\n","protected":false},"excerpt":{"rendered":"<p>Ya\u011fmurlar\u0131n da \u0131sland\u0131\u011f\u0131 bir ya\u011fmur vard\u0131r&#8230; Ad\u0131 a\u015fk&#8230; Ate\u015flerin de yan\u0131p k\u00fcl oldu\u011fu bir ate\u015f vard\u0131r&#8230; Ad\u0131 a\u015fk&#8230; Kelebekleri intihara s\u00fcr\u00fckleyen, y\u0131ld\u0131zlar\u0131 da kayd\u0131ran asl\u0131nda&#8230; A\u015fk&#8230;<span class=\"excerpt-hellip\"> [\u2026]<\/span><\/p>\n","protected":false},"featured_media":0,"template":"","meta":{"_monsterinsights_skip_tracking":false,"_monsterinsights_sitenote_active":false,"_monsterinsights_sitenote_note":"","_monsterinsights_sitenote_category":0},"product_brand":[],"product_cat":[19998,12388],"product_tag":[],"class_list":{"0":"post-698939","1":"product","2":"type-product","3":"status-publish","5":"product_cat-din-felsefesi","6":"product_cat-felsefe","7":"pa_cilt-ciltsiz","8":"pa_tur-kitap","9":"pa_yayinevi-cay-yayinlari","10":"pa_yazar-filiz-cansever","12":"first","13":"instock","14":"sale","15":"shipping-taxable","16":"purchasable","17":"product-type-simple"},"_links":{"self":[{"href":"https:\/\/roveyayinevi.com.tr\/index.php\/wp-json\/wp\/v2\/product\/698939","targetHints":{"allow":["GET"]}}],"collection":[{"href":"https:\/\/roveyayinevi.com.tr\/index.php\/wp-json\/wp\/v2\/product"}],"about":[{"href":"https:\/\/roveyayinevi.com.tr\/index.php\/wp-json\/wp\/v2\/types\/product"}],"wp:attachment":[{"href":"https:\/\/roveyayinevi.com.tr\/index.php\/wp-json\/wp\/v2\/media?parent=698939"}],"wp:term":[{"taxonomy":"product_brand","embeddable":true,"href":"https:\/\/roveyayinevi.com.tr\/index.php\/wp-json\/wp\/v2\/product_brand?post=698939"},{"taxonomy":"product_cat","embeddable":true,"href":"https:\/\/roveyayinevi.com.tr\/index.php\/wp-json\/wp\/v2\/product_cat?post=698939"},{"taxonomy":"product_tag","embeddable":true,"href":"https:\/\/roveyayinevi.com.tr\/index.php\/wp-json\/wp\/v2\/product_tag?post=698939"}],"curies":[{"name":"wp","href":"https:\/\/api.w.org\/{rel}","templated":true}]}}