{"id":698935,"date":"2025-08-27T14:48:10","date_gmt":"2025-08-27T11:48:10","guid":{"rendered":"https:\/\/roveyayinevi.com.tr\/index.php\/urun\/hikmet-aksoy-kitabi-karinca-izleri\/"},"modified":"2026-04-16T02:08:21","modified_gmt":"2026-04-15T23:08:21","slug":"hikmet-aksoy-kitabi-karinca-izleri","status":"publish","type":"product","link":"https:\/\/roveyayinevi.com.tr\/index.php\/urun\/hikmet-aksoy-kitabi-karinca-izleri\/","title":{"rendered":"Hikmet Aksoy Kitab\u0131 : Kar\u0131nca \u0130zleri"},"content":{"rendered":"<p>\u201cAnlatt\u0131klar\u0131n\u0131za bak\u0131nca merkezi Trabzon olan geni\u015f \u00e7apl\u0131 bir daire g\u00f6rd\u00fcm. Pergelin sivri ucu Trabzon\u2019dayd\u0131, kalem ucu ise \u0130stanbul ba\u015fta olmak \u00fczere T\u00fcrkiye\u2019nin di\u011fer illerini dola\u015f\u0131yordu. Bu halinizle sizi hem ta\u015fra ve merkez aras\u0131nda hem de ta\u015fra ve ta\u015fra aras\u0131nda bir k\u00f6pr\u00fc olarak g\u00f6rd\u00fcm ve itiraf etmeliyim, beni ta\u015fra bas\u0131n\u0131yla olan ba\u011f\u0131n\u0131z daha \u00e7ok ilgilendirdi.\u201d <\/p>\n","protected":false},"excerpt":{"rendered":"<p>\u201cAnlatt\u0131klar\u0131n\u0131za bak\u0131nca merkezi Trabzon olan geni\u015f \u00e7apl\u0131 bir daire g\u00f6rd\u00fcm. Pergelin sivri ucu Trabzon\u2019dayd\u0131, kalem ucu ise \u0130stanbul ba\u015fta olmak \u00fczere T\u00fcrkiye\u2019nin di\u011fer illerini dola\u015f\u0131yordu. Bu<span class=\"excerpt-hellip\"> [\u2026]<\/span><\/p>\n","protected":false},"featured_media":0,"template":"","meta":{"_monsterinsights_skip_tracking":false,"_monsterinsights_sitenote_active":false,"_monsterinsights_sitenote_note":"","_monsterinsights_sitenote_category":0},"product_brand":[],"product_cat":[12304,14128],"product_tag":[],"class_list":{"0":"post-698935","1":"product","2":"type-product","3":"status-publish","5":"product_cat-tarih","6":"product_cat-yakin-tarih","7":"pa_tur-kitap","8":"pa_yayinevi-timas-yayinlari","9":"pa_yazar-nazan-bekiroglu","11":"first","12":"instock","13":"sale","14":"shipping-taxable","15":"purchasable","16":"product-type-simple"},"_links":{"self":[{"href":"https:\/\/roveyayinevi.com.tr\/index.php\/wp-json\/wp\/v2\/product\/698935","targetHints":{"allow":["GET"]}}],"collection":[{"href":"https:\/\/roveyayinevi.com.tr\/index.php\/wp-json\/wp\/v2\/product"}],"about":[{"href":"https:\/\/roveyayinevi.com.tr\/index.php\/wp-json\/wp\/v2\/types\/product"}],"wp:attachment":[{"href":"https:\/\/roveyayinevi.com.tr\/index.php\/wp-json\/wp\/v2\/media?parent=698935"}],"wp:term":[{"taxonomy":"product_brand","embeddable":true,"href":"https:\/\/roveyayinevi.com.tr\/index.php\/wp-json\/wp\/v2\/product_brand?post=698935"},{"taxonomy":"product_cat","embeddable":true,"href":"https:\/\/roveyayinevi.com.tr\/index.php\/wp-json\/wp\/v2\/product_cat?post=698935"},{"taxonomy":"product_tag","embeddable":true,"href":"https:\/\/roveyayinevi.com.tr\/index.php\/wp-json\/wp\/v2\/product_tag?post=698935"}],"curies":[{"name":"wp","href":"https:\/\/api.w.org\/{rel}","templated":true}]}}