{"id":698934,"date":"2025-08-27T14:48:09","date_gmt":"2025-08-27T11:48:09","guid":{"rendered":"https:\/\/roveyayinevi.com.tr\/index.php\/urun\/bes-sehir\/"},"modified":"2026-04-16T02:08:21","modified_gmt":"2026-04-15T23:08:21","slug":"bes-sehir","status":"publish","type":"product","link":"https:\/\/roveyayinevi.com.tr\/index.php\/urun\/bes-sehir\/","title":{"rendered":"Be\u015f \u015eehir"},"content":{"rendered":"<p>&#8220;Be\u015f \u015eehir\u2019in as\u0131l konusu hayat\u0131m\u0131zda kaybolan \u015feylerin ard\u0131ndan duyulan \u00fcz\u00fcnt\u00fc ile yeniye kar\u015f\u0131 beslenen i\u015ftiyakt\u0131r. \u0130lk bak\u0131\u015fta birbiriyle \u00e7at\u0131\u015f\u0131r gibi g\u00f6r\u00fcnen bu iki duyguyu sevgi kelimesinde birle\u015ftirebiliriz. Bu sevginin kendisine \u00e7er\u00e7eve olarak se\u00e7ti\u011fi \u015fehirler, benim hayat\u0131m\u0131n tesad\u00fcfleridir. Bu itibarla onlar\u0131n arkas\u0131nda kendi insan\u0131m\u0131z\u0131 ve hayat\u0131m\u0131z\u0131, vatan\u0131n manev\u00ee \u00e7ehresi olan k\u00fclt\u00fcr\u00fcm\u00fcz\u00fc g\u00f6rmek daha da do\u011fru olur.&#8221;<\/p>\n","protected":false},"excerpt":{"rendered":"<p>&#8220;Be\u015f \u015eehir\u2019in as\u0131l konusu hayat\u0131m\u0131zda kaybolan \u015feylerin ard\u0131ndan duyulan \u00fcz\u00fcnt\u00fc ile yeniye kar\u015f\u0131 beslenen i\u015ftiyakt\u0131r. \u0130lk bak\u0131\u015fta birbiriyle \u00e7at\u0131\u015f\u0131r gibi g\u00f6r\u00fcnen bu iki duyguyu sevgi kelimesinde<span class=\"excerpt-hellip\"> [\u2026]<\/span><\/p>\n","protected":false},"featured_media":0,"template":"","meta":{"_monsterinsights_skip_tracking":false,"_monsterinsights_sitenote_active":false,"_monsterinsights_sitenote_note":"","_monsterinsights_sitenote_category":0},"product_brand":[],"product_cat":[12291,12292],"product_tag":[],"class_list":{"0":"post-698934","1":"product","2":"type-product","3":"status-publish","5":"product_cat-edebiyat","6":"product_cat-turk-edebiyati","7":"pa_cilt-ciltsiz","8":"pa_tur-kitap","9":"pa_yayinevi-dergah-yayinlari","10":"pa_yazar-ahmet-hamdi-tanpinar","12":"first","13":"instock","14":"sale","15":"shipping-taxable","16":"purchasable","17":"product-type-simple"},"_links":{"self":[{"href":"https:\/\/roveyayinevi.com.tr\/index.php\/wp-json\/wp\/v2\/product\/698934","targetHints":{"allow":["GET"]}}],"collection":[{"href":"https:\/\/roveyayinevi.com.tr\/index.php\/wp-json\/wp\/v2\/product"}],"about":[{"href":"https:\/\/roveyayinevi.com.tr\/index.php\/wp-json\/wp\/v2\/types\/product"}],"wp:attachment":[{"href":"https:\/\/roveyayinevi.com.tr\/index.php\/wp-json\/wp\/v2\/media?parent=698934"}],"wp:term":[{"taxonomy":"product_brand","embeddable":true,"href":"https:\/\/roveyayinevi.com.tr\/index.php\/wp-json\/wp\/v2\/product_brand?post=698934"},{"taxonomy":"product_cat","embeddable":true,"href":"https:\/\/roveyayinevi.com.tr\/index.php\/wp-json\/wp\/v2\/product_cat?post=698934"},{"taxonomy":"product_tag","embeddable":true,"href":"https:\/\/roveyayinevi.com.tr\/index.php\/wp-json\/wp\/v2\/product_tag?post=698934"}],"curies":[{"name":"wp","href":"https:\/\/api.w.org\/{rel}","templated":true}]}}