{"id":698932,"date":"2025-08-27T14:48:09","date_gmt":"2025-08-27T11:48:09","guid":{"rendered":"https:\/\/roveyayinevi.com.tr\/index.php\/urun\/kutlu-bir-dirilis\/"},"modified":"2026-04-16T02:08:21","modified_gmt":"2026-04-15T23:08:21","slug":"kutlu-bir-dirilis","status":"publish","type":"product","link":"https:\/\/roveyayinevi.com.tr\/index.php\/urun\/kutlu-bir-dirilis\/","title":{"rendered":"Kutlu Bir Dirili\u015f"},"content":{"rendered":"<p>\u0130nsanlara mutluluk da\u011f\u0131tan \u00fcnl\u00fc bir psikolog iken, hatalar\u0131m beni h\u0131zla u\u00e7urumun kenar\u0131na getirmi\u015fti.G\u00f6z\u00fcm\u00fc kapay\u0131nca g\u00f6rd\u00fc\u011f\u00fcm tek \u015fey korkun\u00e7 k\u00e2buslard\u0131. Bu \u0131zd\u0131raba daha fazla dayanamayarak sandalyeye \u00e7\u0131kt\u0131m, ipi bo\u011faz\u0131ma ge\u00e7irdim.\u00d6l\u00fcm\u00fcn \u00fcrk\u00fct\u00fcc\u00fc ve so\u011fuk y\u00fcz\u00fcn\u00fc iliklerime kadar hissetti\u011fim o anda, esrarl\u0131 bir masal kahraman\u0131 gibi kar\u015f\u0131ma \u00e7\u0131kt\u0131.Kalbe hem korku hem de \u00fcmit veren etkileyici duru\u015fuyla,\u201cSen Evl\u00e2d-\u0131 Resul\u2019s\u00fcn, dedi. Peygamber soyundan gelen biri nas\u0131l intihar eder? \u015eimdi in a\u015fa\u011f\u0131!\u201dKaranl\u0131klar\u0131 delen keskin bak\u0131\u015f\u0131yla, elindeki k\u0131rm\u0131z\u0131 ciltli S\u00f6zler isimli kitab\u0131 g\u00f6stererek,\u201cBu Kur\u2019\u00e2n tefsirini oku, dedi. Sonra seninle uzun bir yolculu\u011fa \u00e7\u0131kaca\u011f\u0131z.\u201dKendimden ge\u00e7mi\u015f\u00e7esine ipi bo\u011faz\u0131mdan \u00e7\u0131kard\u0131m ve titreyen h\u00e2limle sandalyeden indim.Bir y\u0131ld\u0131r\u0131m h\u0131z\u0131yla gelip, karanl\u0131k d\u00fcnyama yeni bir ruh \u00fcfleyen bu adam kimdi?Nefes kesen ya\u015fanm\u0131\u015f bir hik\u00e2yeyle, Bedi\u00fczzaman Said Nurs\u00ee ger\u00e7e\u011fini yeni bir bak\u0131\u015fla okumak ister  <\/p>\n","protected":false},"excerpt":{"rendered":"<p>\u0130nsanlara mutluluk da\u011f\u0131tan \u00fcnl\u00fc bir psikolog iken, hatalar\u0131m beni h\u0131zla u\u00e7urumun kenar\u0131na getirmi\u015fti.G\u00f6z\u00fcm\u00fc kapay\u0131nca g\u00f6rd\u00fc\u011f\u00fcm tek \u015fey korkun\u00e7 k\u00e2buslard\u0131. Bu \u0131zd\u0131raba daha fazla dayanamayarak sandalyeye \u00e7\u0131kt\u0131m,<span class=\"excerpt-hellip\"> [\u2026]<\/span><\/p>\n","protected":false},"featured_media":0,"template":"","meta":{"_monsterinsights_skip_tracking":false,"_monsterinsights_sitenote_active":false,"_monsterinsights_sitenote_note":"","_monsterinsights_sitenote_category":0},"product_brand":[],"product_cat":[12782,12291],"product_tag":[],"class_list":{"0":"post-698932","1":"product","2":"type-product","3":"status-publish","5":"product_cat-alman-edebiyati","6":"product_cat-edebiyat","7":"pa_cilt-ciltsiz","8":"pa_tur-kitap","9":"pa_yayinevi-nesil-yayinlari","10":"pa_yazar-halit-ertugrul","12":"first","13":"instock","14":"sale","15":"shipping-taxable","16":"purchasable","17":"product-type-simple"},"_links":{"self":[{"href":"https:\/\/roveyayinevi.com.tr\/index.php\/wp-json\/wp\/v2\/product\/698932","targetHints":{"allow":["GET"]}}],"collection":[{"href":"https:\/\/roveyayinevi.com.tr\/index.php\/wp-json\/wp\/v2\/product"}],"about":[{"href":"https:\/\/roveyayinevi.com.tr\/index.php\/wp-json\/wp\/v2\/types\/product"}],"wp:attachment":[{"href":"https:\/\/roveyayinevi.com.tr\/index.php\/wp-json\/wp\/v2\/media?parent=698932"}],"wp:term":[{"taxonomy":"product_brand","embeddable":true,"href":"https:\/\/roveyayinevi.com.tr\/index.php\/wp-json\/wp\/v2\/product_brand?post=698932"},{"taxonomy":"product_cat","embeddable":true,"href":"https:\/\/roveyayinevi.com.tr\/index.php\/wp-json\/wp\/v2\/product_cat?post=698932"},{"taxonomy":"product_tag","embeddable":true,"href":"https:\/\/roveyayinevi.com.tr\/index.php\/wp-json\/wp\/v2\/product_tag?post=698932"}],"curies":[{"name":"wp","href":"https:\/\/api.w.org\/{rel}","templated":true}]}}