{"id":698931,"date":"2025-08-27T14:48:08","date_gmt":"2025-08-27T11:48:08","guid":{"rendered":"https:\/\/roveyayinevi.com.tr\/index.php\/urun\/rintintin-rintintin-rehin\/"},"modified":"2026-04-16T02:08:21","modified_gmt":"2026-04-15T23:08:21","slug":"rintintin-rintintin-rehin","status":"publish","type":"product","link":"https:\/\/roveyayinevi.com.tr\/index.php\/urun\/rintintin-rintintin-rehin\/","title":{"rendered":"Rintintin &#8211; Rintintin Rehin"},"content":{"rendered":"<p>Vah\u015fi  Bat\u0131&#8217;n\u0131n en \u015fapsal  k\u00f6pe\u011fi Rintintin&#8217;in maceralar\u0131  Rintintin Rehin  ile devam ediyor. Serinin en komik maceralar\u0131ndan biri olan bu say\u0131da Rintintin&#8217;i ka\u00e7\u0131ran da pi\u015fman, kurtaran da. <\/p>\n","protected":false},"excerpt":{"rendered":"<p>Vah\u015fi Bat\u0131&#8217;n\u0131n en \u015fapsal k\u00f6pe\u011fi Rintintin&#8217;in maceralar\u0131 Rintintin Rehin ile devam ediyor. Serinin en komik maceralar\u0131ndan biri olan bu say\u0131da Rintintin&#8217;i ka\u00e7\u0131ran da pi\u015fman, kurtaran da.<\/p>\n","protected":false},"featured_media":0,"template":"","meta":{"_monsterinsights_skip_tracking":false,"_monsterinsights_sitenote_active":false,"_monsterinsights_sitenote_note":"","_monsterinsights_sitenote_category":0},"product_brand":[],"product_cat":[12689,12274],"product_tag":[],"class_list":{"0":"post-698931","1":"product","2":"type-product","3":"status-publish","5":"product_cat-cizgi-roman-cocuk-ve-genclik-kitaplari","6":"product_cat-cocuk-ve-genclik-kitaplari","7":"pa_cilt-ciltsiz","8":"pa_tur-kitap","9":"pa_yayinevi-yapi-kredi-yayinlari","10":"pa_yazar-j-leturgie","12":"first","13":"instock","14":"sale","15":"shipping-taxable","16":"purchasable","17":"product-type-simple"},"_links":{"self":[{"href":"https:\/\/roveyayinevi.com.tr\/index.php\/wp-json\/wp\/v2\/product\/698931","targetHints":{"allow":["GET"]}}],"collection":[{"href":"https:\/\/roveyayinevi.com.tr\/index.php\/wp-json\/wp\/v2\/product"}],"about":[{"href":"https:\/\/roveyayinevi.com.tr\/index.php\/wp-json\/wp\/v2\/types\/product"}],"wp:attachment":[{"href":"https:\/\/roveyayinevi.com.tr\/index.php\/wp-json\/wp\/v2\/media?parent=698931"}],"wp:term":[{"taxonomy":"product_brand","embeddable":true,"href":"https:\/\/roveyayinevi.com.tr\/index.php\/wp-json\/wp\/v2\/product_brand?post=698931"},{"taxonomy":"product_cat","embeddable":true,"href":"https:\/\/roveyayinevi.com.tr\/index.php\/wp-json\/wp\/v2\/product_cat?post=698931"},{"taxonomy":"product_tag","embeddable":true,"href":"https:\/\/roveyayinevi.com.tr\/index.php\/wp-json\/wp\/v2\/product_tag?post=698931"}],"curies":[{"name":"wp","href":"https:\/\/api.w.org\/{rel}","templated":true}]}}