{"id":698928,"date":"2025-08-27T14:48:07","date_gmt":"2025-08-27T11:48:07","guid":{"rendered":"https:\/\/roveyayinevi.com.tr\/index.php\/urun\/damlacik\/"},"modified":"2026-04-16T02:08:21","modified_gmt":"2026-04-15T23:08:21","slug":"damlacik","status":"publish","type":"product","link":"https:\/\/roveyayinevi.com.tr\/index.php\/urun\/damlacik\/","title":{"rendered":"Damlac\u0131k"},"content":{"rendered":"<p>Avucuna d\u00fc\u015fen ya\u011fmur damlas\u0131n\u0131n nereden geldi\u011fini merak ediyor musun? Damlac\u0131k, bazen kardan adam olup \u00e7ocukar\u0131 e\u011flendiriyor; bazen bulut olup yery\u00fcz\u00fcn\u00fc geziyor; bazen de a\u00e7\u0131k denizlere \u00e7\u0131k\u0131yor. Haydi, istersen bu yolculu\u011fa sen de kat\u0131l&#8230; \ufffcTan\u0131t\u0131m Metni<\/p>\n","protected":false},"excerpt":{"rendered":"<p>Avucuna d\u00fc\u015fen ya\u011fmur damlas\u0131n\u0131n nereden geldi\u011fini merak ediyor musun? Damlac\u0131k, bazen kardan adam olup \u00e7ocukar\u0131 e\u011flendiriyor; bazen bulut olup yery\u00fcz\u00fcn\u00fc geziyor; bazen de a\u00e7\u0131k denizlere \u00e7\u0131k\u0131yor.<span class=\"excerpt-hellip\"> [\u2026]<\/span><\/p>\n","protected":false},"featured_media":0,"template":"","meta":{"_monsterinsights_skip_tracking":false,"_monsterinsights_sitenote_active":false,"_monsterinsights_sitenote_note":"","_monsterinsights_sitenote_category":0},"product_brand":[],"product_cat":[12274,12284],"product_tag":[],"class_list":{"0":"post-698928","1":"product","2":"type-product","3":"status-publish","5":"product_cat-cocuk-ve-genclik-kitaplari","6":"product_cat-hikayeler","7":"pa_cilt-ciltsiz","8":"pa_tur-kitap","9":"pa_yayinevi-say-cocuk","10":"pa_yazar-gulsum-cengiz","12":"first","13":"instock","14":"sale","15":"shipping-taxable","16":"purchasable","17":"product-type-simple"},"_links":{"self":[{"href":"https:\/\/roveyayinevi.com.tr\/index.php\/wp-json\/wp\/v2\/product\/698928","targetHints":{"allow":["GET"]}}],"collection":[{"href":"https:\/\/roveyayinevi.com.tr\/index.php\/wp-json\/wp\/v2\/product"}],"about":[{"href":"https:\/\/roveyayinevi.com.tr\/index.php\/wp-json\/wp\/v2\/types\/product"}],"wp:attachment":[{"href":"https:\/\/roveyayinevi.com.tr\/index.php\/wp-json\/wp\/v2\/media?parent=698928"}],"wp:term":[{"taxonomy":"product_brand","embeddable":true,"href":"https:\/\/roveyayinevi.com.tr\/index.php\/wp-json\/wp\/v2\/product_brand?post=698928"},{"taxonomy":"product_cat","embeddable":true,"href":"https:\/\/roveyayinevi.com.tr\/index.php\/wp-json\/wp\/v2\/product_cat?post=698928"},{"taxonomy":"product_tag","embeddable":true,"href":"https:\/\/roveyayinevi.com.tr\/index.php\/wp-json\/wp\/v2\/product_tag?post=698928"}],"curies":[{"name":"wp","href":"https:\/\/api.w.org\/{rel}","templated":true}]}}