{"id":698927,"date":"2025-08-27T14:48:07","date_gmt":"2025-08-27T11:48:07","guid":{"rendered":"https:\/\/roveyayinevi.com.tr\/index.php\/urun\/marksist-klasikleri-okuma-kilavuzu\/"},"modified":"2026-04-16T02:08:21","modified_gmt":"2026-04-15T23:08:21","slug":"marksist-klasikleri-okuma-kilavuzu","status":"publish","type":"product","link":"https:\/\/roveyayinevi.com.tr\/index.php\/urun\/marksist-klasikleri-okuma-kilavuzu\/","title":{"rendered":"Marksist Klasikleri Okuma K\u0131lavuzu"},"content":{"rendered":"<p>Marksizmi \u00f6\u011frenmek i\u00e7in \u00f6ncelikle hangi eserlerden ba\u015flamal\u0131? Do\u011fru anlay\u0131p yorumlamak i\u00e7in Marksist klasikleri nas\u0131l okumal\u0131? Merakla sorulan, daima tart\u0131\u015f\u0131lan bir konudur bu. Ne soru yersizdir, ne de bu konuda yap\u0131lan tart\u0131\u015fmalar. Zira Marksizm, hayat\u0131n t\u00fcm alanlar\u0131n\u0131 kucaklayan, devrimci pratikle tamamlanan, s\u0131n\u0131rs\u0131z, \u00e7ok y\u00f6nl\u00fc, karma\u015f\u0131k bir zenginliktir. Bu devasa Marksizm edebiyat\u0131 i\u00e7inde, okurlar\u0131n yollar\u0131n\u0131 bulabilmesi kolay de\u011fildir.Marksist Klasikleri Okuma K\u0131lavuzu, bu sorular\u0131 g\u00fcndemine alan \u00f6zg\u00fcn bir \u00e7al\u0131\u015fma olarak, her d\u00fczeyde Marksizm okuru i\u00e7in bir ba\u015fucu kitab\u0131 olmay\u0131 hedefliyor. <\/p>\n","protected":false},"excerpt":{"rendered":"<p>Marksizmi \u00f6\u011frenmek i\u00e7in \u00f6ncelikle hangi eserlerden ba\u015flamal\u0131? Do\u011fru anlay\u0131p yorumlamak i\u00e7in Marksist klasikleri nas\u0131l okumal\u0131? Merakla sorulan, daima tart\u0131\u015f\u0131lan bir konudur bu. Ne soru yersizdir, ne<span class=\"excerpt-hellip\"> [\u2026]<\/span><\/p>\n","protected":false},"featured_media":0,"template":"","meta":{"_monsterinsights_skip_tracking":false,"_monsterinsights_sitenote_active":false,"_monsterinsights_sitenote_note":"","_monsterinsights_sitenote_category":0},"product_brand":[],"product_cat":[12388,15309],"product_tag":[],"class_list":{"0":"post-698927","1":"product","2":"type-product","3":"status-publish","5":"product_cat-felsefe","6":"product_cat-felsefi-akimlar","7":"pa_cilt-ciltli","8":"pa_tur-kitap","9":"pa_yayinevi-yordam-kitap","10":"pa_yazar-erkin-ozalp","12":"first","13":"instock","14":"sale","15":"shipping-taxable","16":"purchasable","17":"product-type-simple"},"_links":{"self":[{"href":"https:\/\/roveyayinevi.com.tr\/index.php\/wp-json\/wp\/v2\/product\/698927","targetHints":{"allow":["GET"]}}],"collection":[{"href":"https:\/\/roveyayinevi.com.tr\/index.php\/wp-json\/wp\/v2\/product"}],"about":[{"href":"https:\/\/roveyayinevi.com.tr\/index.php\/wp-json\/wp\/v2\/types\/product"}],"wp:attachment":[{"href":"https:\/\/roveyayinevi.com.tr\/index.php\/wp-json\/wp\/v2\/media?parent=698927"}],"wp:term":[{"taxonomy":"product_brand","embeddable":true,"href":"https:\/\/roveyayinevi.com.tr\/index.php\/wp-json\/wp\/v2\/product_brand?post=698927"},{"taxonomy":"product_cat","embeddable":true,"href":"https:\/\/roveyayinevi.com.tr\/index.php\/wp-json\/wp\/v2\/product_cat?post=698927"},{"taxonomy":"product_tag","embeddable":true,"href":"https:\/\/roveyayinevi.com.tr\/index.php\/wp-json\/wp\/v2\/product_tag?post=698927"}],"curies":[{"name":"wp","href":"https:\/\/api.w.org\/{rel}","templated":true}]}}