{"id":698926,"date":"2025-08-27T14:48:07","date_gmt":"2025-08-27T11:48:07","guid":{"rendered":"https:\/\/roveyayinevi.com.tr\/index.php\/urun\/cocuk-egitiminde-100-temel-kural\/"},"modified":"2026-04-16T02:08:21","modified_gmt":"2026-04-15T23:08:21","slug":"cocuk-egitiminde-100-temel-kural","status":"publish","type":"product","link":"https:\/\/roveyayinevi.com.tr\/index.php\/urun\/cocuk-egitiminde-100-temel-kural\/","title":{"rendered":"\u00c7ocuk E\u011fitiminde 100 Temel Kural"},"content":{"rendered":"<p>Her \u00e7ocuk \u00f6zeldir. M\u00fckemmel \u00e7ocuk yoktur, kendisi gibi olmas\u0131na izin verilmi\u015f mutlu \u00e7ocuklar vard\u0131r.Kitaplar\u0131 ile y\u00fczbinlerce aileye \u00e7ocuk e\u011fitimine dair teorik ve pratik \u00f6neriler sunan Adem G\u00fcne\u015f, bu kez \u00e7ocuk e\u011fitiminin en temel 100 kural\u0131n\u0131 tek bir kitapta topluyor.Kayg\u0131lardan ar\u0131nm\u0131\u015f, duyarl\u0131, fark\u0131nda, i\u00e7sel motivasyona sahip, kendi gibi olmay\u0131 becerebilen \u00e7ocuklar yeti\u015ftirmeyi hedefleyen ebeveynler i\u00e7in bir ba\u015fucu kitab\u0131.\u00c7ocuklar\u0131ndan olumlu davran\u0131\u015f bekleyen anne babalar yerine onlara olumlu duygular kazand\u0131rmak isteyen ebeveynler i\u00e7in\u2026<\/p>\n","protected":false},"excerpt":{"rendered":"<p>Her \u00e7ocuk \u00f6zeldir. M\u00fckemmel \u00e7ocuk yoktur, kendisi gibi olmas\u0131na izin verilmi\u015f mutlu \u00e7ocuklar vard\u0131r.Kitaplar\u0131 ile y\u00fczbinlerce aileye \u00e7ocuk e\u011fitimine dair teorik ve pratik \u00f6neriler sunan Adem<span class=\"excerpt-hellip\"> [\u2026]<\/span><\/p>\n","protected":false},"featured_media":0,"template":"","meta":{"_monsterinsights_skip_tracking":false,"_monsterinsights_sitenote_active":false,"_monsterinsights_sitenote_note":"","_monsterinsights_sitenote_category":0},"product_brand":[],"product_cat":[14902,13365],"product_tag":[],"class_list":{"0":"post-698926","1":"product","2":"type-product","3":"status-publish","5":"product_cat-annelik-ve-cocuk-bakimi","6":"product_cat-saglik","7":"pa_cilt-ciltsiz","8":"pa_tur-kitap","9":"pa_yayinevi-timas-yayinlari","10":"pa_yazar-adem-gunes","12":"first","13":"instock","14":"sale","15":"shipping-taxable","16":"purchasable","17":"product-type-simple"},"_links":{"self":[{"href":"https:\/\/roveyayinevi.com.tr\/index.php\/wp-json\/wp\/v2\/product\/698926","targetHints":{"allow":["GET"]}}],"collection":[{"href":"https:\/\/roveyayinevi.com.tr\/index.php\/wp-json\/wp\/v2\/product"}],"about":[{"href":"https:\/\/roveyayinevi.com.tr\/index.php\/wp-json\/wp\/v2\/types\/product"}],"wp:attachment":[{"href":"https:\/\/roveyayinevi.com.tr\/index.php\/wp-json\/wp\/v2\/media?parent=698926"}],"wp:term":[{"taxonomy":"product_brand","embeddable":true,"href":"https:\/\/roveyayinevi.com.tr\/index.php\/wp-json\/wp\/v2\/product_brand?post=698926"},{"taxonomy":"product_cat","embeddable":true,"href":"https:\/\/roveyayinevi.com.tr\/index.php\/wp-json\/wp\/v2\/product_cat?post=698926"},{"taxonomy":"product_tag","embeddable":true,"href":"https:\/\/roveyayinevi.com.tr\/index.php\/wp-json\/wp\/v2\/product_tag?post=698926"}],"curies":[{"name":"wp","href":"https:\/\/api.w.org\/{rel}","templated":true}]}}