{"id":698923,"date":"2025-08-27T14:48:06","date_gmt":"2025-08-27T11:48:06","guid":{"rendered":"https:\/\/roveyayinevi.com.tr\/index.php\/urun\/marksist-iktisat-el-kitabi\/"},"modified":"2026-04-16T02:08:21","modified_gmt":"2026-04-15T23:08:21","slug":"marksist-iktisat-el-kitabi","status":"publish","type":"product","link":"https:\/\/roveyayinevi.com.tr\/index.php\/urun\/marksist-iktisat-el-kitabi\/","title":{"rendered":"Marksist \u0130ktisat El Kitab\u0131"},"content":{"rendered":"<p>\u0130kinci bas\u0131m\u0131 \u00e7\u0131kt\u0131; bu kez cep kitab\u0131 boyutlar\u0131nda! Marx\u2019\u0131n iktisat teorisi ve devrimci \u00f6\u011fretisinin b\u00fct\u00fcn\u00fc, 150 y\u0131l\u0131 a\u015fk\u0131n bir s\u00fcredir kapitalist ideologlar\u0131n amans\u0131z sald\u0131r\u0131lar\u0131 alt\u0131nda. Oysa modern d\u00fcnyay\u0131 anlamak isteyenler i\u00e7in Marksist ekonomi politi\u011fin vazge\u00e7ilmez bir \u00f6nemi var. \u0130lk kez Marx\u2019\u0131n a\u00e7\u0131\u011fa \u00e7\u0131karm\u0131\u015f oldu\u011fu e\u011filimler, modern kapitalizmin ge\u00e7irdi\u011fi b\u00fct\u00fcn de\u011fi\u015fmelere kar\u015f\u0131n, etkili olmaya devam ediyor. Temel tan\u0131mlardan olu\u015fan bu el kitab\u0131, Marksist ekonomi politi\u011fi incelemeye giri\u015fenlere yard\u0131mc\u0131 olmak \u00fczere haz\u0131rland\u0131. Marksist \u0130ktisat El Kitab\u0131: Temel Tan\u0131mlar ilk olarak \u00fcnl\u00fc Bel\u00e7ikal\u0131 iktisat\u00e7\u0131 Ernest Mandel ile \u0130ngiliz iktisat\u00e7\u0131 Alan Freeman taraf\u0131ndan geli\u015ftirildi. Daha sonra Avustralya Demokratik Sosyalist Partisinin kadro e\u011fitimlerinde kullan\u0131ld\u0131. Zamanla \u00f6\u011frencilerin kar\u015f\u0131la\u015ft\u0131klar\u0131 g\u00fc\u00e7l\u00fckler ya da sorduklar\u0131 sorular g\u00f6z \u00f6n\u00fcnde tutularak tan\u0131m ve a\u00e7\u0131klamalar\u0131n bir\u00e7o\u011funda de\u011fi\u015fiklikler yap\u0131ld\u0131. Marksist \u0130ktisat El Kitab\u0131 Marksist ekonomi politi\u011fi \u00f6zg\u00fcn yap\u0131tlar\u0131ndan hareketle incelemenin yerini tutmasa da b\u00f6yle bir incelemeye ba\u015flayanlar ya da geri d\u00f6nenler i\u00e7in \u00e7ok yararl\u0131 bir ba\u015fvuru kayna\u011f\u0131d\u0131r. \ufffcTan\u0131t\u0131m Metni<\/p>\n","protected":false},"excerpt":{"rendered":"<p>\u0130kinci bas\u0131m\u0131 \u00e7\u0131kt\u0131; bu kez cep kitab\u0131 boyutlar\u0131nda! Marx\u2019\u0131n iktisat teorisi ve devrimci \u00f6\u011fretisinin b\u00fct\u00fcn\u00fc, 150 y\u0131l\u0131 a\u015fk\u0131n bir s\u00fcredir kapitalist ideologlar\u0131n amans\u0131z sald\u0131r\u0131lar\u0131 alt\u0131nda. Oysa<span class=\"excerpt-hellip\"> [\u2026]<\/span><\/p>\n","protected":false},"featured_media":0,"template":"","meta":{"_monsterinsights_skip_tracking":false,"_monsterinsights_sitenote_active":false,"_monsterinsights_sitenote_note":"","_monsterinsights_sitenote_category":0},"product_brand":[],"product_cat":[13044,13043],"product_tag":[],"class_list":{"0":"post-698923","1":"product","2":"type-product","3":"status-publish","5":"product_cat-dunya-ekonomisi","6":"product_cat-ekonomi","7":"pa_cilt-ciltsiz","8":"pa_tur-kitap","9":"pa_yayinevi-yordam-kitap","10":"pa_yazar-kolektif","12":"first","13":"instock","14":"sale","15":"shipping-taxable","16":"purchasable","17":"product-type-simple"},"_links":{"self":[{"href":"https:\/\/roveyayinevi.com.tr\/index.php\/wp-json\/wp\/v2\/product\/698923","targetHints":{"allow":["GET"]}}],"collection":[{"href":"https:\/\/roveyayinevi.com.tr\/index.php\/wp-json\/wp\/v2\/product"}],"about":[{"href":"https:\/\/roveyayinevi.com.tr\/index.php\/wp-json\/wp\/v2\/types\/product"}],"wp:attachment":[{"href":"https:\/\/roveyayinevi.com.tr\/index.php\/wp-json\/wp\/v2\/media?parent=698923"}],"wp:term":[{"taxonomy":"product_brand","embeddable":true,"href":"https:\/\/roveyayinevi.com.tr\/index.php\/wp-json\/wp\/v2\/product_brand?post=698923"},{"taxonomy":"product_cat","embeddable":true,"href":"https:\/\/roveyayinevi.com.tr\/index.php\/wp-json\/wp\/v2\/product_cat?post=698923"},{"taxonomy":"product_tag","embeddable":true,"href":"https:\/\/roveyayinevi.com.tr\/index.php\/wp-json\/wp\/v2\/product_tag?post=698923"}],"curies":[{"name":"wp","href":"https:\/\/api.w.org\/{rel}","templated":true}]}}