{"id":698912,"date":"2025-08-27T14:48:03","date_gmt":"2025-08-27T11:48:03","guid":{"rendered":"https:\/\/roveyayinevi.com.tr\/index.php\/urun\/olanaksizin-fizigi\/"},"modified":"2026-04-16T02:08:21","modified_gmt":"2026-04-15T23:08:21","slug":"olanaksizin-fizigi","status":"publish","type":"product","link":"https:\/\/roveyayinevi.com.tr\/index.php\/urun\/olanaksizin-fizigi\/","title":{"rendered":"Olanaks\u0131z\u0131n Fizi\u011fi"},"content":{"rendered":"<p>Kaku bu kitab\u0131nda, gelece\u011fe ili\u015fkin baz\u0131 tahminlerin olanakl\u0131 olan\u0131n s\u0131n\u0131rlar\u0131 \u00f6tesinde ebediyen kalmak zorunda olaca\u011f\u0131n\u0131, baz\u0131lar\u0131n\u0131n da nihayetinde ger\u00e7ekle\u015ftirilebilece\u011fini nedenleriyle a\u00e7\u0131klamay\u0131 ama\u00e7l\u0131yor. Bu t\u00fcr sorular genellikle bilimkurgunun alan\u0131d\u0131r ve bilim burada susmay\u0131 tercih eder. Kaku, i\u015fte tam da bu noktada, buradaki bo\u015flu\u011fa el at\u0131yor\u2026 \u2013 The Economist <\/p>\n","protected":false},"excerpt":{"rendered":"<p>Kaku bu kitab\u0131nda, gelece\u011fe ili\u015fkin baz\u0131 tahminlerin olanakl\u0131 olan\u0131n s\u0131n\u0131rlar\u0131 \u00f6tesinde ebediyen kalmak zorunda olaca\u011f\u0131n\u0131, baz\u0131lar\u0131n\u0131n da nihayetinde ger\u00e7ekle\u015ftirilebilece\u011fini nedenleriyle a\u00e7\u0131klamay\u0131 ama\u00e7l\u0131yor. Bu t\u00fcr sorular genellikle<span class=\"excerpt-hellip\"> [\u2026]<\/span><\/p>\n","protected":false},"featured_media":0,"template":"","meta":{"_monsterinsights_skip_tracking":false,"_monsterinsights_sitenote_active":false,"_monsterinsights_sitenote_note":"","_monsterinsights_sitenote_category":0},"product_brand":[],"product_cat":[13005,13006],"product_tag":[],"class_list":{"0":"post-698912","1":"product","2":"type-product","3":"status-publish","5":"product_cat-bilim-muhendislik","6":"product_cat-populer-bilim","7":"pa_cilt-ciltsiz","8":"pa_tur-kitap","9":"pa_yayinevi-odtu-gelistirme-vakfi-yayincilik","10":"pa_yazar-michio-kaku","12":"first","13":"instock","14":"sale","15":"shipping-taxable","16":"purchasable","17":"product-type-simple"},"_links":{"self":[{"href":"https:\/\/roveyayinevi.com.tr\/index.php\/wp-json\/wp\/v2\/product\/698912","targetHints":{"allow":["GET"]}}],"collection":[{"href":"https:\/\/roveyayinevi.com.tr\/index.php\/wp-json\/wp\/v2\/product"}],"about":[{"href":"https:\/\/roveyayinevi.com.tr\/index.php\/wp-json\/wp\/v2\/types\/product"}],"wp:attachment":[{"href":"https:\/\/roveyayinevi.com.tr\/index.php\/wp-json\/wp\/v2\/media?parent=698912"}],"wp:term":[{"taxonomy":"product_brand","embeddable":true,"href":"https:\/\/roveyayinevi.com.tr\/index.php\/wp-json\/wp\/v2\/product_brand?post=698912"},{"taxonomy":"product_cat","embeddable":true,"href":"https:\/\/roveyayinevi.com.tr\/index.php\/wp-json\/wp\/v2\/product_cat?post=698912"},{"taxonomy":"product_tag","embeddable":true,"href":"https:\/\/roveyayinevi.com.tr\/index.php\/wp-json\/wp\/v2\/product_tag?post=698912"}],"curies":[{"name":"wp","href":"https:\/\/api.w.org\/{rel}","templated":true}]}}