{"id":698911,"date":"2025-08-27T14:48:03","date_gmt":"2025-08-27T11:48:03","guid":{"rendered":"https:\/\/roveyayinevi.com.tr\/index.php\/urun\/basbakan-r-tayyip-erdoganin-tarih-tezlerine-el-cevap\/"},"modified":"2026-04-16T02:08:21","modified_gmt":"2026-04-15T23:08:21","slug":"basbakan-r-tayyip-erdoganin-tarih-tezlerine-el-cevap","status":"publish","type":"product","link":"https:\/\/roveyayinevi.com.tr\/index.php\/urun\/basbakan-r-tayyip-erdoganin-tarih-tezlerine-el-cevap\/","title":{"rendered":"Ba\u015fbakan R. Tayyip Erdo\u011fan\u2019\u0131n Tarih Tezleri\u2019ne El-Cevap"},"content":{"rendered":"<p>Tarih Tezleri&#8217;ne El-Cevap&#8217;ta Ba\u015fbakan Erdo\u011fan&#8217;\u0131n a\u015fa\u011f\u0131daki &#8220;tarih tezleri&#8221;ne cevap verilmi\u015ftir&#8230;CHP, \u0130n\u00f6n\u00fc camileri kapatt\u0131, satt\u0131, ah\u0131r, yatakhane, depo, parti merkezi yapt\u0131!T\u00fcrk\u00e7e ezan zul\u00fcmd\u00fcr!T\u00fcrk\u00e7e ezan milletin de\u011ferlerine sald\u0131r\u0131d\u0131r! T\u00fcrk\u00e7e ezan i\u00e7 karart\u0131c\u0131d\u0131r!CHP Kur&#8217;an-\u0131 Kerim&#8217;i yasaklatt\u0131, ezan\u0131 susturdu! Ezan\u0131 Menderes&#8217;in DP&#8217;si (tek ba\u015f\u0131na) asl\u0131na \u00e7evirdi!Dersim isyan etmedi, bahanelerle operasyon yap\u0131ld\u0131! Seyit R\u0131za isyanc\u0131 de\u011fil din mazlumudur! CHP, \u0130n\u00f6n\u00fc Dersim&#8217;de katliam yapt\u0131! Dersim Harekat\u0131&#8217;nda zehirli gaz kullan\u0131ld\u0131!Ali \u00c7etinkaya y\u00fcz\u00fc kapkara bir katildir, cellatt\u0131r! Ali \u00c7etinkaya \u0130skilipli At\u0131f Hoca&#8217;y\u0131 d\u00fczmece bir mahkemeyle &#8220;Karar\u0131n infaz\u0131na, \u015fahitlerin sonra dinlenmesine&#8221; diyerek idam ettirdi!&#8221;Neyi \u00f6rd\u00fcn?&#8221; T\u00fcrkiye&#8217;yi demir a\u011flarla CHP de\u011fil AKP \u00f6rd\u00fc!Atat\u00fcrk d\u00f6nemi antropoloji \u00e7al\u0131\u015fmalar\u0131 \u0131rk\u00e7\u0131d\u0131r!\u0130smet \u0130n\u00f6n\u00fc dinsel i\u00e7erikli kitaplar\u0131 yasaklatt\u0131!CHP, A\u015f\u0131k Veysel&#8217;i Sivas&#8217;a sokmad\u0131! CHP&#8217;ye g\u00f6re saz gerici bir m\u00fczik aletidir! CHP d\u00f6neminde Halk M\u00fczi\u011fi yasakland\u0131!\u0130smet \u0130n\u00f6n\u00fc d\u00f6neminde gaz, ekmek, \u015feker vb. karneyle da\u011f\u0131t\u0131ld\u0131!\u00dc\u00e7 be\u015f \u00e7anak \u00e7\u00f6mlek Marmaray&#8217;\u0131 d\u00f6rt y\u0131l geciktirdi!Kanuni&#8217;nin \u00f6mr\u00fcn\u00fcn 30 y\u0131l\u0131 at s\u0131rt\u0131nda ge\u00e7ti!EL-Cevap&#8217;ta 1950&#8217;den 2013&#8217;e Cumhuriyet tarihinin neden, nas\u0131l ve kimlerce \u00e7arp\u0131t\u0131ld\u0131\u011f\u0131 g\u00f6zler \u00f6n\u00fcne serilmi\u015f ve Cumhuriyet tarihiyle ilgili en \u00e7ok merak edilen konulara belgelerle a\u00e7\u0131kl\u0131k getirilmi\u015ftir. <\/p>\n","protected":false},"excerpt":{"rendered":"<p>Tarih Tezleri&#8217;ne El-Cevap&#8217;ta Ba\u015fbakan Erdo\u011fan&#8217;\u0131n a\u015fa\u011f\u0131daki &#8220;tarih tezleri&#8221;ne cevap verilmi\u015ftir&#8230;CHP, \u0130n\u00f6n\u00fc camileri kapatt\u0131, satt\u0131, ah\u0131r, yatakhane, depo, parti merkezi yapt\u0131!T\u00fcrk\u00e7e ezan zul\u00fcmd\u00fcr!T\u00fcrk\u00e7e ezan milletin de\u011ferlerine sald\u0131r\u0131d\u0131r!<span class=\"excerpt-hellip\"> [\u2026]<\/span><\/p>\n","protected":false},"featured_media":0,"template":"","meta":{"_monsterinsights_skip_tracking":false,"_monsterinsights_sitenote_active":false,"_monsterinsights_sitenote_note":"","_monsterinsights_sitenote_category":0},"product_brand":[],"product_cat":[12965,12337],"product_tag":[],"class_list":{"0":"post-698911","1":"product","2":"type-product","3":"status-publish","5":"product_cat-genel-politika","6":"product_cat-politika-siyaset","7":"pa_cilt-ciltsiz","8":"pa_tur-kitap","9":"pa_yayinevi-inkilap-kitabevi","10":"pa_yazar-sinan-meydan","12":"first","13":"instock","14":"sale","15":"shipping-taxable","16":"purchasable","17":"product-type-simple"},"_links":{"self":[{"href":"https:\/\/roveyayinevi.com.tr\/index.php\/wp-json\/wp\/v2\/product\/698911","targetHints":{"allow":["GET"]}}],"collection":[{"href":"https:\/\/roveyayinevi.com.tr\/index.php\/wp-json\/wp\/v2\/product"}],"about":[{"href":"https:\/\/roveyayinevi.com.tr\/index.php\/wp-json\/wp\/v2\/types\/product"}],"wp:attachment":[{"href":"https:\/\/roveyayinevi.com.tr\/index.php\/wp-json\/wp\/v2\/media?parent=698911"}],"wp:term":[{"taxonomy":"product_brand","embeddable":true,"href":"https:\/\/roveyayinevi.com.tr\/index.php\/wp-json\/wp\/v2\/product_brand?post=698911"},{"taxonomy":"product_cat","embeddable":true,"href":"https:\/\/roveyayinevi.com.tr\/index.php\/wp-json\/wp\/v2\/product_cat?post=698911"},{"taxonomy":"product_tag","embeddable":true,"href":"https:\/\/roveyayinevi.com.tr\/index.php\/wp-json\/wp\/v2\/product_tag?post=698911"}],"curies":[{"name":"wp","href":"https:\/\/api.w.org\/{rel}","templated":true}]}}