{"id":698907,"date":"2025-08-27T14:48:01","date_gmt":"2025-08-27T11:48:01","guid":{"rendered":"https:\/\/roveyayinevi.com.tr\/index.php\/urun\/baba-ve-pic\/"},"modified":"2026-04-16T02:08:20","modified_gmt":"2026-04-15T23:08:20","slug":"baba-ve-pic","status":"publish","type":"product","link":"https:\/\/roveyayinevi.com.tr\/index.php\/urun\/baba-ve-pic\/","title":{"rendered":"Baba ve Pi\u00e7"},"content":{"rendered":"<p>Elif \u015eafak\u2019\u0131n Baba ve Pi\u00e7 adl\u0131 kitab\u0131n\u0131 okudunuz mu? Okuyun. \u00dczerine \u00e7ok yaz\u0131ld\u0131\u011f\u0131 i\u00e7in \u00e7ok k\u0131sadan s\u00f6yleyece\u011fim: Farkl\u0131 katmanlar\u0131, farkl\u0131 okumalar\u0131, farkl\u0131 \u00e7a\u011fr\u0131\u015f\u0131mlar\u0131 ke\u015ffetmek i\u00e7in okuyun. T\u00fcrk\u00e7enin sonsuz zenginli\u011fini, Elif \u015eafak\u2019\u0131n dil oyunlar\u0131n\u0131, dille oynamas\u0131n\u0131, dili u\u00e7urmas\u0131n\u0131, cinsiyet\u00e7ili\u011fe meydan okuyan dil &#8220;h\u0131nz\u0131rl\u0131klar\u0131n\u0131&#8221; ke\u015ffedip, tad\u0131n\u0131 \u00e7\u0131karmak i\u00e7in okuyun. Unutmak, an\u0131msamak, an\u0131lar, suskunluklar, s\u0131rlar ve ger\u00e7ekler, isyanlar ve boyun e\u011fmeler, ka\u00e7\u0131\u015flar ve aray\u0131\u015flar \u00fczerine, bizi bize anlatan enfes bir roman oldu\u011fu i\u00e7in okuyun.Zeynep Oral, CumhuriyetCanl\u0131 ve e\u011flenceli. Bu muhte\u015fem roman beni al\u0131p uzaklara g\u00f6t\u00fcrd\u00fc. Geri d\u00f6nd\u00fc\u011f\u00fcmde ise beni ba\u015fka bir ger\u00e7eklik bekliyordu.Alan Cheuse, Chicago TribuneCesur ve g\u00fczel&#8230; Kitapta pek \u00e7ok karakter olmas\u0131na ra\u011fmen, bu karakterler aras\u0131nda en etkileyici olan\u0131 Kazanc\u0131 ailesinin kad\u0131n reislerinden biri de\u011fil, belki de \u0130stanbul\u2019un kendisi.John Freeman, Star Tribune\u015eafak g\u00fc\u00e7l\u00fc kad\u0131n karakterler yaratma konusunda \u00e7ok h\u00fcnerli, ayr\u0131ca \u0130stanbul\u2019a ili\u015fkin canl\u0131 tasvirler pek \u00e7ok ki\u015fiyi \u015fehre \u00e7ekecek t\u00fcrden. \u015eafak\u2019\u0131n karakterleri kitab\u0131 bitirdikten sonra bile insan\u0131n zihnini terk etmiyor.Patricia Corrigan, St. Louis Post-Dispatch<\/p>\n","protected":false},"excerpt":{"rendered":"<p>Elif \u015eafak\u2019\u0131n Baba ve Pi\u00e7 adl\u0131 kitab\u0131n\u0131 okudunuz mu? Okuyun. \u00dczerine \u00e7ok yaz\u0131ld\u0131\u011f\u0131 i\u00e7in \u00e7ok k\u0131sadan s\u00f6yleyece\u011fim: Farkl\u0131 katmanlar\u0131, farkl\u0131 okumalar\u0131, farkl\u0131 \u00e7a\u011fr\u0131\u015f\u0131mlar\u0131 ke\u015ffetmek i\u00e7in okuyun.<span class=\"excerpt-hellip\"> [\u2026]<\/span><\/p>\n","protected":false},"featured_media":0,"template":"","meta":{"_monsterinsights_skip_tracking":false,"_monsterinsights_sitenote_active":false,"_monsterinsights_sitenote_note":"","_monsterinsights_sitenote_category":0},"product_brand":[],"product_cat":[12291,12292],"product_tag":[],"class_list":{"0":"post-698907","1":"product","2":"type-product","3":"status-publish","5":"product_cat-edebiyat","6":"product_cat-turk-edebiyati","7":"pa_cilt-ciltsiz","8":"pa_tur-kitap","9":"pa_yayinevi-dogan-kitap","10":"pa_yazar-elif-safak","12":"first","13":"instock","14":"sale","15":"shipping-taxable","16":"purchasable","17":"product-type-simple"},"_links":{"self":[{"href":"https:\/\/roveyayinevi.com.tr\/index.php\/wp-json\/wp\/v2\/product\/698907","targetHints":{"allow":["GET"]}}],"collection":[{"href":"https:\/\/roveyayinevi.com.tr\/index.php\/wp-json\/wp\/v2\/product"}],"about":[{"href":"https:\/\/roveyayinevi.com.tr\/index.php\/wp-json\/wp\/v2\/types\/product"}],"wp:attachment":[{"href":"https:\/\/roveyayinevi.com.tr\/index.php\/wp-json\/wp\/v2\/media?parent=698907"}],"wp:term":[{"taxonomy":"product_brand","embeddable":true,"href":"https:\/\/roveyayinevi.com.tr\/index.php\/wp-json\/wp\/v2\/product_brand?post=698907"},{"taxonomy":"product_cat","embeddable":true,"href":"https:\/\/roveyayinevi.com.tr\/index.php\/wp-json\/wp\/v2\/product_cat?post=698907"},{"taxonomy":"product_tag","embeddable":true,"href":"https:\/\/roveyayinevi.com.tr\/index.php\/wp-json\/wp\/v2\/product_tag?post=698907"}],"curies":[{"name":"wp","href":"https:\/\/api.w.org\/{rel}","templated":true}]}}