{"id":698906,"date":"2025-08-27T14:48:01","date_gmt":"2025-08-27T11:48:01","guid":{"rendered":"https:\/\/roveyayinevi.com.tr\/index.php\/urun\/kurtlar-imparatorlugu\/"},"modified":"2026-04-16T02:08:20","modified_gmt":"2026-04-15T23:08:20","slug":"kurtlar-imparatorlugu","status":"publish","type":"product","link":"https:\/\/roveyayinevi.com.tr\/index.php\/urun\/kurtlar-imparatorlugu\/","title":{"rendered":"Kurtlar \u0130mparatorlu\u011fu"},"content":{"rendered":"<p>Ger\u00e7ekten etkileyici bir yazar. -The Guardian- Grange g\u00fc\u00e7l\u00fc bir kalem. Onu seviyorum. -Anita Brookner, The Spectator- Ele\u015ftirilere, mant\u0131\u011fa, ger\u00e7e\u011fe meydan okuyan bir kitap&#8230; -The Washington Post- Paris\u2019te sokak sokak, cadde cadde ya\u015fanan bir kedi-fare oyunu&#8230; \u0130stanbul\u2019a kadar s\u00fcren ve Nemrut Da\u011f\u0131\u2019nda sona eren bir ka\u00e7ma-kovalamaca&#8230; Jean-Christophe Grange\u2019ye yara\u015f\u0131r bir kitap. -Le Monde- Seri cinayetler, uyu\u015fturucu ka\u00e7ak\u00e7\u0131l\u0131\u011f\u0131, Strasbourg-Saint-Denis\u2019deki K\u00fc\u00e7\u00fck T\u00fcrkiye, Frans\u0131z polisindeki i\u00e7 hesapla\u015fmalar, t\u0131bb\u0131n karanl\u0131k ama\u00e7lara alet edilmesi. Paris\u2019i kana boyayan T\u00fcrk mafyas\u0131. K\u0131z\u0131l Nehirler\u2019in, Ta\u015f Meclisi\u2019nin ve Leyleklerin U\u00e7u\u015fu\u2019nun yazar\u0131 Grange\u2019den yine \u00e7arp\u0131c\u0131, yine soluk solu\u011fa bir roman. \ufffcTan\u0131t\u0131m Metni<\/p>\n","protected":false},"excerpt":{"rendered":"<p>Ger\u00e7ekten etkileyici bir yazar. -The Guardian- Grange g\u00fc\u00e7l\u00fc bir kalem. Onu seviyorum. -Anita Brookner, The Spectator- Ele\u015ftirilere, mant\u0131\u011fa, ger\u00e7e\u011fe meydan okuyan bir kitap&#8230; -The Washington Post-<span class=\"excerpt-hellip\"> [\u2026]<\/span><\/p>\n","protected":false},"featured_media":0,"template":"","meta":{"_monsterinsights_skip_tracking":false,"_monsterinsights_sitenote_active":false,"_monsterinsights_sitenote_note":"","_monsterinsights_sitenote_category":0},"product_brand":[],"product_cat":[12291,13376],"product_tag":[],"class_list":{"0":"post-698906","1":"product","2":"type-product","3":"status-publish","5":"product_cat-edebiyat","6":"product_cat-fransiz-edebiyati","7":"pa_cilt-ciltsiz","8":"pa_tur-kitap","9":"pa_yayinevi-dogan-kitap","10":"pa_yazar-jean-christophe-grange","12":"first","13":"instock","14":"sale","15":"shipping-taxable","16":"purchasable","17":"product-type-simple"},"_links":{"self":[{"href":"https:\/\/roveyayinevi.com.tr\/index.php\/wp-json\/wp\/v2\/product\/698906","targetHints":{"allow":["GET"]}}],"collection":[{"href":"https:\/\/roveyayinevi.com.tr\/index.php\/wp-json\/wp\/v2\/product"}],"about":[{"href":"https:\/\/roveyayinevi.com.tr\/index.php\/wp-json\/wp\/v2\/types\/product"}],"wp:attachment":[{"href":"https:\/\/roveyayinevi.com.tr\/index.php\/wp-json\/wp\/v2\/media?parent=698906"}],"wp:term":[{"taxonomy":"product_brand","embeddable":true,"href":"https:\/\/roveyayinevi.com.tr\/index.php\/wp-json\/wp\/v2\/product_brand?post=698906"},{"taxonomy":"product_cat","embeddable":true,"href":"https:\/\/roveyayinevi.com.tr\/index.php\/wp-json\/wp\/v2\/product_cat?post=698906"},{"taxonomy":"product_tag","embeddable":true,"href":"https:\/\/roveyayinevi.com.tr\/index.php\/wp-json\/wp\/v2\/product_tag?post=698906"}],"curies":[{"name":"wp","href":"https:\/\/api.w.org\/{rel}","templated":true}]}}