{"id":698905,"date":"2025-08-27T14:48:01","date_gmt":"2025-08-27T11:48:01","guid":{"rendered":"https:\/\/roveyayinevi.com.tr\/index.php\/urun\/ataturk-oykuleri\/"},"modified":"2026-04-16T02:08:20","modified_gmt":"2026-04-15T23:08:20","slug":"ataturk-oykuleri","status":"publish","type":"product","link":"https:\/\/roveyayinevi.com.tr\/index.php\/urun\/ataturk-oykuleri\/","title":{"rendered":"Atat\u00fcrk \u00d6yk\u00fcleri"},"content":{"rendered":"<p>Ulu \u00f6nder Mustafa Kemal Atat\u00fcrk, cumhuriyeti kurdu ve devlete fayda sa\u011flayacak bir\u00e7ok at\u0131l\u0131m yapt\u0131. Halk\u0131yla el ele vererek \u00fclkesini hep bir ad\u0131m \u00f6teye ta\u015f\u0131maya \u00e7al\u0131\u015ft\u0131. M\u00fccadelesi, ba\u015far\u0131lar\u0131 ve ilkeleri tarih kitaplar\u0131nda yaz\u0131ld\u0131.Atat\u00fcrk, \u00fclkesini ve insanlar\u0131 sevdi\u011fi kadar do\u011fay\u0131 ve hayvanlar\u0131 da severdi. Bu kitapta toplanm\u0131\u015f alt\u0131 \u00f6yk\u00fcyle, ulu \u00f6nderin tarih kitaplar\u0131nda anlat\u0131lmayan y\u00f6nlerini \u00f6\u011freneceksiniz. <\/p>\n","protected":false},"excerpt":{"rendered":"<p>Ulu \u00f6nder Mustafa Kemal Atat\u00fcrk, cumhuriyeti kurdu ve devlete fayda sa\u011flayacak bir\u00e7ok at\u0131l\u0131m yapt\u0131. Halk\u0131yla el ele vererek \u00fclkesini hep bir ad\u0131m \u00f6teye ta\u015f\u0131maya \u00e7al\u0131\u015ft\u0131. M\u00fccadelesi,<span class=\"excerpt-hellip\"> [\u2026]<\/span><\/p>\n","protected":false},"featured_media":0,"template":"","meta":{"_monsterinsights_skip_tracking":false,"_monsterinsights_sitenote_active":false,"_monsterinsights_sitenote_note":"","_monsterinsights_sitenote_category":0},"product_brand":[],"product_cat":[12274,12284],"product_tag":[],"class_list":{"0":"post-698905","1":"product","2":"type-product","3":"status-publish","5":"product_cat-cocuk-ve-genclik-kitaplari","6":"product_cat-hikayeler","7":"pa_cilt-ciltsiz","8":"pa_tur-kitap","9":"pa_yayinevi-kirmizi-kedi-yayinevi","10":"pa_yazar-hikmet-ulusoy","12":"first","13":"instock","14":"sale","15":"shipping-taxable","16":"purchasable","17":"product-type-simple"},"_links":{"self":[{"href":"https:\/\/roveyayinevi.com.tr\/index.php\/wp-json\/wp\/v2\/product\/698905","targetHints":{"allow":["GET"]}}],"collection":[{"href":"https:\/\/roveyayinevi.com.tr\/index.php\/wp-json\/wp\/v2\/product"}],"about":[{"href":"https:\/\/roveyayinevi.com.tr\/index.php\/wp-json\/wp\/v2\/types\/product"}],"wp:attachment":[{"href":"https:\/\/roveyayinevi.com.tr\/index.php\/wp-json\/wp\/v2\/media?parent=698905"}],"wp:term":[{"taxonomy":"product_brand","embeddable":true,"href":"https:\/\/roveyayinevi.com.tr\/index.php\/wp-json\/wp\/v2\/product_brand?post=698905"},{"taxonomy":"product_cat","embeddable":true,"href":"https:\/\/roveyayinevi.com.tr\/index.php\/wp-json\/wp\/v2\/product_cat?post=698905"},{"taxonomy":"product_tag","embeddable":true,"href":"https:\/\/roveyayinevi.com.tr\/index.php\/wp-json\/wp\/v2\/product_tag?post=698905"}],"curies":[{"name":"wp","href":"https:\/\/api.w.org\/{rel}","templated":true}]}}