{"id":698900,"date":"2025-08-27T14:47:59","date_gmt":"2025-08-27T11:47:59","guid":{"rendered":"https:\/\/roveyayinevi.com.tr\/index.php\/urun\/bektasilik-incelemeleri\/"},"modified":"2026-04-16T02:08:20","modified_gmt":"2026-04-15T23:08:20","slug":"bektasilik-incelemeleri","status":"publish","type":"product","link":"https:\/\/roveyayinevi.com.tr\/index.php\/urun\/bektasilik-incelemeleri\/","title":{"rendered":"Bekta\u015filik \u0130ncelemeleri"},"content":{"rendered":"<p>Bekta\u015filik incelemeleri, sadece Anadolu de\u011fil, ayn\u0131 zamanda \u0130stanbul, Rumeli, Irak, M\u0131s\u0131r, Bulgaristan, Yunanistan, Romanya, Arnavutluk, Makedonya, S\u0131rbistan ve Avusturya-Macaristan\u2019\u0131 da inceleme kapsam\u0131na dahil eden temel bir kaynak. \u0130ngiliz do\u011fubilimci F. W. Hasluck Bekta\u015filik \u00fczerinde \u00e7al\u0131\u015f\u0131rken asl\u0131nda, Anadolu\u2019nun ve Rumeli\u2019nin sosyolojik, antropolojik, etnografik, tarihi ve co\u011frafi yap\u0131s\u0131n\u0131n da resmini \u00e7ekmi\u015ftir. \u00d6te yandan halk aras\u0131ndaki inan\u00e7 da\u011f\u0131l\u0131mlar\u0131, H\u0131ristiyanl\u0131k ile M\u00fcsl\u00fcmanl\u0131k aras\u0131ndaki etkile\u015fimler, sultanlar\u0131n k\u0131l\u0131\u00e7 ku\u015fanmas\u0131 ve pek \u00e7ok toplumda g\u00f6r\u00fcld\u00fc\u011f\u00fc gibi \u00fc\u00e7, yedi, k\u0131rk gibi say\u0131lar\u0131n geni\u015f inan\u00e7 yelpazeleri i\u00e7indeki \u00f6nemi \u00fczerinde durmu\u015ftur. De\u011ferli bilimadam\u0131 Prof. Dr. Fuat K\u00f6pr\u00fcl\u00fc\u2019n\u00fcn kitap i\u00e7in yazd\u0131\u011f\u0131 genel de\u011ferlendirme yaz\u0131s\u0131 da b\u00f6ylesi k\u0131ymetli bir \u00e7al\u0131\u015fmaya renk katmaktad\u0131r. <\/p>\n","protected":false},"excerpt":{"rendered":"<p>Bekta\u015filik incelemeleri, sadece Anadolu de\u011fil, ayn\u0131 zamanda \u0130stanbul, Rumeli, Irak, M\u0131s\u0131r, Bulgaristan, Yunanistan, Romanya, Arnavutluk, Makedonya, S\u0131rbistan ve Avusturya-Macaristan\u2019\u0131 da inceleme kapsam\u0131na dahil eden temel bir<span class=\"excerpt-hellip\"> [\u2026]<\/span><\/p>\n","protected":false},"featured_media":0,"template":"","meta":{"_monsterinsights_skip_tracking":false,"_monsterinsights_sitenote_active":false,"_monsterinsights_sitenote_note":"","_monsterinsights_sitenote_category":0},"product_brand":[],"product_cat":[13488],"product_tag":[],"class_list":{"0":"post-698900","1":"product","2":"type-product","3":"status-publish","5":"product_cat-toplum-ve-insan","6":"pa_cilt-ciltsiz","7":"pa_tur-kitap","8":"pa_yayinevi-say-yayinlari","9":"pa_yazar-f-w-hasluck","11":"first","12":"instock","13":"sale","14":"shipping-taxable","15":"purchasable","16":"product-type-simple"},"_links":{"self":[{"href":"https:\/\/roveyayinevi.com.tr\/index.php\/wp-json\/wp\/v2\/product\/698900","targetHints":{"allow":["GET"]}}],"collection":[{"href":"https:\/\/roveyayinevi.com.tr\/index.php\/wp-json\/wp\/v2\/product"}],"about":[{"href":"https:\/\/roveyayinevi.com.tr\/index.php\/wp-json\/wp\/v2\/types\/product"}],"wp:attachment":[{"href":"https:\/\/roveyayinevi.com.tr\/index.php\/wp-json\/wp\/v2\/media?parent=698900"}],"wp:term":[{"taxonomy":"product_brand","embeddable":true,"href":"https:\/\/roveyayinevi.com.tr\/index.php\/wp-json\/wp\/v2\/product_brand?post=698900"},{"taxonomy":"product_cat","embeddable":true,"href":"https:\/\/roveyayinevi.com.tr\/index.php\/wp-json\/wp\/v2\/product_cat?post=698900"},{"taxonomy":"product_tag","embeddable":true,"href":"https:\/\/roveyayinevi.com.tr\/index.php\/wp-json\/wp\/v2\/product_tag?post=698900"}],"curies":[{"name":"wp","href":"https:\/\/api.w.org\/{rel}","templated":true}]}}