{"id":698895,"date":"2025-08-27T14:47:58","date_gmt":"2025-08-27T11:47:58","guid":{"rendered":"https:\/\/roveyayinevi.com.tr\/index.php\/urun\/gelecegin-suclari\/"},"modified":"2026-04-16T02:08:20","modified_gmt":"2026-04-15T23:08:20","slug":"gelecegin-suclari","status":"publish","type":"product","link":"https:\/\/roveyayinevi.com.tr\/index.php\/urun\/gelecegin-suclari\/","title":{"rendered":"Gelece\u011fin Su\u00e7lar\u0131"},"content":{"rendered":"<p>D\u00fcnyan\u0131n en iyi korunan n\u00fckleer tesisi, hi\u00e7 kimse fark\u0131na varmadan nas\u0131l sabote edilir?Milyon dolarl\u0131k \u015firketler neden en gizli kay\u0131tlar\u0131n\u0131 halen ka\u011f\u0131t ortam\u0131nda tutuyor?D\u00fcnya \u00e7ap\u0131nda i\u015flem yapan borsa ve foreks piyasalar\u0131 hangi yaz\u0131l\u0131mlarla manip\u00fcle ediliyor?\u0130nternetin derinliklerinde asl\u0131nda neler gizli?Her g\u00fcn kulland\u0131\u011f\u0131n\u0131z, ba\u011f\u0131ml\u0131s\u0131 oldu\u011funuz internet hizmetleri neden bedava?Telefonunuza yeni indirdi\u011finiz oyun neden telefon rehberinize eri\u015fmek ister?Sanal para ve online oyunlar para aklamada nas\u0131l kullan\u0131l\u0131r?\u00d6n\u00fcm\u00fczdeki g\u00fcnler, hackerlar\u0131n ve k\u00f6t\u00fc ama\u00e7l\u0131 yaz\u0131l\u0131mlar\u0131n \u00e7a\u011f\u0131 m\u0131 olacak?Gelece\u011fin Su\u00e7lar\u0131, i\u00e7inde bulundu\u011fumuz dijital \u00e7a\u011fda bilgisayar teknolojileri nedeniyle ortaya \u00e7\u0131kan yeni su\u00e7 t\u00fcrleri \u00fczerine bir kitap: Siber sald\u0131r\u0131lar, bilgisayar vir\u00fcsleri, hackerlar, k\u00f6t\u00fc ama\u00e7l\u0131 yaz\u0131l\u0131mlar, uluslararas\u0131 dijital su\u00e7lar&#8230; Hen\u00fcz yay\u0131mlanmadan en iyi teknoloji, siber g\u00fcvenlik ve f\u00fct\u00fcrizm kitab\u0131 se\u00e7ilen ve t\u00fcm d\u00fcnyada milyonlarca ki\u015fi taraf\u0131ndan okunan Gelece\u011fin Su\u00e7lar\u0131, bug\u00fcn\u00fcn ve gelece\u011fin d\u00fcnyas\u0131ndaki en ilgin\u00e7 siber su\u00e7lar\u0131n nas\u0131l organize edildi\u011fini ve bu su\u00e7lar\u0131n nas\u0131l engellenebilece\u011fini ele al\u0131yor. Teknolojinin karanl\u0131k y\u00f6n\u00fcn\u00fc ke\u015ffetmek ve anlamak isteyenler i\u00e7in.\u201cGelece\u011fin Su\u00e7lar\u0131, bilgi \u00e7a\u011f\u0131nda muhte\u015fem bir risk analizi. Harika bir ara\u015ft\u0131rma. Adeta bir roman&#8230;\u201d\u2014 Harvard Business Review\u201cBu kitap ba\u011f\u0131ml\u0131l\u0131k yap\u0131yor. Hayal bile edilemeyecek siber su\u00e7 \u00f6rneklerini bir dedektif misali ara\u015ft\u0131ran Marc Goodman, m\u00fcthi\u015f bir i\u015f \u00e7\u0131karm\u0131\u015f.\u201dThe Washington Post\u201cTeknolojinin karanl\u0131k taraf\u0131na bir gezi rehberi.\u201dNew Scientist\u201cGelece\u011fin Su\u00e7lar\u0131 g\u00fcvenlik g\u00fc\u00e7leri, \u00fcst d\u00fczey y\u00f6neticiler ve teknolojiyi yo\u011fun olarak kullanan herkes i\u00e7in bir ba\u015fucu kitab\u0131.  Khoo Boon Hui, Eski Interpol Ba\u015fkan\u0131 <\/p>\n","protected":false},"excerpt":{"rendered":"<p>D\u00fcnyan\u0131n en iyi korunan n\u00fckleer tesisi, hi\u00e7 kimse fark\u0131na varmadan nas\u0131l sabote edilir?Milyon dolarl\u0131k \u015firketler neden en gizli kay\u0131tlar\u0131n\u0131 halen ka\u011f\u0131t ortam\u0131nda tutuyor?D\u00fcnya \u00e7ap\u0131nda i\u015flem yapan<span class=\"excerpt-hellip\"> [\u2026]<\/span><\/p>\n","protected":false},"featured_media":0,"template":"","meta":{"_monsterinsights_skip_tracking":false,"_monsterinsights_sitenote_active":false,"_monsterinsights_sitenote_note":"","_monsterinsights_sitenote_category":0},"product_brand":[],"product_cat":[13005,13006],"product_tag":[],"class_list":{"0":"post-698895","1":"product","2":"type-product","3":"status-publish","5":"product_cat-bilim-muhendislik","6":"product_cat-populer-bilim","7":"pa_cilt-ciltsiz","8":"pa_tur-kitap","9":"pa_yayinevi-timas-yayinlari","10":"pa_yazar-marc-goodman","12":"first","13":"instock","14":"sale","15":"shipping-taxable","16":"purchasable","17":"product-type-simple"},"_links":{"self":[{"href":"https:\/\/roveyayinevi.com.tr\/index.php\/wp-json\/wp\/v2\/product\/698895","targetHints":{"allow":["GET"]}}],"collection":[{"href":"https:\/\/roveyayinevi.com.tr\/index.php\/wp-json\/wp\/v2\/product"}],"about":[{"href":"https:\/\/roveyayinevi.com.tr\/index.php\/wp-json\/wp\/v2\/types\/product"}],"wp:attachment":[{"href":"https:\/\/roveyayinevi.com.tr\/index.php\/wp-json\/wp\/v2\/media?parent=698895"}],"wp:term":[{"taxonomy":"product_brand","embeddable":true,"href":"https:\/\/roveyayinevi.com.tr\/index.php\/wp-json\/wp\/v2\/product_brand?post=698895"},{"taxonomy":"product_cat","embeddable":true,"href":"https:\/\/roveyayinevi.com.tr\/index.php\/wp-json\/wp\/v2\/product_cat?post=698895"},{"taxonomy":"product_tag","embeddable":true,"href":"https:\/\/roveyayinevi.com.tr\/index.php\/wp-json\/wp\/v2\/product_tag?post=698895"}],"curies":[{"name":"wp","href":"https:\/\/api.w.org\/{rel}","templated":true}]}}