{"id":698894,"date":"2025-08-27T14:47:58","date_gmt":"2025-08-27T11:47:58","guid":{"rendered":"https:\/\/roveyayinevi.com.tr\/index.php\/urun\/benim-sozlerimle-dunya\/"},"modified":"2026-04-16T02:08:20","modified_gmt":"2026-04-15T23:08:20","slug":"benim-sozlerimle-dunya","status":"publish","type":"product","link":"https:\/\/roveyayinevi.com.tr\/index.php\/urun\/benim-sozlerimle-dunya\/","title":{"rendered":"Benim S\u00f6zlerimle D\u00fcnya"},"content":{"rendered":"<p>T\u00fcm d\u00fcnyada say\u0131s\u0131z bask\u0131 yapan ve yirmi be\u015f dile \u00e7evrilen pop\u00fcler Einstein al\u0131nt\u0131lar\u0131 koleksiyonunun bu nihai bask\u0131s\u0131 yakla\u015f\u0131k 1600 al\u0131nt\u0131 i\u00e7eriyor.Ayr\u0131ca ek olarak Einstein\u2019\u0131n ya\u015fam\u0131 ve ba\u015far\u0131lar\u0131n\u0131n bir kronolojisine,  Freeman Dyson\u2019\u0131n g\u00fcvenilir \u00f6ns\u00f6z\u00fcne ve Alice Calaprice taraf\u0131ndan yap\u0131lan yorumlarla betimleyici kaynak notlar\u0131na da yer verilmi\u015ftir. \u201cTakdire \u015fayan bir se\u00e7ki\u2026 Einstein\u2019\u0131n \u00e7al\u0131\u015fmalar\u0131 ve ya\u015fam\u0131 \u00fczerine \u00e7al\u0131\u015fanlar, Siyonizmden ev ya\u015fant\u0131s\u0131na kadar geni\u015f bir yelpazedeki g\u00f6r\u00fc\u015flerinde \u015fa\u015f\u0131rt\u0131c\u0131 noktalar bulacaklar.\u201d  \u2013 Choice  \u201cEinstein\u2019\u0131n d\u00fc\u015f\u00fcnsel ve manevi yeteneklerinden yoksun olan bizler, onu b\u00f6ylesine yenilik\u00e7i bir bi\u00e7imde insanla\u015ft\u0131ran bu kitaba minnet bor\u00e7luyuz.\u201d \u2013 Timothy Ferris, New York Times Book Review \u201cBu b\u00fcy\u00fcleyici kitap Einstein\u2019\u0131 hem daha hassas hem de daha karanl\u0131k, daha d\u00fc\u015f\u00fcnceli, tam anlam\u0131yla bir insan olarak g\u00f6zler \u00f6n\u00fcne seriyor.\u201d  \u2013 Physics World \u201cCalaprice, konu\u015fmalar\u0131ndan ve mektuplar\u0131ndan \u00e7ekip \u00e7\u0131kard\u0131\u011f\u0131 \u00f6zl\u00fc ve etkileyici deyi\u015flerle ger\u00e7ek bir Einstein ziyafeti sunuyor. Bu deyi\u015fler, an\u0131tsal c\u00fcmleler kurma konusunda asla s\u0131k\u0131nt\u0131 \u00e7ekmemi\u015f, aksine bunlar\u0131 d\u00fc\u015f\u00fcnmeksizin do\u011frudan do\u011fruya s\u00f6yleyivermi\u015f \u00f6zel bir Einstein\u2019\u0131 meydana \u00e7\u0131kar\u0131yor.\u201d  \u2013David E. Rowe, Times Higher Education Supplement <\/p>\n","protected":false},"excerpt":{"rendered":"<p>T\u00fcm d\u00fcnyada say\u0131s\u0131z bask\u0131 yapan ve yirmi be\u015f dile \u00e7evrilen pop\u00fcler Einstein al\u0131nt\u0131lar\u0131 koleksiyonunun bu nihai bask\u0131s\u0131 yakla\u015f\u0131k 1600 al\u0131nt\u0131 i\u00e7eriyor.Ayr\u0131ca ek olarak Einstein\u2019\u0131n ya\u015fam\u0131 ve<span class=\"excerpt-hellip\"> [\u2026]<\/span><\/p>\n","protected":false},"featured_media":0,"template":"","meta":{"_monsterinsights_skip_tracking":false,"_monsterinsights_sitenote_active":false,"_monsterinsights_sitenote_note":"","_monsterinsights_sitenote_category":0},"product_brand":[],"product_cat":[13005,13006],"product_tag":[],"class_list":{"0":"post-698894","1":"product","2":"type-product","3":"status-publish","5":"product_cat-bilim-muhendislik","6":"product_cat-populer-bilim","7":"pa_cilt-ciltsiz","8":"pa_tur-kitap","9":"pa_yayinevi-alfa-yayinlari","10":"pa_yazar-albert-einstein","12":"first","13":"instock","14":"sale","15":"shipping-taxable","16":"purchasable","17":"product-type-simple"},"_links":{"self":[{"href":"https:\/\/roveyayinevi.com.tr\/index.php\/wp-json\/wp\/v2\/product\/698894","targetHints":{"allow":["GET"]}}],"collection":[{"href":"https:\/\/roveyayinevi.com.tr\/index.php\/wp-json\/wp\/v2\/product"}],"about":[{"href":"https:\/\/roveyayinevi.com.tr\/index.php\/wp-json\/wp\/v2\/types\/product"}],"wp:attachment":[{"href":"https:\/\/roveyayinevi.com.tr\/index.php\/wp-json\/wp\/v2\/media?parent=698894"}],"wp:term":[{"taxonomy":"product_brand","embeddable":true,"href":"https:\/\/roveyayinevi.com.tr\/index.php\/wp-json\/wp\/v2\/product_brand?post=698894"},{"taxonomy":"product_cat","embeddable":true,"href":"https:\/\/roveyayinevi.com.tr\/index.php\/wp-json\/wp\/v2\/product_cat?post=698894"},{"taxonomy":"product_tag","embeddable":true,"href":"https:\/\/roveyayinevi.com.tr\/index.php\/wp-json\/wp\/v2\/product_tag?post=698894"}],"curies":[{"name":"wp","href":"https:\/\/api.w.org\/{rel}","templated":true}]}}