{"id":698891,"date":"2025-08-27T14:47:57","date_gmt":"2025-08-27T11:47:57","guid":{"rendered":"https:\/\/roveyayinevi.com.tr\/index.php\/urun\/national-geographic-kids-kopekleri-anlama-kilavuzu\/"},"modified":"2026-04-16T02:08:20","modified_gmt":"2026-04-15T23:08:20","slug":"national-geographic-kids-kopekleri-anlama-kilavuzu","status":"publish","type":"product","link":"https:\/\/roveyayinevi.com.tr\/index.php\/urun\/national-geographic-kids-kopekleri-anlama-kilavuzu\/","title":{"rendered":"National Geographic Kids &#8211; K\u00f6pekleri Anlama K\u0131lavuzu"},"content":{"rendered":"<p>K\u00d6PE\u011e\u0130N\u0130ZLE KONU\u015eAB\u0130LMEY\u0130 H\u0130\u00c7 \u0130STEM\u0130\u015e M\u0130YD\u0130N\u0130Z? ARTIK KONU\u015eAB\u0130L\u0130RS\u0130N\u0130Z! K\u00f6pekler bize ne istediklerini pati hareketleriyle ve hatta havlama bi\u00e7imleriyle belli ederler. Bu rehberde anlamlar\u0131n\u0131n detayl\u0131 a\u00e7\u0131klamalar\u0131yla birlikte 50\u2019den fazla k\u00f6pek pozu yer al\u0131yor. Rover\u2019\u0131n baca\u011f\u0131n\u0131 neden itfaiye vanalar\u0131na kald\u0131rmay\u0131 sevdi\u011fini, yuvarlanmas\u0131n\u0131n ne anlama geldi\u011fini, her bir kuyruk sallay\u0131\u015f\u0131n\u0131n k\u00f6pe\u011finiz hakk\u0131nda ne anlatt\u0131\u011f\u0131n\u0131 ve daha bir\u00e7ok \u015feyi \u00f6\u011freneceksiniz! K\u00f6pek uzman\u0131m\u0131z\u0131n senaryoyu sundu\u011fu ve S\u0130Z\u0130N ne anlama geldi\u011fini s\u00f6yledi\u011finiz etkile\u015fimli \u201cK\u00f6pek \u0130kilemi\u201d b\u00f6lu\u0308mlerinde kendinizi test edin. Bu kitap haval\u0131 k\u00f6pek bilgileriyle ve insanlar\u0131n, k\u00f6peklerin davran\u0131\u015flar\u0131n\u0131 daha iyi anlamalar\u0131na yard\u0131m edecek y\u00f6nlendirmelerle dolu, e\u015fsiz bir kaynak. <\/p>\n","protected":false},"excerpt":{"rendered":"<p>K\u00d6PE\u011e\u0130N\u0130ZLE KONU\u015eAB\u0130LMEY\u0130 H\u0130\u00c7 \u0130STEM\u0130\u015e M\u0130YD\u0130N\u0130Z? ARTIK KONU\u015eAB\u0130L\u0130RS\u0130N\u0130Z! K\u00f6pekler bize ne istediklerini pati hareketleriyle ve hatta havlama bi\u00e7imleriyle belli ederler. Bu rehberde anlamlar\u0131n\u0131n detayl\u0131 a\u00e7\u0131klamalar\u0131yla birlikte 50\u2019den<span class=\"excerpt-hellip\"> [\u2026]<\/span><\/p>\n","protected":false},"featured_media":0,"template":"","meta":{"_monsterinsights_skip_tracking":false,"_monsterinsights_sitenote_active":false,"_monsterinsights_sitenote_note":"","_monsterinsights_sitenote_category":0},"product_brand":[],"product_cat":[13829,12274],"product_tag":[],"class_list":{"0":"post-698891","1":"product","2":"type-product","3":"status-publish","5":"product_cat-bilimsel-kitaplar","6":"product_cat-cocuk-ve-genclik-kitaplari","7":"pa_cilt-ciltsiz","8":"pa_tur-kitap","9":"pa_yayinevi-beta-kids","10":"pa_yazar-gary-weitzman","12":"first","13":"instock","14":"sale","15":"shipping-taxable","16":"purchasable","17":"product-type-simple"},"_links":{"self":[{"href":"https:\/\/roveyayinevi.com.tr\/index.php\/wp-json\/wp\/v2\/product\/698891","targetHints":{"allow":["GET"]}}],"collection":[{"href":"https:\/\/roveyayinevi.com.tr\/index.php\/wp-json\/wp\/v2\/product"}],"about":[{"href":"https:\/\/roveyayinevi.com.tr\/index.php\/wp-json\/wp\/v2\/types\/product"}],"wp:attachment":[{"href":"https:\/\/roveyayinevi.com.tr\/index.php\/wp-json\/wp\/v2\/media?parent=698891"}],"wp:term":[{"taxonomy":"product_brand","embeddable":true,"href":"https:\/\/roveyayinevi.com.tr\/index.php\/wp-json\/wp\/v2\/product_brand?post=698891"},{"taxonomy":"product_cat","embeddable":true,"href":"https:\/\/roveyayinevi.com.tr\/index.php\/wp-json\/wp\/v2\/product_cat?post=698891"},{"taxonomy":"product_tag","embeddable":true,"href":"https:\/\/roveyayinevi.com.tr\/index.php\/wp-json\/wp\/v2\/product_tag?post=698891"}],"curies":[{"name":"wp","href":"https:\/\/api.w.org\/{rel}","templated":true}]}}