{"id":698889,"date":"2025-08-27T14:47:56","date_gmt":"2025-08-27T11:47:56","guid":{"rendered":"https:\/\/roveyayinevi.com.tr\/index.php\/urun\/mahsur\/"},"modified":"2026-04-16T02:08:20","modified_gmt":"2026-04-15T23:08:20","slug":"mahsur","status":"publish","type":"product","link":"https:\/\/roveyayinevi.com.tr\/index.php\/urun\/mahsur\/","title":{"rendered":"Mahsur"},"content":{"rendered":"<p>24. D\u00f6nem CHP Tunceli Milletvekili H\u00fcseyin Ayg\u00fcn, do\u011fdu\u011fu topraklar\u0131n tarihsel ger\u00e7e\u011fini, ki\u015fisel ser\u00fcveniyle birle\u015ftirerek anlat\u0131yor. <\/p>\n","protected":false},"excerpt":{"rendered":"<p>24. D\u00f6nem CHP Tunceli Milletvekili H\u00fcseyin Ayg\u00fcn, do\u011fdu\u011fu topraklar\u0131n tarihsel ger\u00e7e\u011fini, ki\u015fisel ser\u00fcveniyle birle\u015ftirerek anlat\u0131yor.<\/p>\n","protected":false},"featured_media":0,"template":"","meta":{"_monsterinsights_skip_tracking":false,"_monsterinsights_sitenote_active":false,"_monsterinsights_sitenote_note":"","_monsterinsights_sitenote_category":0},"product_brand":[],"product_cat":[12370,12304],"product_tag":[],"class_list":{"0":"post-698889","1":"product","2":"type-product","3":"status-publish","5":"product_cat-arastirma-inceleme","6":"product_cat-tarih","7":"pa_tur-kitap","8":"pa_yayinevi-kirmizi-kedi-yayinevi","9":"pa_yazar-huseyin-aygun","11":"first","12":"instock","13":"sale","14":"shipping-taxable","15":"purchasable","16":"product-type-simple"},"_links":{"self":[{"href":"https:\/\/roveyayinevi.com.tr\/index.php\/wp-json\/wp\/v2\/product\/698889","targetHints":{"allow":["GET"]}}],"collection":[{"href":"https:\/\/roveyayinevi.com.tr\/index.php\/wp-json\/wp\/v2\/product"}],"about":[{"href":"https:\/\/roveyayinevi.com.tr\/index.php\/wp-json\/wp\/v2\/types\/product"}],"wp:attachment":[{"href":"https:\/\/roveyayinevi.com.tr\/index.php\/wp-json\/wp\/v2\/media?parent=698889"}],"wp:term":[{"taxonomy":"product_brand","embeddable":true,"href":"https:\/\/roveyayinevi.com.tr\/index.php\/wp-json\/wp\/v2\/product_brand?post=698889"},{"taxonomy":"product_cat","embeddable":true,"href":"https:\/\/roveyayinevi.com.tr\/index.php\/wp-json\/wp\/v2\/product_cat?post=698889"},{"taxonomy":"product_tag","embeddable":true,"href":"https:\/\/roveyayinevi.com.tr\/index.php\/wp-json\/wp\/v2\/product_tag?post=698889"}],"curies":[{"name":"wp","href":"https:\/\/api.w.org\/{rel}","templated":true}]}}