{"id":698888,"date":"2025-08-27T14:47:56","date_gmt":"2025-08-27T11:47:56","guid":{"rendered":"https:\/\/roveyayinevi.com.tr\/index.php\/urun\/taniklarin-anilariyla-ismet-inonu\/"},"modified":"2026-04-16T02:08:20","modified_gmt":"2026-04-15T23:08:20","slug":"taniklarin-anilariyla-ismet-inonu","status":"publish","type":"product","link":"https:\/\/roveyayinevi.com.tr\/index.php\/urun\/taniklarin-anilariyla-ismet-inonu\/","title":{"rendered":"Tan\u0131klar\u0131n An\u0131lar\u0131yla \u0130smet \u0130n\u00f6n\u00fc"},"content":{"rendered":"<p>Muzip, sevecen, \u00e7ocuksu, her \u015feye kar\u015f\u0131 sonsuz bir merak duyan, siyaseti, devleti ve toplumu daha y\u00fckse\u011fe \u00e7\u0131karma sanat\u0131 olarak g\u00f6ren bir \u0130smet \u0130n\u00f6n\u00fc portresi\u2026 \ufffcTan\u0131t\u0131m Metni<\/p>\n","protected":false},"excerpt":{"rendered":"<p>Muzip, sevecen, \u00e7ocuksu, her \u015feye kar\u015f\u0131 sonsuz bir merak duyan, siyaseti, devleti ve toplumu daha y\u00fckse\u011fe \u00e7\u0131karma sanat\u0131 olarak g\u00f6ren bir \u0130smet \u0130n\u00f6n\u00fc portresi\u2026 \ufffcTan\u0131t\u0131m Metni<\/p>\n","protected":false},"featured_media":0,"template":"","meta":{"_monsterinsights_skip_tracking":false,"_monsterinsights_sitenote_active":false,"_monsterinsights_sitenote_note":"","_monsterinsights_sitenote_category":0},"product_brand":[],"product_cat":[14009,12291],"product_tag":[],"class_list":{"0":"post-698888","1":"product","2":"type-product","3":"status-publish","5":"product_cat-biyografi-otobiyografi-edebiyat","6":"product_cat-edebiyat","7":"pa_tur-kitap","8":"pa_yayinevi-dogan-kitap","9":"pa_yazar-mustafa-bilgehan","11":"first","12":"instock","13":"sale","14":"shipping-taxable","15":"purchasable","16":"product-type-simple"},"_links":{"self":[{"href":"https:\/\/roveyayinevi.com.tr\/index.php\/wp-json\/wp\/v2\/product\/698888","targetHints":{"allow":["GET"]}}],"collection":[{"href":"https:\/\/roveyayinevi.com.tr\/index.php\/wp-json\/wp\/v2\/product"}],"about":[{"href":"https:\/\/roveyayinevi.com.tr\/index.php\/wp-json\/wp\/v2\/types\/product"}],"wp:attachment":[{"href":"https:\/\/roveyayinevi.com.tr\/index.php\/wp-json\/wp\/v2\/media?parent=698888"}],"wp:term":[{"taxonomy":"product_brand","embeddable":true,"href":"https:\/\/roveyayinevi.com.tr\/index.php\/wp-json\/wp\/v2\/product_brand?post=698888"},{"taxonomy":"product_cat","embeddable":true,"href":"https:\/\/roveyayinevi.com.tr\/index.php\/wp-json\/wp\/v2\/product_cat?post=698888"},{"taxonomy":"product_tag","embeddable":true,"href":"https:\/\/roveyayinevi.com.tr\/index.php\/wp-json\/wp\/v2\/product_tag?post=698888"}],"curies":[{"name":"wp","href":"https:\/\/api.w.org\/{rel}","templated":true}]}}