{"id":698881,"date":"2025-08-27T14:47:54","date_gmt":"2025-08-27T11:47:54","guid":{"rendered":"https:\/\/roveyayinevi.com.tr\/index.php\/urun\/garfield-ile-arkadaslari-15-cinde-bir-kedinin-basina-gelenler\/"},"modified":"2025-12-30T09:48:57","modified_gmt":"2025-12-30T06:48:57","slug":"garfield-ile-arkadaslari-15-cinde-bir-kedinin-basina-gelenler","status":"publish","type":"product","link":"https:\/\/roveyayinevi.com.tr\/index.php\/urun\/garfield-ile-arkadaslari-15-cinde-bir-kedinin-basina-gelenler\/","title":{"rendered":"Garfield ile Arkada\u015flar\u0131 15 &#8211; \u00c7in\u2019de Bir Kedinin Ba\u015f\u0131na Gelenler"},"content":{"rendered":"<p>Nermal, o yaz\u0131 Jon, Odie ve Garfield ile birlikte ge\u00e7irecektir. Bu korkun\u00e7 haberi duydu\u011funda Garfield\u2019\u0131n o yaz ile ilgili b\u00fct\u00fcn hayalleri suya d\u00fc\u015fer. Art\u0131k hi\u00e7 ama hi\u00e7 sevmedi\u011fi, dayan\u0131lmaz kedi Nermal\u2019dan kurtulma zaman\u0131 gelmi\u015ftir. Kurnaz kedi Garfield\u2019\u0131n m\u00fcthi\u015f plan\u0131, onu ve arkada\u015flar\u0131n\u0131 bu sefer \u00c7in\u2019e, yine hi\u00e7 umulmad\u0131k bir maceran\u0131n i\u00e7ine s\u00fcr\u00fckleyecektir. \ufffcTan\u0131t\u0131m Metni<\/p>\n","protected":false},"excerpt":{"rendered":"<p>Nermal, o yaz\u0131 Jon, Odie ve Garfield ile birlikte ge\u00e7irecektir. Bu korkun\u00e7 haberi duydu\u011funda Garfield\u2019\u0131n o yaz ile ilgili b\u00fct\u00fcn hayalleri suya d\u00fc\u015fer. Art\u0131k hi\u00e7 ama<span class=\"excerpt-hellip\"> [\u2026]<\/span><\/p>\n","protected":false},"featured_media":0,"template":"","meta":{"_monsterinsights_skip_tracking":false,"_monsterinsights_sitenote_active":false,"_monsterinsights_sitenote_note":"","_monsterinsights_sitenote_category":0},"product_brand":[],"product_cat":[12274,12284],"product_tag":[],"class_list":{"0":"post-698881","1":"product","2":"type-product","3":"status-publish","5":"product_cat-cocuk-ve-genclik-kitaplari","6":"product_cat-hikayeler","7":"pa_cilt-ciltsiz","8":"pa_tur-kitap","9":"pa_yayinevi-yapi-kredi-yayinlari","10":"pa_yazar-jim-davis","12":"first","13":"instock","14":"sale","15":"shipping-taxable","16":"purchasable","17":"product-type-simple"},"_links":{"self":[{"href":"https:\/\/roveyayinevi.com.tr\/index.php\/wp-json\/wp\/v2\/product\/698881","targetHints":{"allow":["GET"]}}],"collection":[{"href":"https:\/\/roveyayinevi.com.tr\/index.php\/wp-json\/wp\/v2\/product"}],"about":[{"href":"https:\/\/roveyayinevi.com.tr\/index.php\/wp-json\/wp\/v2\/types\/product"}],"wp:attachment":[{"href":"https:\/\/roveyayinevi.com.tr\/index.php\/wp-json\/wp\/v2\/media?parent=698881"}],"wp:term":[{"taxonomy":"product_brand","embeddable":true,"href":"https:\/\/roveyayinevi.com.tr\/index.php\/wp-json\/wp\/v2\/product_brand?post=698881"},{"taxonomy":"product_cat","embeddable":true,"href":"https:\/\/roveyayinevi.com.tr\/index.php\/wp-json\/wp\/v2\/product_cat?post=698881"},{"taxonomy":"product_tag","embeddable":true,"href":"https:\/\/roveyayinevi.com.tr\/index.php\/wp-json\/wp\/v2\/product_tag?post=698881"}],"curies":[{"name":"wp","href":"https:\/\/api.w.org\/{rel}","templated":true}]}}