{"id":698880,"date":"2025-08-27T14:47:54","date_gmt":"2025-08-27T11:47:54","guid":{"rendered":"https:\/\/roveyayinevi.com.tr\/index.php\/urun\/ogretim-ilke-ve-yontemleri\/"},"modified":"2026-04-16T02:08:20","modified_gmt":"2026-04-15T23:08:20","slug":"ogretim-ilke-ve-yontemleri","status":"publish","type":"product","link":"https:\/\/roveyayinevi.com.tr\/index.php\/urun\/ogretim-ilke-ve-yontemleri\/","title":{"rendered":"\u00d6\u011fretim \u0130lke ve Y\u00f6ntemleri"},"content":{"rendered":"<p>\u00d6\u011fretim \u0130lke ve Y\u00f6ntemleri dersi, alan \u00f6\u011fretimi derslerine de temel olu\u015fturdu\u011fundan E\u011fitim Fak\u00fcltesi b\u00f6l\u00fcm programlar\u0131nda yer alan derslerin i\u00e7inde \u00f6zel bir \u00f6neme sahiptir. Bu temel konumundan dolay\u0131 bu dersi alan \u00f6\u011fretmen adaylar\u0131n\u0131n kavramlar\u0131 b\u00fct\u00fcnc\u00fcl bir \u00e7er\u00e7evede olu\u015fturarak do\u011fru bir bak\u0131\u015f a\u00e7\u0131s\u0131na sahip olmalar\u0131n\u0131 sa\u011flamak ku\u015fkusuz \u00e7ok \u00f6nemlidir.\u00d6te yandan hali haz\u0131rda \u00f6\u011fretmenlerin de \u00f6zellikle \u00f6\u011frenci merkezli y\u00f6ntemler ve uygulamas\u0131na y\u00f6nelik alg\u0131lar\u0131nda da eksiklikler, soru i\u015faretleri g\u00f6r\u00fclmektedir. Yaz\u0131lan bu kitap ile hem \u00f6\u011fretmen adaylar\u0131na hem de \u00f6\u011fretmenlerin alg\u0131lar\u0131na y\u00f6nelik olumlu, soru i\u015faretlerini giderecek katk\u0131lar sa\u011flanaca\u011f\u0131n\u0131 umuyoruz. <\/p>\n","protected":false},"excerpt":{"rendered":"<p>\u00d6\u011fretim \u0130lke ve Y\u00f6ntemleri dersi, alan \u00f6\u011fretimi derslerine de temel olu\u015fturdu\u011fundan E\u011fitim Fak\u00fcltesi b\u00f6l\u00fcm programlar\u0131nda yer alan derslerin i\u00e7inde \u00f6zel bir \u00f6neme sahiptir. Bu temel konumundan<span class=\"excerpt-hellip\"> [\u2026]<\/span><\/p>\n","protected":false},"featured_media":0,"template":"","meta":{"_monsterinsights_skip_tracking":false,"_monsterinsights_sitenote_active":false,"_monsterinsights_sitenote_note":"","_monsterinsights_sitenote_category":0},"product_brand":[],"product_cat":[12573,12566],"product_tag":[],"class_list":{"0":"post-698880","1":"product","2":"type-product","3":"status-publish","5":"product_cat-akademik-kitaplar","6":"product_cat-egitim","7":"pa_cilt-ciltsiz","8":"pa_tur-kitap","9":"pa_yayinevi-egiten-kitap","10":"pa_yazar-hulya-cermik","12":"first","13":"instock","14":"sale","15":"shipping-taxable","16":"purchasable","17":"product-type-simple"},"_links":{"self":[{"href":"https:\/\/roveyayinevi.com.tr\/index.php\/wp-json\/wp\/v2\/product\/698880","targetHints":{"allow":["GET"]}}],"collection":[{"href":"https:\/\/roveyayinevi.com.tr\/index.php\/wp-json\/wp\/v2\/product"}],"about":[{"href":"https:\/\/roveyayinevi.com.tr\/index.php\/wp-json\/wp\/v2\/types\/product"}],"wp:attachment":[{"href":"https:\/\/roveyayinevi.com.tr\/index.php\/wp-json\/wp\/v2\/media?parent=698880"}],"wp:term":[{"taxonomy":"product_brand","embeddable":true,"href":"https:\/\/roveyayinevi.com.tr\/index.php\/wp-json\/wp\/v2\/product_brand?post=698880"},{"taxonomy":"product_cat","embeddable":true,"href":"https:\/\/roveyayinevi.com.tr\/index.php\/wp-json\/wp\/v2\/product_cat?post=698880"},{"taxonomy":"product_tag","embeddable":true,"href":"https:\/\/roveyayinevi.com.tr\/index.php\/wp-json\/wp\/v2\/product_tag?post=698880"}],"curies":[{"name":"wp","href":"https:\/\/api.w.org\/{rel}","templated":true}]}}