{"id":698879,"date":"2025-08-27T14:47:53","date_gmt":"2025-08-27T11:47:53","guid":{"rendered":"https:\/\/roveyayinevi.com.tr\/index.php\/urun\/ibnul-arabi-sayilar-ve-ruyalar\/"},"modified":"2026-04-16T02:08:20","modified_gmt":"2026-04-15T23:08:20","slug":"ibnul-arabi-sayilar-ve-ruyalar","status":"publish","type":"product","link":"https:\/\/roveyayinevi.com.tr\/index.php\/urun\/ibnul-arabi-sayilar-ve-ruyalar\/","title":{"rendered":"\u0130bn\u00fc&#8217;l Arabi &#8211; Say\u0131lar ve R\u00fcyalar"},"content":{"rendered":"<p>\u0130nsano\u011flu, e\u015fyay\u0131 \u00f6l\u00e7me giri\u015fiminin sonucunda say\u0131y\u0131 fark eder, daha sonra alemin say\u0131sal bir d\u00fczen \u00fczerine kurulu oldu\u011funu anlar. Her toplumun say\u0131y\u0131 d\u00fc\u015f\u00fcn\u00fcp sembolle\u015ftirmesi, bu bilginin Allah vergisi olarak do\u011fam\u0131zda var oldu\u011funa i\u015faret etmektedir. Say\u0131lar, alemin kozmik dilidir. Bu y\u00fczden evrendeki varl\u0131klar\u0131n s\u0131rr\u0131, bu dilin \u00e7\u00f6z\u00fcl\u00fcp anla\u015f\u0131lmas\u0131yla bilinebilir. Nitekim \u0130bn\u00fc&#8217;l-Arabi de say\u0131n\u0131n ilahi mertebeden s\u0131rlar ta\u015f\u0131d\u0131\u011f\u0131n\u0131 belirtmekte ve say\u0131n\u0131n ilkelerinden hareketle varolu\u015fun il\u00e2hi s\u0131rlar\u0131n\u0131n bilinebilece\u011fini d\u00fc\u015f\u00fcnmektedir. <\/p>\n","protected":false},"excerpt":{"rendered":"<p>\u0130nsano\u011flu, e\u015fyay\u0131 \u00f6l\u00e7me giri\u015fiminin sonucunda say\u0131y\u0131 fark eder, daha sonra alemin say\u0131sal bir d\u00fczen \u00fczerine kurulu oldu\u011funu anlar. Her toplumun say\u0131y\u0131 d\u00fc\u015f\u00fcn\u00fcp sembolle\u015ftirmesi, bu bilginin Allah<span class=\"excerpt-hellip\"> [\u2026]<\/span><\/p>\n","protected":false},"featured_media":0,"template":"","meta":{"_monsterinsights_skip_tracking":false,"_monsterinsights_sitenote_active":false,"_monsterinsights_sitenote_note":"","_monsterinsights_sitenote_category":0},"product_brand":[],"product_cat":[12718,12719,12720],"product_tag":[],"class_list":{"0":"post-698879","1":"product","2":"type-product","3":"status-publish","5":"product_cat-din","6":"product_cat-islam","7":"product_cat-tasavvuf-mezhepler-tarikatlar","8":"pa_cilt-ciltsiz","9":"pa_tur-kitap","10":"pa_yayinevi-nefes-yayincilik","11":"pa_yazar-osman-nuri-kucuk","13":"first","14":"instock","15":"sale","16":"shipping-taxable","17":"purchasable","18":"product-type-simple"},"_links":{"self":[{"href":"https:\/\/roveyayinevi.com.tr\/index.php\/wp-json\/wp\/v2\/product\/698879","targetHints":{"allow":["GET"]}}],"collection":[{"href":"https:\/\/roveyayinevi.com.tr\/index.php\/wp-json\/wp\/v2\/product"}],"about":[{"href":"https:\/\/roveyayinevi.com.tr\/index.php\/wp-json\/wp\/v2\/types\/product"}],"wp:attachment":[{"href":"https:\/\/roveyayinevi.com.tr\/index.php\/wp-json\/wp\/v2\/media?parent=698879"}],"wp:term":[{"taxonomy":"product_brand","embeddable":true,"href":"https:\/\/roveyayinevi.com.tr\/index.php\/wp-json\/wp\/v2\/product_brand?post=698879"},{"taxonomy":"product_cat","embeddable":true,"href":"https:\/\/roveyayinevi.com.tr\/index.php\/wp-json\/wp\/v2\/product_cat?post=698879"},{"taxonomy":"product_tag","embeddable":true,"href":"https:\/\/roveyayinevi.com.tr\/index.php\/wp-json\/wp\/v2\/product_tag?post=698879"}],"curies":[{"name":"wp","href":"https:\/\/api.w.org\/{rel}","templated":true}]}}