{"id":698877,"date":"2025-08-27T14:47:53","date_gmt":"2025-08-27T11:47:53","guid":{"rendered":"https:\/\/roveyayinevi.com.tr\/index.php\/urun\/canakkale-sesleniyor\/"},"modified":"2026-04-16T02:08:20","modified_gmt":"2026-04-15T23:08:20","slug":"canakkale-sesleniyor","status":"publish","type":"product","link":"https:\/\/roveyayinevi.com.tr\/index.php\/urun\/canakkale-sesleniyor\/","title":{"rendered":"\u00c7anakkale Sesleniyor"},"content":{"rendered":"<p>Dinle Sevgili Karde\u015fim, dinle!\u00c7anakkale sesleniyor&#8230;Dinleyene de\u011ferimizi sunuyor&#8230;Anlayana ibretler s\u00f6yl\u00fcyor&#8230;Hissedene dersler veriyor&#8230;\u00c7anakkale konu\u015fuyor&#8230;Duyuyor musun?Sesine ses veriyor musun?*** Bug\u00fcn muhta\u00e7 oldu\u011fumuz b\u00fct\u00fcn de\u011ferler orada ya\u015fand\u0131.\u0130nanc\u0131m\u0131z\u0131n g\u00fczellikleri orada \u015fahland\u0131.Yenilgilerimizin utanc\u0131 orada akland\u0131.Ve yeniden taptaze gelecek umutlar\u0131 orada boy att\u0131.Mehmet\u00e7ik, ad\u0131n\u0131 bir kez daha orada hak etti.Bug\u00fcn\u00fcm\u00fcz\u00fcn temelleri, o m\u00fcbarek topraklarda \u015fehit kanlar\u0131yla at\u0131ld\u0131.Bu hat\u0131ralar orada hala capcanl\u0131&#8230;\u00c7anakkale hala sesleniyor.Duyuyor musun?Yoksa hala uyuyor musun? <\/p>\n","protected":false},"excerpt":{"rendered":"<p>Dinle Sevgili Karde\u015fim, dinle!\u00c7anakkale sesleniyor&#8230;Dinleyene de\u011ferimizi sunuyor&#8230;Anlayana ibretler s\u00f6yl\u00fcyor&#8230;Hissedene dersler veriyor&#8230;\u00c7anakkale konu\u015fuyor&#8230;Duyuyor musun?Sesine ses veriyor musun?*** Bug\u00fcn muhta\u00e7 oldu\u011fumuz b\u00fct\u00fcn de\u011ferler orada ya\u015fand\u0131.\u0130nanc\u0131m\u0131z\u0131n g\u00fczellikleri orada \u015fahland\u0131.Yenilgilerimizin<span class=\"excerpt-hellip\"> [\u2026]<\/span><\/p>\n","protected":false},"featured_media":0,"template":"","meta":{"_monsterinsights_skip_tracking":false,"_monsterinsights_sitenote_active":false,"_monsterinsights_sitenote_note":"","_monsterinsights_sitenote_category":0},"product_brand":[],"product_cat":[12312,12304],"product_tag":[],"class_list":{"0":"post-698877","1":"product","2":"type-product","3":"status-publish","5":"product_cat-diger","6":"product_cat-tarih","7":"pa_cilt-ciltsiz","8":"pa_tur-kitap","9":"pa_yayinevi-nesil-yayinlari","10":"pa_yazar-vehbi-vakkasoglu","12":"first","13":"instock","14":"sale","15":"shipping-taxable","16":"purchasable","17":"product-type-simple"},"_links":{"self":[{"href":"https:\/\/roveyayinevi.com.tr\/index.php\/wp-json\/wp\/v2\/product\/698877","targetHints":{"allow":["GET"]}}],"collection":[{"href":"https:\/\/roveyayinevi.com.tr\/index.php\/wp-json\/wp\/v2\/product"}],"about":[{"href":"https:\/\/roveyayinevi.com.tr\/index.php\/wp-json\/wp\/v2\/types\/product"}],"wp:attachment":[{"href":"https:\/\/roveyayinevi.com.tr\/index.php\/wp-json\/wp\/v2\/media?parent=698877"}],"wp:term":[{"taxonomy":"product_brand","embeddable":true,"href":"https:\/\/roveyayinevi.com.tr\/index.php\/wp-json\/wp\/v2\/product_brand?post=698877"},{"taxonomy":"product_cat","embeddable":true,"href":"https:\/\/roveyayinevi.com.tr\/index.php\/wp-json\/wp\/v2\/product_cat?post=698877"},{"taxonomy":"product_tag","embeddable":true,"href":"https:\/\/roveyayinevi.com.tr\/index.php\/wp-json\/wp\/v2\/product_tag?post=698877"}],"curies":[{"name":"wp","href":"https:\/\/api.w.org\/{rel}","templated":true}]}}