{"id":698875,"date":"2025-08-27T14:47:52","date_gmt":"2025-08-27T11:47:52","guid":{"rendered":"https:\/\/roveyayinevi.com.tr\/index.php\/urun\/pragmacilik-ve-sosyoloji\/"},"modified":"2026-04-16T02:08:20","modified_gmt":"2026-04-15T23:08:20","slug":"pragmacilik-ve-sosyoloji","status":"publish","type":"product","link":"https:\/\/roveyayinevi.com.tr\/index.php\/urun\/pragmacilik-ve-sosyoloji\/","title":{"rendered":"Pragmac\u0131l\u0131k ve Sosyoloji"},"content":{"rendered":"<p>K\u00f6kenleri Nietzsche, Romantizm, William James, John Dewey, Schiller\u2019e kadar giden Pragmac\u0131l\u0131k (yararc\u0131l\u0131k, faydac\u0131l\u0131k) anl\u0131k ger\u00e7e\u011fi derinle\u015ftirmek ya da yerine d\u00fc\u015f\u00fcncenin yarat\u0131lar\u0131ndan kurulu bir d\u00fcnya koymak sav\u0131nda de\u011fildir. Pragmac\u0131l\u0131kta egemen olan \u015fey, ger\u00e7ek\u00e7i ve uygulamac\u0131 bir anlay\u0131\u015ft\u0131r.   Pragmatist ki\u015fi bir \u201ceylem insan\u0131\u201dd\u0131r ve bunun sonucu olarak da olan \u015feylere \u00f6nem verir. Eylemini d\u00fc\u015fte iken y\u00fcr\u00fctmez; hi\u00e7bir zaman Nietzsche gibi bir yalva\u00e7 ya da bir esinlenmi\u015f ki\u015fi sesiyle seslenmez; ne korku ne de kayg\u0131 bilir. Onun i\u00e7in ger\u00e7ek, \u201cger\u00e7ele\u015ftirilecek\u201d bir \u015feydir.   Durkheim\u2019\u0131n Sorbonne\u2019da 1913 \u2013 1914 \u00f6\u011fretim y\u0131l\u0131nda verdi\u011fi ders notlar\u0131ndan olu\u015fan Pragmac\u0131l\u0131k ve Sosyoloji\u2019de Pragmac\u0131l\u0131\u011f\u0131n toplumbilimle derin ili\u015fkisi irdeleniyor.   Durkheim, bu dersleri konusunda \u015funlar\u0131 s\u00f6yl\u00fcyor:   \u201cBeni bu ders konusunu se\u00e7meye y\u00f6nelten nedenler nelerdir? Neden derse Pragmac\u0131l\u0131k ve Sosyoloji ad\u0131n\u0131 verdim? Birincisi, bug\u00fcn ger\u00e7e\u011fin kuram\u0131 \u00fczerine eldeki hemen tek kuram olan Pragmac\u0131l\u0131\u011f\u0131n g\u00fcncelli\u011finden dolay\u0131; ikincisi, Pragmac\u0131l\u0131kta, toplumbilimle ortakla\u015fa olarak, bir ya\u015fam ve eylem anlam\u0131 bulunmas\u0131ndan dolay\u0131, her iki ak\u0131m da ayn\u0131 \u00e7a\u011f\u0131n \u00e7ocuklar\u0131d\u0131r.\u201d   Durkheim\u2019\u0131n Pragmac\u0131l\u0131k ve Sosyoloji adl\u0131 bu yap\u0131t\u0131n\u0131 Prof. Dr. \u00d6zer Ozankaya\u2019n\u0131n duru T\u00fcrk\u00e7esiyle sunuyoruz.<\/p>\n","protected":false},"excerpt":{"rendered":"<p>K\u00f6kenleri Nietzsche, Romantizm, William James, John Dewey, Schiller\u2019e kadar giden Pragmac\u0131l\u0131k (yararc\u0131l\u0131k, faydac\u0131l\u0131k) anl\u0131k ger\u00e7e\u011fi derinle\u015ftirmek ya da yerine d\u00fc\u015f\u00fcncenin yarat\u0131lar\u0131ndan kurulu bir d\u00fcnya koymak sav\u0131nda<span class=\"excerpt-hellip\"> [\u2026]<\/span><\/p>\n","protected":false},"featured_media":0,"template":"","meta":{"_monsterinsights_skip_tracking":false,"_monsterinsights_sitenote_active":false,"_monsterinsights_sitenote_note":"","_monsterinsights_sitenote_category":0},"product_brand":[],"product_cat":[12835,12324],"product_tag":[],"class_list":{"0":"post-698875","1":"product","2":"type-product","3":"status-publish","5":"product_cat-genel-sosyoloji","6":"product_cat-sosyoloji","7":"pa_cilt-ciltsiz","8":"pa_tur-kitap","9":"pa_yayinevi-cem-yayinevi","10":"pa_yazar-emile-durkheim","12":"first","13":"instock","14":"sale","15":"shipping-taxable","16":"purchasable","17":"product-type-simple"},"_links":{"self":[{"href":"https:\/\/roveyayinevi.com.tr\/index.php\/wp-json\/wp\/v2\/product\/698875","targetHints":{"allow":["GET"]}}],"collection":[{"href":"https:\/\/roveyayinevi.com.tr\/index.php\/wp-json\/wp\/v2\/product"}],"about":[{"href":"https:\/\/roveyayinevi.com.tr\/index.php\/wp-json\/wp\/v2\/types\/product"}],"wp:attachment":[{"href":"https:\/\/roveyayinevi.com.tr\/index.php\/wp-json\/wp\/v2\/media?parent=698875"}],"wp:term":[{"taxonomy":"product_brand","embeddable":true,"href":"https:\/\/roveyayinevi.com.tr\/index.php\/wp-json\/wp\/v2\/product_brand?post=698875"},{"taxonomy":"product_cat","embeddable":true,"href":"https:\/\/roveyayinevi.com.tr\/index.php\/wp-json\/wp\/v2\/product_cat?post=698875"},{"taxonomy":"product_tag","embeddable":true,"href":"https:\/\/roveyayinevi.com.tr\/index.php\/wp-json\/wp\/v2\/product_tag?post=698875"}],"curies":[{"name":"wp","href":"https:\/\/api.w.org\/{rel}","templated":true}]}}