{"id":698874,"date":"2025-08-27T14:47:52","date_gmt":"2025-08-27T11:47:52","guid":{"rendered":"https:\/\/roveyayinevi.com.tr\/index.php\/urun\/turkiyede-isci-hareketi\/"},"modified":"2026-04-16T02:08:20","modified_gmt":"2026-04-15T23:08:20","slug":"turkiyede-isci-hareketi","status":"publish","type":"product","link":"https:\/\/roveyayinevi.com.tr\/index.php\/urun\/turkiyede-isci-hareketi\/","title":{"rendered":"T\u00fcrkiye&#8217;de \u0130\u015f\u00e7i Hareketi"},"content":{"rendered":"<p>Bu \u00e7al\u0131\u015fman\u0131n as\u0131l hedefi, T\u00fcrkiye\u2019deki i\u015f\u00e7i hareketi tarihinin belli bir d\u00f6nemini genel \u00e7izgileriyle \u00f6zetlemek, y\u00fcz y\u0131l\u0131 a\u015fan bir ge\u00e7mi\u015fe sahip T\u00fcrkiye i\u015f\u00e7i hareketindeki s\u00fcreklili\u011fin pe\u015fine d\u00fc\u015fmek ve var\u0131lan noktan\u0131n tarihsel kaynaklar\u0131na ula\u015fma yollar\u0131n\u0131 aramakt\u0131r.Bu hedefe ula\u015fmak i\u00e7in de, s\u00fcreklili\u011fi yaratan unsurlar\u0131n, \u00e7evre ko\u015fullar\u0131n\u0131n, kad\u0131n ve erkeklerin, gen\u00e7lerin, \u00e7ocuk i\u015f\u00e7ilerin, i\u015f\u00e7i eylemleri i\u00e7inde yer alan do\u011fal \u00f6nderlerin, i\u015f\u00e7i \u00f6rg\u00fctlenmelerinin dikkatle izini s\u00fcrmek gerekir.Grevlerin nas\u0131l \u00f6rg\u00fctlendi\u011fini ara\u015ft\u0131rmak, grev ve di\u011fer i\u015f\u00e7i eylemlerinin yasa koyucuyu ve siyasi iktidarlar\u0131 etkiledi\u011fi noktalar\u0131 bulmak, d\u00fczenlenen g\u00f6steri, y\u00fcr\u00fcy\u00fc\u015f ve benzeri eylemleri incelemek, sendikal haklar\u0131n tan\u0131nmas\u0131ndaki geli\u015fmeleri ara\u015ft\u0131rmak ve anlamak gereklidir.Bu kitab\u0131n ta\u015f\u0131d\u0131\u011f\u0131 iddia budur:Bug\u00fcn veya ba\u015fka bir g\u00fcn, ama bir g\u00fcn mutlaka\u2026 <\/p>\n","protected":false},"excerpt":{"rendered":"<p>Bu \u00e7al\u0131\u015fman\u0131n as\u0131l hedefi, T\u00fcrkiye\u2019deki i\u015f\u00e7i hareketi tarihinin belli bir d\u00f6nemini genel \u00e7izgileriyle \u00f6zetlemek, y\u00fcz y\u0131l\u0131 a\u015fan bir ge\u00e7mi\u015fe sahip T\u00fcrkiye i\u015f\u00e7i hareketindeki s\u00fcreklili\u011fin pe\u015fine d\u00fc\u015fmek<span class=\"excerpt-hellip\"> [\u2026]<\/span><\/p>\n","protected":false},"featured_media":0,"template":"","meta":{"_monsterinsights_skip_tracking":false,"_monsterinsights_sitenote_active":false,"_monsterinsights_sitenote_note":"","_monsterinsights_sitenote_category":0},"product_brand":[],"product_cat":[12312,12304],"product_tag":[],"class_list":{"0":"post-698874","1":"product","2":"type-product","3":"status-publish","5":"product_cat-diger","6":"product_cat-tarih","7":"pa_cilt-ciltsiz","8":"pa_tur-kitap","9":"pa_yayinevi-imge-kitabevi-yayinlari","10":"pa_yazar-m-sehmus-guzel","12":"first","13":"instock","14":"sale","15":"shipping-taxable","16":"purchasable","17":"product-type-simple"},"_links":{"self":[{"href":"https:\/\/roveyayinevi.com.tr\/index.php\/wp-json\/wp\/v2\/product\/698874","targetHints":{"allow":["GET"]}}],"collection":[{"href":"https:\/\/roveyayinevi.com.tr\/index.php\/wp-json\/wp\/v2\/product"}],"about":[{"href":"https:\/\/roveyayinevi.com.tr\/index.php\/wp-json\/wp\/v2\/types\/product"}],"wp:attachment":[{"href":"https:\/\/roveyayinevi.com.tr\/index.php\/wp-json\/wp\/v2\/media?parent=698874"}],"wp:term":[{"taxonomy":"product_brand","embeddable":true,"href":"https:\/\/roveyayinevi.com.tr\/index.php\/wp-json\/wp\/v2\/product_brand?post=698874"},{"taxonomy":"product_cat","embeddable":true,"href":"https:\/\/roveyayinevi.com.tr\/index.php\/wp-json\/wp\/v2\/product_cat?post=698874"},{"taxonomy":"product_tag","embeddable":true,"href":"https:\/\/roveyayinevi.com.tr\/index.php\/wp-json\/wp\/v2\/product_tag?post=698874"}],"curies":[{"name":"wp","href":"https:\/\/api.w.org\/{rel}","templated":true}]}}