{"id":698869,"date":"2025-08-27T14:47:51","date_gmt":"2025-08-27T11:47:51","guid":{"rendered":"https:\/\/roveyayinevi.com.tr\/index.php\/urun\/ermeni-milliyetciliginin-seruveni\/"},"modified":"2026-04-16T02:08:20","modified_gmt":"2026-04-15T23:08:20","slug":"ermeni-milliyetciliginin-seruveni","status":"publish","type":"product","link":"https:\/\/roveyayinevi.com.tr\/index.php\/urun\/ermeni-milliyetciliginin-seruveni\/","title":{"rendered":"Ermeni Milliyet\u00e7ili\u011finin Ser\u00fcveni"},"content":{"rendered":"<p>\u201cErmeni milliyet\u00e7i hareketinin ser\u00fcveni, \u00f6zellikle de Ta\u015fnaksutyun Partisi\u2019nin tarihi yaz\u0131lmadan ge\u00e7mi\u015ften bug\u00fcne Ermeni meselesini anlamak m\u00fcmk\u00fcn de\u011fil.\u201d <\/p>\n","protected":false},"excerpt":{"rendered":"<p>\u201cErmeni milliyet\u00e7i hareketinin ser\u00fcveni, \u00f6zellikle de Ta\u015fnaksutyun Partisi\u2019nin tarihi yaz\u0131lmadan ge\u00e7mi\u015ften bug\u00fcne Ermeni meselesini anlamak m\u00fcmk\u00fcn de\u011fil.\u201d<\/p>\n","protected":false},"featured_media":0,"template":"","meta":{"_monsterinsights_skip_tracking":false,"_monsterinsights_sitenote_active":false,"_monsterinsights_sitenote_note":"","_monsterinsights_sitenote_category":0},"product_brand":[],"product_cat":[12370,12304],"product_tag":[],"class_list":{"0":"post-698869","1":"product","2":"type-product","3":"status-publish","5":"product_cat-arastirma-inceleme","6":"product_cat-tarih","7":"pa_tur-kitap","8":"pa_yayinevi-kaynak-yayinlari","9":"pa_yazar-mehmet-perincek","11":"first","12":"instock","13":"sale","14":"shipping-taxable","15":"purchasable","16":"product-type-simple"},"_links":{"self":[{"href":"https:\/\/roveyayinevi.com.tr\/index.php\/wp-json\/wp\/v2\/product\/698869","targetHints":{"allow":["GET"]}}],"collection":[{"href":"https:\/\/roveyayinevi.com.tr\/index.php\/wp-json\/wp\/v2\/product"}],"about":[{"href":"https:\/\/roveyayinevi.com.tr\/index.php\/wp-json\/wp\/v2\/types\/product"}],"wp:attachment":[{"href":"https:\/\/roveyayinevi.com.tr\/index.php\/wp-json\/wp\/v2\/media?parent=698869"}],"wp:term":[{"taxonomy":"product_brand","embeddable":true,"href":"https:\/\/roveyayinevi.com.tr\/index.php\/wp-json\/wp\/v2\/product_brand?post=698869"},{"taxonomy":"product_cat","embeddable":true,"href":"https:\/\/roveyayinevi.com.tr\/index.php\/wp-json\/wp\/v2\/product_cat?post=698869"},{"taxonomy":"product_tag","embeddable":true,"href":"https:\/\/roveyayinevi.com.tr\/index.php\/wp-json\/wp\/v2\/product_tag?post=698869"}],"curies":[{"name":"wp","href":"https:\/\/api.w.org\/{rel}","templated":true}]}}