{"id":698868,"date":"2025-08-27T14:47:50","date_gmt":"2025-08-27T11:47:50","guid":{"rendered":"https:\/\/roveyayinevi.com.tr\/index.php\/urun\/kusursuz-cinayet-yoktur-kusursuza-yakin-olanlar-vardir\/"},"modified":"2025-10-20T02:59:18","modified_gmt":"2025-10-19T23:59:18","slug":"kusursuz-cinayet-yoktur-kusursuza-yakin-olanlar-vardir","status":"publish","type":"product","link":"https:\/\/roveyayinevi.com.tr\/index.php\/urun\/kusursuz-cinayet-yoktur-kusursuza-yakin-olanlar-vardir\/","title":{"rendered":"Kusursuz Cinayet Yoktur Kusursuza Yak\u0131n Olanlar Vard\u0131r"},"content":{"rendered":"<p>D\u00fcnyaca \u00fcnl\u00fc adli t\u0131p uzman\u0131 ve kriminolog Prof. Dr. Sevil Atasoy, sadistlerin ve mazo\u015fistlerin kanl\u0131 ser\u00fcvenlerini aktar\u0131yor, zevkine \u00f6l\u00fcm dosyalar\u0131n\u0131 aral\u0131yor. D\u00fcnyaca \u00fcnl\u00fc adli t\u0131p uzman\u0131 ve kriminolog Prof. Dr. Sevil Atasoy, a\u011f\u0131rl\u0131kl\u0131 olarak cinsel zevk ama\u00e7l\u0131 cinayetleri ve seks\u00fcel seri katilleri ele ald\u0131\u011f\u0131 Kusursuz Cinayet Yoktur\u2019da, sadistlerin ve mazo\u015fistlerin kanl\u0131 ser\u00fcvenlerini aktar\u0131yor, zevkine \u00f6l\u00fcm dosyalar\u0131n\u0131 aral\u0131yor. Asla bulunmak istemeyece\u011finiz evlerde ya\u015fananlar, g\u00fcnlerce s\u00fcren i\u015fkenceler, yanl\u0131\u015fl\u0131kla 19 y\u0131l cezaevinde kalan masumlar, yanl\u0131\u015f de\u011ferlendirilen deliller, Atasoy\u2019un incelikli anlat\u0131m\u0131yla kar\u015f\u0131n\u0131zda&#8230; Kan nas\u0131l s\u0131\u00e7rar&#8230; Satanizm ayinlerinin i\u00e7y\u00fcz\u00fc&#8230; Cinsel su\u00e7lar nas\u0131l ara\u015ft\u0131r\u0131l\u0131r, nas\u0131l ayd\u0131nlat\u0131l\u0131r&#8230; Seks k\u00f6leleri neler ya\u015far&#8230; Beni soluksuz sev! diyen kimdi&#8230; M\u00fcnevver Karabulut cinayeti ve morgdaki hayalet&#8230; \ufffcTan\u0131t\u0131m Metni<\/p>\n","protected":false},"excerpt":{"rendered":"<p>D\u00fcnyaca \u00fcnl\u00fc adli t\u0131p uzman\u0131 ve kriminolog Prof. Dr. Sevil Atasoy, sadistlerin ve mazo\u015fistlerin kanl\u0131 ser\u00fcvenlerini aktar\u0131yor, zevkine \u00f6l\u00fcm dosyalar\u0131n\u0131 aral\u0131yor. D\u00fcnyaca \u00fcnl\u00fc adli t\u0131p uzman\u0131<span class=\"excerpt-hellip\"> [\u2026]<\/span><\/p>\n","protected":false},"featured_media":0,"template":"","meta":{"_monsterinsights_skip_tracking":false,"_monsterinsights_sitenote_active":false,"_monsterinsights_sitenote_note":"","_monsterinsights_sitenote_category":0},"product_brand":[],"product_cat":[12573,12566],"product_tag":[],"class_list":{"0":"post-698868","1":"product","2":"type-product","3":"status-publish","5":"product_cat-akademik-kitaplar","6":"product_cat-egitim","7":"pa_cilt-ciltsiz","8":"pa_tur-kitap","9":"pa_yayinevi-dogan-kitap","10":"pa_yazar-sevil-atasoy","12":"first","13":"instock","14":"sale","15":"shipping-taxable","16":"purchasable","17":"product-type-simple"},"_links":{"self":[{"href":"https:\/\/roveyayinevi.com.tr\/index.php\/wp-json\/wp\/v2\/product\/698868","targetHints":{"allow":["GET"]}}],"collection":[{"href":"https:\/\/roveyayinevi.com.tr\/index.php\/wp-json\/wp\/v2\/product"}],"about":[{"href":"https:\/\/roveyayinevi.com.tr\/index.php\/wp-json\/wp\/v2\/types\/product"}],"wp:attachment":[{"href":"https:\/\/roveyayinevi.com.tr\/index.php\/wp-json\/wp\/v2\/media?parent=698868"}],"wp:term":[{"taxonomy":"product_brand","embeddable":true,"href":"https:\/\/roveyayinevi.com.tr\/index.php\/wp-json\/wp\/v2\/product_brand?post=698868"},{"taxonomy":"product_cat","embeddable":true,"href":"https:\/\/roveyayinevi.com.tr\/index.php\/wp-json\/wp\/v2\/product_cat?post=698868"},{"taxonomy":"product_tag","embeddable":true,"href":"https:\/\/roveyayinevi.com.tr\/index.php\/wp-json\/wp\/v2\/product_tag?post=698868"}],"curies":[{"name":"wp","href":"https:\/\/api.w.org\/{rel}","templated":true}]}}