{"id":698867,"date":"2025-08-27T14:47:50","date_gmt":"2025-08-27T11:47:50","guid":{"rendered":"https:\/\/roveyayinevi.com.tr\/index.php\/urun\/allah-tabiat-ve-tarih-ciltli\/"},"modified":"2026-04-16T02:08:20","modified_gmt":"2026-04-15T23:08:20","slug":"allah-tabiat-ve-tarih-ciltli","status":"publish","type":"product","link":"https:\/\/roveyayinevi.com.tr\/index.php\/urun\/allah-tabiat-ve-tarih-ciltli\/","title":{"rendered":"Allah, Tabiat ve Tarih ( Ciltli )"},"content":{"rendered":"<p>\u0130nsan\u0131n \u00fcretti\u011fi ve s\u00fcrekli besledi\u011fi bir disiplinin, i\u00e7inde ya\u015fad\u0131\u011f\u0131 ba\u011flam\u0131 destekleyecek ve onu ya\u015fanabilir k\u0131lacak kavramlar d\u00fcnyas\u0131n\u0131n d\u0131\u015f\u0131nda kalmas\u0131 ne kadar ac\u0131 vericidir. Son y\u00fczy\u0131llarda Teoloji dahil bir\u00e7ok din\u00ee disiplinin ba\u015f\u0131na gelen felaket budur. Teolojinin klasik yap\u0131s\u0131nda tabiat\u00fcst\u00fcne referansla kurdu\u011fu kavramlar d\u00fcnyas\u0131, bug\u00fcn\u00fcn insan\u0131n\u0131n zihin d\u00fcnyas\u0131na hitap etmemektedir. Bu kitap, bir zamanlar ilimlerin tac\u0131 olarak kabul edilen Teolojinin, modern d\u00fc\u015f\u00fcnceye ba\u015flang\u0131\u00e7 kabul edilen 17. y\u00fczy\u0131ldan bu tarafa ya\u015fad\u0131\u011f\u0131 s\u00fcrg\u00fcn hayat\u0131n\u0131 sora erdirmeyi ve bu disiplini her anlamda insan\u0131n ya\u015fam alan\u0131na indirmeyi esas almaktad\u0131r. <\/p>\n","protected":false},"excerpt":{"rendered":"<p>\u0130nsan\u0131n \u00fcretti\u011fi ve s\u00fcrekli besledi\u011fi bir disiplinin, i\u00e7inde ya\u015fad\u0131\u011f\u0131 ba\u011flam\u0131 destekleyecek ve onu ya\u015fanabilir k\u0131lacak kavramlar d\u00fcnyas\u0131n\u0131n d\u0131\u015f\u0131nda kalmas\u0131 ne kadar ac\u0131 vericidir. Son y\u00fczy\u0131llarda Teoloji<span class=\"excerpt-hellip\"> [\u2026]<\/span><\/p>\n","protected":false},"featured_media":0,"template":"","meta":{"_monsterinsights_skip_tracking":false,"_monsterinsights_sitenote_active":false,"_monsterinsights_sitenote_note":"","_monsterinsights_sitenote_category":0},"product_brand":[],"product_cat":[13036,12718,12719],"product_tag":[],"class_list":{"0":"post-698867","1":"product","2":"type-product","3":"status-publish","5":"product_cat-arastirma-inceleme-islam","6":"product_cat-din","7":"product_cat-islam","8":"pa_cilt-ciltli","9":"pa_tur-kitap","10":"pa_yayinevi-otto-yayinlari","11":"pa_yazar-saban-ali-duzgun","13":"first","14":"instock","15":"sale","16":"shipping-taxable","17":"purchasable","18":"product-type-simple"},"_links":{"self":[{"href":"https:\/\/roveyayinevi.com.tr\/index.php\/wp-json\/wp\/v2\/product\/698867","targetHints":{"allow":["GET"]}}],"collection":[{"href":"https:\/\/roveyayinevi.com.tr\/index.php\/wp-json\/wp\/v2\/product"}],"about":[{"href":"https:\/\/roveyayinevi.com.tr\/index.php\/wp-json\/wp\/v2\/types\/product"}],"wp:attachment":[{"href":"https:\/\/roveyayinevi.com.tr\/index.php\/wp-json\/wp\/v2\/media?parent=698867"}],"wp:term":[{"taxonomy":"product_brand","embeddable":true,"href":"https:\/\/roveyayinevi.com.tr\/index.php\/wp-json\/wp\/v2\/product_brand?post=698867"},{"taxonomy":"product_cat","embeddable":true,"href":"https:\/\/roveyayinevi.com.tr\/index.php\/wp-json\/wp\/v2\/product_cat?post=698867"},{"taxonomy":"product_tag","embeddable":true,"href":"https:\/\/roveyayinevi.com.tr\/index.php\/wp-json\/wp\/v2\/product_tag?post=698867"}],"curies":[{"name":"wp","href":"https:\/\/api.w.org\/{rel}","templated":true}]}}