{"id":698866,"date":"2025-08-27T14:47:50","date_gmt":"2025-08-27T11:47:50","guid":{"rendered":"https:\/\/roveyayinevi.com.tr\/index.php\/urun\/kurmaca-mekan\/"},"modified":"2026-04-16T02:08:20","modified_gmt":"2026-04-15T23:08:20","slug":"kurmaca-mekan","status":"publish","type":"product","link":"https:\/\/roveyayinevi.com.tr\/index.php\/urun\/kurmaca-mekan\/","title":{"rendered":"Kurmaca Mekan"},"content":{"rendered":"<p>Kurmaca Mekan: Kuzey K\u0131br\u0131s\u2019\u0131n Duygu Co\u011frafyas\u0131, Yael Navaro\u2019nun Kuzey K\u0131br\u0131s T\u00fcrk Cumhuriyeti\u2019nde, s\u0131n\u0131r\u0131n hala kapal\u0131 oldu\u011fu d\u00f6nemde (1998-2003 aras\u0131nda) y\u00fcr\u00fctt\u00fc\u011f\u00fc etnografik bir ara\u015ft\u0131rmaya dayan\u0131yor. Navaro\u2019nun analitik bir kategori olarak kulland\u0131\u011f\u0131 \u201ckurmaca\u201d yaln\u0131zca mekan ve \u00fclkeye de\u011fil, y\u00f6netime ve maddi pratiklere de g\u00f6nderme yap\u0131yor. Kitab\u0131n yan\u0131tlamaya \u00e7al\u0131\u015ft\u0131\u011f\u0131 temel sorular aras\u0131nda \u015funlar var: Kurmaca bir mekan nas\u0131l yarat\u0131l\u0131r? \u00d6zellikleri nelerdir? Hangi pratiklerle olu\u015fur? Nas\u0131l bir hissiyat\u0131 vard\u0131r? <\/p>\n","protected":false},"excerpt":{"rendered":"<p>Kurmaca Mekan: Kuzey K\u0131br\u0131s\u2019\u0131n Duygu Co\u011frafyas\u0131, Yael Navaro\u2019nun Kuzey K\u0131br\u0131s T\u00fcrk Cumhuriyeti\u2019nde, s\u0131n\u0131r\u0131n hala kapal\u0131 oldu\u011fu d\u00f6nemde (1998-2003 aras\u0131nda) y\u00fcr\u00fctt\u00fc\u011f\u00fc etnografik bir ara\u015ft\u0131rmaya dayan\u0131yor. Navaro\u2019nun analitik<span class=\"excerpt-hellip\"> [\u2026]<\/span><\/p>\n","protected":false},"featured_media":0,"template":"","meta":{"_monsterinsights_skip_tracking":false,"_monsterinsights_sitenote_active":false,"_monsterinsights_sitenote_note":"","_monsterinsights_sitenote_category":0},"product_brand":[],"product_cat":[15499,13488],"product_tag":[],"class_list":{"0":"post-698866","1":"product","2":"type-product","3":"status-publish","5":"product_cat-antropoloji","6":"product_cat-toplum-ve-insan","7":"pa_tur-kitap","8":"pa_yayinevi-koc-universitesi-yayinlari","9":"pa_yazar-yael-navaro","11":"first","12":"instock","13":"sale","14":"shipping-taxable","15":"purchasable","16":"product-type-simple"},"_links":{"self":[{"href":"https:\/\/roveyayinevi.com.tr\/index.php\/wp-json\/wp\/v2\/product\/698866","targetHints":{"allow":["GET"]}}],"collection":[{"href":"https:\/\/roveyayinevi.com.tr\/index.php\/wp-json\/wp\/v2\/product"}],"about":[{"href":"https:\/\/roveyayinevi.com.tr\/index.php\/wp-json\/wp\/v2\/types\/product"}],"wp:attachment":[{"href":"https:\/\/roveyayinevi.com.tr\/index.php\/wp-json\/wp\/v2\/media?parent=698866"}],"wp:term":[{"taxonomy":"product_brand","embeddable":true,"href":"https:\/\/roveyayinevi.com.tr\/index.php\/wp-json\/wp\/v2\/product_brand?post=698866"},{"taxonomy":"product_cat","embeddable":true,"href":"https:\/\/roveyayinevi.com.tr\/index.php\/wp-json\/wp\/v2\/product_cat?post=698866"},{"taxonomy":"product_tag","embeddable":true,"href":"https:\/\/roveyayinevi.com.tr\/index.php\/wp-json\/wp\/v2\/product_tag?post=698866"}],"curies":[{"name":"wp","href":"https:\/\/api.w.org\/{rel}","templated":true}]}}