{"id":698865,"date":"2025-08-27T14:47:49","date_gmt":"2025-08-27T11:47:49","guid":{"rendered":"https:\/\/roveyayinevi.com.tr\/index.php\/urun\/su-cilgin-gencler\/"},"modified":"2026-04-16T02:08:19","modified_gmt":"2026-04-15T23:08:19","slug":"su-cilgin-gencler","status":"publish","type":"product","link":"https:\/\/roveyayinevi.com.tr\/index.php\/urun\/su-cilgin-gencler\/","title":{"rendered":"\u015eu \u00c7\u0131lg\u0131n Gen\u00e7ler"},"content":{"rendered":"<p>T\u00fcrkiye Gen\u00e7lik Birli\u011fi, \u00fclkemizin onuru, gelece\u011fimizin g\u00fcvencesidir. Atat\u00fcrk&#8217;\u00fcn gen\u00e7li\u011fe sesleni\u015finin g\u00fcn\u00fcm\u00fczde tam olarak kar\u015f\u0131l\u0131\u011f\u0131d\u0131r. <\/p>\n","protected":false},"excerpt":{"rendered":"<p>T\u00fcrkiye Gen\u00e7lik Birli\u011fi, \u00fclkemizin onuru, gelece\u011fimizin g\u00fcvencesidir. Atat\u00fcrk&#8217;\u00fcn gen\u00e7li\u011fe sesleni\u015finin g\u00fcn\u00fcm\u00fczde tam olarak kar\u015f\u0131l\u0131\u011f\u0131d\u0131r.<\/p>\n","protected":false},"featured_media":0,"template":"","meta":{"_monsterinsights_skip_tracking":false,"_monsterinsights_sitenote_active":false,"_monsterinsights_sitenote_note":"","_monsterinsights_sitenote_category":0},"product_brand":[],"product_cat":[31194,12337],"product_tag":[],"class_list":{"0":"post-698865","1":"product","2":"type-product","3":"status-publish","5":"product_cat-guncel-siyaset","6":"product_cat-politika-siyaset","7":"pa_tur-kitap","8":"pa_yayinevi-kaynak-yayinlari","9":"pa_yazar-cagdas-cengiz","11":"first","12":"instock","13":"sale","14":"shipping-taxable","15":"purchasable","16":"product-type-simple"},"_links":{"self":[{"href":"https:\/\/roveyayinevi.com.tr\/index.php\/wp-json\/wp\/v2\/product\/698865","targetHints":{"allow":["GET"]}}],"collection":[{"href":"https:\/\/roveyayinevi.com.tr\/index.php\/wp-json\/wp\/v2\/product"}],"about":[{"href":"https:\/\/roveyayinevi.com.tr\/index.php\/wp-json\/wp\/v2\/types\/product"}],"wp:attachment":[{"href":"https:\/\/roveyayinevi.com.tr\/index.php\/wp-json\/wp\/v2\/media?parent=698865"}],"wp:term":[{"taxonomy":"product_brand","embeddable":true,"href":"https:\/\/roveyayinevi.com.tr\/index.php\/wp-json\/wp\/v2\/product_brand?post=698865"},{"taxonomy":"product_cat","embeddable":true,"href":"https:\/\/roveyayinevi.com.tr\/index.php\/wp-json\/wp\/v2\/product_cat?post=698865"},{"taxonomy":"product_tag","embeddable":true,"href":"https:\/\/roveyayinevi.com.tr\/index.php\/wp-json\/wp\/v2\/product_tag?post=698865"}],"curies":[{"name":"wp","href":"https:\/\/api.w.org\/{rel}","templated":true}]}}