{"id":698862,"date":"2025-08-27T14:47:48","date_gmt":"2025-08-27T11:47:48","guid":{"rendered":"https:\/\/roveyayinevi.com.tr\/index.php\/urun\/azazilin-kapisinda\/"},"modified":"2026-04-16T02:08:19","modified_gmt":"2026-04-15T23:08:19","slug":"azazilin-kapisinda","status":"publish","type":"product","link":"https:\/\/roveyayinevi.com.tr\/index.php\/urun\/azazilin-kapisinda\/","title":{"rendered":"Azazil&#8217;in Kap\u0131s\u0131nda"},"content":{"rendered":"<p>Okurlar\u0131n y\u0131llar \u00f6nce Mavera\u2019dan tan\u0131d\u0131\u011f\u0131 Recep Seyhan, \u00fc\u00e7\u00fcnc\u00fc kitab\u0131yla hakiki olanla kurmaca olan\u0131n; var olanla hep bir yerlere giden aras\u0131ndaki elle tutulamayan\u0131n paradoksal ili\u015fkilerine imgesel, felsef\u00ee, ironik bir dille; anlat\u0131c\u0131 a\u011f\u0131rl\u0131kl\u0131, ak\u0131\u015fkan anlat\u0131m\u0131yla dikkatimizi \u00e7ekiyor. Modern \u00f6yk\u00fc ile postmodern \u00e7izgi aras\u0131nda kendisine ait bir yerde duran yazar; insan\u0131n ezeli aray\u0131\u015f\u0131n\u0131, kendisiyle sava\u015f\u0131n\u0131, \u00e7\u0131kmazlar\u0131n\u0131, \u00e7at\u0131\u015fmalar\u0131n\u0131, \u00e7eli\u015fkilerini, e\u015fya ile olan ili\u015fkilerini; ya\u015fad\u0131\u011f\u0131 kentle ve \u00e7evresiyle uyum sa\u011flayamayan ki\u015filerin bulunduklar\u0131 yerde kendilerine bir alan a\u00e7ma \u00e7abalar\u0131n\u0131 ele al\u0131yor. Uzun c\u00fcmleleri seven yazar, metinleri ritmik ve k\u0131vrak bir dil i\u015f\u00e7ili\u011fiyle dokuyarak okuyucuya bir dil \u015f\u00f6leni ya\u015fat\u0131yor. Seyhan, ikinci kitab\u0131nda ilgi g\u00f6ren Kad\u0131nge \u00f6yk\u00fcs\u00fcyle -T\u00fcrk hik\u00e2yecili\u011finde bir ilk olan- \u2018belgesel \u00f6yk\u00fc\u2019 denilebilecek bir tarz\u0131 denemi\u015fti. Seyhan, bu kitapta, kitaba ad\u0131n\u0131 veren \u00f6yk\u00fcyle bu tarz\u0131 daha ileri bir noktaya ta\u015f\u0131yor. <\/p>\n","protected":false},"excerpt":{"rendered":"<p>Okurlar\u0131n y\u0131llar \u00f6nce Mavera\u2019dan tan\u0131d\u0131\u011f\u0131 Recep Seyhan, \u00fc\u00e7\u00fcnc\u00fc kitab\u0131yla hakiki olanla kurmaca olan\u0131n; var olanla hep bir yerlere giden aras\u0131ndaki elle tutulamayan\u0131n paradoksal ili\u015fkilerine imgesel, felsef\u00ee,<span class=\"excerpt-hellip\"> [\u2026]<\/span><\/p>\n","protected":false},"featured_media":0,"template":"","meta":{"_monsterinsights_skip_tracking":false,"_monsterinsights_sitenote_active":false,"_monsterinsights_sitenote_note":"","_monsterinsights_sitenote_category":0},"product_brand":[],"product_cat":[12291,12711],"product_tag":[],"class_list":{"0":"post-698862","1":"product","2":"type-product","3":"status-publish","5":"product_cat-edebiyat","6":"product_cat-roman-oyku","7":"pa_tur-kitap","8":"pa_yayinevi-bilge-kultur-sanat","9":"pa_yazar-recep-seyhan","11":"first","12":"instock","13":"sale","14":"shipping-taxable","15":"purchasable","16":"product-type-simple"},"_links":{"self":[{"href":"https:\/\/roveyayinevi.com.tr\/index.php\/wp-json\/wp\/v2\/product\/698862","targetHints":{"allow":["GET"]}}],"collection":[{"href":"https:\/\/roveyayinevi.com.tr\/index.php\/wp-json\/wp\/v2\/product"}],"about":[{"href":"https:\/\/roveyayinevi.com.tr\/index.php\/wp-json\/wp\/v2\/types\/product"}],"wp:attachment":[{"href":"https:\/\/roveyayinevi.com.tr\/index.php\/wp-json\/wp\/v2\/media?parent=698862"}],"wp:term":[{"taxonomy":"product_brand","embeddable":true,"href":"https:\/\/roveyayinevi.com.tr\/index.php\/wp-json\/wp\/v2\/product_brand?post=698862"},{"taxonomy":"product_cat","embeddable":true,"href":"https:\/\/roveyayinevi.com.tr\/index.php\/wp-json\/wp\/v2\/product_cat?post=698862"},{"taxonomy":"product_tag","embeddable":true,"href":"https:\/\/roveyayinevi.com.tr\/index.php\/wp-json\/wp\/v2\/product_tag?post=698862"}],"curies":[{"name":"wp","href":"https:\/\/api.w.org\/{rel}","templated":true}]}}