{"id":698860,"date":"2025-08-27T14:47:48","date_gmt":"2025-08-27T11:47:48","guid":{"rendered":"https:\/\/roveyayinevi.com.tr\/index.php\/urun\/bellegin-kis-uykusu\/"},"modified":"2026-04-16T02:08:19","modified_gmt":"2026-04-15T23:08:19","slug":"bellegin-kis-uykusu","status":"publish","type":"product","link":"https:\/\/roveyayinevi.com.tr\/index.php\/urun\/bellegin-kis-uykusu\/","title":{"rendered":"Belle\u011fin K\u0131\u015f Uykusu"},"content":{"rendered":"<p>M. o ak\u015fam\u00fcst\u00fc, g\u00f6\u011fs\u00fcndeki garip s\u0131z\u0131yla ge\u00e7mi\u015fi olmayan, an\u0131s\u0131z bir g\u00fcne uyand\u0131. Belle\u011fiyle g\u00f6zlerini a\u00e7t\u0131\u011f\u0131 an\u0131n aras\u0131na yerle\u015fmi\u015f, kendini bir varl\u0131k olarak kavramas\u0131na engel olan bir bo\u015flu\u011fun k\u0131y\u0131s\u0131ndayd\u0131. Nedenini bilmeden titriyordu: Saat alt\u0131yd\u0131; k\u00fc\u00e7\u00fck bir bavul, uyan\u0131r uyanmaz yolculu\u011fa \u00e7\u0131kacakm\u0131\u015f gibi ayaklar\u0131n\u0131n dibinde duruyordu.M. bir sabah, neden yapt\u0131\u011f\u0131n\u0131, nereye varaca\u011f\u0131n\u0131 bilmeden garip bir yolculu\u011fa \u00e7\u0131k\u0131yor. Trenin ritmik ve yeknesak g\u00fcr\u00fclt\u00fcs\u00fc i\u00e7inde M., b\u00f6l\u00fcm b\u00f6l\u00fcm ge\u00e7mi\u015fe gidiyor. Ya\u015famad\u0131\u011f\u0131m\u0131z, ya\u015fayamad\u0131\u011f\u0131m\u0131z ya da fark\u0131na varamad\u0131\u011f\u0131m\u0131z hayatlarla tan\u0131\u015f\u0131yor, \u00f6\u011freniyor, anlamaya \u00e7al\u0131\u015f\u0131yor. Bazen bir neden aramak sevgiyi \u00f6ld\u00fcr\u00fcr, bilmiyor&#8230;Hazz\u0131nipliklerini s\u00f6k\u00fcyor, \u015fa\u015f\u0131r\u0131yor, irkiliyor, i\u015ftahla sorguluyor. Bozguncular\u0131, gen\u00e7le\u015fen \u00f6l\u00fcleri, renkleri, melodileri, edebiyat \u00f6\u011fretmenlerini, Lerzan\u2019\u0131, belle\u011fini ar\u0131yor. Bellek yoksa ne su\u00e7 olur ne g\u00fcnah&#8230;Belle\u011fin K\u0131\u015f Uykusu, Mehmet Ero\u011flu evreninin benzemez ve ayr\u0131ks\u0131 roman\u0131.Hayat\u0131, sanat\u0131, edebiyat\u0131 ve \u00f6l\u00fcm\u00fc tart\u0131\u015fan fantastik bir yolculuk hik\u00e2yesi&#8230; \u201cKe\u015fke birlikte r\u00fcya g\u00f6rebilsek.<\/p>\n","protected":false},"excerpt":{"rendered":"<p>M. o ak\u015fam\u00fcst\u00fc, g\u00f6\u011fs\u00fcndeki garip s\u0131z\u0131yla ge\u00e7mi\u015fi olmayan, an\u0131s\u0131z bir g\u00fcne uyand\u0131. Belle\u011fiyle g\u00f6zlerini a\u00e7t\u0131\u011f\u0131 an\u0131n aras\u0131na yerle\u015fmi\u015f, kendini bir varl\u0131k olarak kavramas\u0131na engel olan bir<span class=\"excerpt-hellip\"> [\u2026]<\/span><\/p>\n","protected":false},"featured_media":0,"template":"","meta":{"_monsterinsights_skip_tracking":false,"_monsterinsights_sitenote_active":false,"_monsterinsights_sitenote_note":"","_monsterinsights_sitenote_category":0},"product_brand":[],"product_cat":[12291,12292],"product_tag":[],"class_list":{"0":"post-698860","1":"product","2":"type-product","3":"status-publish","5":"product_cat-edebiyat","6":"product_cat-turk-edebiyati","7":"pa_cilt-ciltsiz","8":"pa_tur-kitap","9":"pa_yayinevi-iletisim-yayinlari","10":"pa_yazar-mehmet-eroglu","12":"first","13":"instock","14":"sale","15":"shipping-taxable","16":"purchasable","17":"product-type-simple"},"_links":{"self":[{"href":"https:\/\/roveyayinevi.com.tr\/index.php\/wp-json\/wp\/v2\/product\/698860","targetHints":{"allow":["GET"]}}],"collection":[{"href":"https:\/\/roveyayinevi.com.tr\/index.php\/wp-json\/wp\/v2\/product"}],"about":[{"href":"https:\/\/roveyayinevi.com.tr\/index.php\/wp-json\/wp\/v2\/types\/product"}],"wp:attachment":[{"href":"https:\/\/roveyayinevi.com.tr\/index.php\/wp-json\/wp\/v2\/media?parent=698860"}],"wp:term":[{"taxonomy":"product_brand","embeddable":true,"href":"https:\/\/roveyayinevi.com.tr\/index.php\/wp-json\/wp\/v2\/product_brand?post=698860"},{"taxonomy":"product_cat","embeddable":true,"href":"https:\/\/roveyayinevi.com.tr\/index.php\/wp-json\/wp\/v2\/product_cat?post=698860"},{"taxonomy":"product_tag","embeddable":true,"href":"https:\/\/roveyayinevi.com.tr\/index.php\/wp-json\/wp\/v2\/product_tag?post=698860"}],"curies":[{"name":"wp","href":"https:\/\/api.w.org\/{rel}","templated":true}]}}