{"id":698859,"date":"2025-08-27T14:47:47","date_gmt":"2025-08-27T11:47:47","guid":{"rendered":"https:\/\/roveyayinevi.com.tr\/index.php\/urun\/gida-bagimsizligi\/"},"modified":"2026-04-16T02:08:19","modified_gmt":"2026-04-15T23:08:19","slug":"gida-bagimsizligi","status":"publish","type":"product","link":"https:\/\/roveyayinevi.com.tr\/index.php\/urun\/gida-bagimsizligi\/","title":{"rendered":"G\u0131da Ba\u011f\u0131ms\u0131zl\u0131\u011f\u0131"},"content":{"rendered":"<p>G\u0131dan\u0131n ticarile\u015fmesi art\u0131k g\u0131da g\u00fcvenli\u011fini tehdit ediyor. \u00d6zellikle g\u0131da ithalat\u0131 ba\u015fl\u0131 ba\u015f\u0131na \u00f6ncelikle \u00e7ift\u00e7iyi sonras\u0131nda t\u00fcketiciyi d\u00f6rt bir yan\u0131ndan \u00e7evirip sarmal\u0131yor. <\/p>\n","protected":false},"excerpt":{"rendered":"<p>G\u0131dan\u0131n ticarile\u015fmesi art\u0131k g\u0131da g\u00fcvenli\u011fini tehdit ediyor. \u00d6zellikle g\u0131da ithalat\u0131 ba\u015fl\u0131 ba\u015f\u0131na \u00f6ncelikle \u00e7ift\u00e7iyi sonras\u0131nda t\u00fcketiciyi d\u00f6rt bir yan\u0131ndan \u00e7evirip sarmal\u0131yor.<\/p>\n","protected":false},"featured_media":0,"template":"","meta":{"_monsterinsights_skip_tracking":false,"_monsterinsights_sitenote_active":false,"_monsterinsights_sitenote_note":"","_monsterinsights_sitenote_category":0},"product_brand":[],"product_cat":[23323,12364],"product_tag":[],"class_list":{"0":"post-698859","1":"product","2":"type-product","3":"status-publish","5":"product_cat-ekoloji","6":"product_cat-genel-konular","7":"pa_tur-kitap","8":"pa_yayinevi-yeni-insan-yayinlari","9":"pa_yazar-uwe-hoering","11":"first","12":"instock","13":"sale","14":"shipping-taxable","15":"purchasable","16":"product-type-simple"},"_links":{"self":[{"href":"https:\/\/roveyayinevi.com.tr\/index.php\/wp-json\/wp\/v2\/product\/698859","targetHints":{"allow":["GET"]}}],"collection":[{"href":"https:\/\/roveyayinevi.com.tr\/index.php\/wp-json\/wp\/v2\/product"}],"about":[{"href":"https:\/\/roveyayinevi.com.tr\/index.php\/wp-json\/wp\/v2\/types\/product"}],"wp:attachment":[{"href":"https:\/\/roveyayinevi.com.tr\/index.php\/wp-json\/wp\/v2\/media?parent=698859"}],"wp:term":[{"taxonomy":"product_brand","embeddable":true,"href":"https:\/\/roveyayinevi.com.tr\/index.php\/wp-json\/wp\/v2\/product_brand?post=698859"},{"taxonomy":"product_cat","embeddable":true,"href":"https:\/\/roveyayinevi.com.tr\/index.php\/wp-json\/wp\/v2\/product_cat?post=698859"},{"taxonomy":"product_tag","embeddable":true,"href":"https:\/\/roveyayinevi.com.tr\/index.php\/wp-json\/wp\/v2\/product_tag?post=698859"}],"curies":[{"name":"wp","href":"https:\/\/api.w.org\/{rel}","templated":true}]}}