{"id":698852,"date":"2025-08-27T14:47:45","date_gmt":"2025-08-27T11:47:45","guid":{"rendered":"https:\/\/roveyayinevi.com.tr\/index.php\/urun\/hapishanelere-esinti-yollayalim\/"},"modified":"2026-01-29T02:14:51","modified_gmt":"2026-01-28T23:14:51","slug":"hapishanelere-esinti-yollayalim","status":"publish","type":"product","link":"https:\/\/roveyayinevi.com.tr\/index.php\/urun\/hapishanelere-esinti-yollayalim\/","title":{"rendered":"Hapishanelere Esinti Yollayal\u0131m"},"content":{"rendered":"<p>&#8220;F Tipi\u2019ne ge\u00e7ildi\u011finden beri onlarca kitap yay\u0131nland\u0131 cezaevlerinden. \u015eiirler, \u00f6yk\u00fcler, romanlar, bilimsel ara\u015ft\u0131rmalar, siyasal de\u011ferlendirmeler\u2026 Ne tecrit dinlediler, ne tretman, ne s\u00fcrg\u00fcn. Kimse hayattan kopartamad\u0131 onlar\u0131. Son 15-16 y\u0131l\u0131 F tipi h\u00fccrelerde olmak \u00fczere, 25. Y\u0131l\u0131n\u0131 dolduranda var aralar\u0131nda, AKP ceberutlu\u011funun \u201cslogan att\u0131, halay \u00e7ekti, po\u015fu takt\u0131\u201d diye \u00f6rg\u00fct \u00fcyeli\u011finden i\u00e7eri att\u0131rd\u0131\u011f\u0131 genler de\u2026 Say\u0131lar\u0131 her ge\u00e7en g\u00fcn art\u0131yor. Beton duvarlar aras\u0131nda bulduklar\u0131 her \u00e7atlaktan hayata boy atan inat\u00e7\u0131, direngen \u00e7i\u00e7ekler\u2026 Bu kitapta onlar\u0131n seslerini duyacak, yazd\u0131klar\u0131n\u0131 okuyacak, \u00e7izdiklerine bakacaks\u0131n\u0131z. Umuyorum ki, okuduklar\u0131n\u0131z, g\u00f6rd\u00fckleriniz, duyduklar\u0131n\u0131z cezaevlerindeki dostlar\u0131m\u0131z\u0131 hayatlar\u0131m\u0131zdan silip atmaya, onlar\u0131 kesif bir unutulmu\u015fluk pusu i\u00e7erisinde erk etmeye y\u00f6nelik suskunluk duvar\u0131n\u0131 y\u0131kma karar\u0131na s\u00fcr\u00fckler sizi de\u2026 Siz de tutsak dostlara ses verenler, \u201chapishanelere bir esinti yollayanlar\u201d aras\u0131na kat\u0131l\u0131rs\u0131n\u0131z.\u201d S\u0130BEL \u00d6ZBUDUN <\/p>\n","protected":false},"excerpt":{"rendered":"<p>&#8220;F Tipi\u2019ne ge\u00e7ildi\u011finden beri onlarca kitap yay\u0131nland\u0131 cezaevlerinden. \u015eiirler, \u00f6yk\u00fcler, romanlar, bilimsel ara\u015ft\u0131rmalar, siyasal de\u011ferlendirmeler\u2026 Ne tecrit dinlediler, ne tretman, ne s\u00fcrg\u00fcn. Kimse hayattan kopartamad\u0131 onlar\u0131.<span class=\"excerpt-hellip\"> [\u2026]<\/span><\/p>\n","protected":false},"featured_media":0,"template":"","meta":{"_monsterinsights_skip_tracking":false,"_monsterinsights_sitenote_active":false,"_monsterinsights_sitenote_note":"","_monsterinsights_sitenote_category":0},"product_brand":[],"product_cat":[12777,12291],"product_tag":[],"class_list":{"0":"post-698852","1":"product","2":"type-product","3":"status-publish","5":"product_cat-deneme","6":"product_cat-edebiyat","7":"pa_cilt-ciltsiz","8":"pa_tur-kitap","9":"pa_yayinevi-utopya-yayinevi","10":"pa_yazar-adil-okay","12":"first","13":"instock","14":"sale","15":"shipping-taxable","16":"purchasable","17":"product-type-simple"},"_links":{"self":[{"href":"https:\/\/roveyayinevi.com.tr\/index.php\/wp-json\/wp\/v2\/product\/698852","targetHints":{"allow":["GET"]}}],"collection":[{"href":"https:\/\/roveyayinevi.com.tr\/index.php\/wp-json\/wp\/v2\/product"}],"about":[{"href":"https:\/\/roveyayinevi.com.tr\/index.php\/wp-json\/wp\/v2\/types\/product"}],"wp:attachment":[{"href":"https:\/\/roveyayinevi.com.tr\/index.php\/wp-json\/wp\/v2\/media?parent=698852"}],"wp:term":[{"taxonomy":"product_brand","embeddable":true,"href":"https:\/\/roveyayinevi.com.tr\/index.php\/wp-json\/wp\/v2\/product_brand?post=698852"},{"taxonomy":"product_cat","embeddable":true,"href":"https:\/\/roveyayinevi.com.tr\/index.php\/wp-json\/wp\/v2\/product_cat?post=698852"},{"taxonomy":"product_tag","embeddable":true,"href":"https:\/\/roveyayinevi.com.tr\/index.php\/wp-json\/wp\/v2\/product_tag?post=698852"}],"curies":[{"name":"wp","href":"https:\/\/api.w.org\/{rel}","templated":true}]}}